{"id":7085,"date":"2026-02-02T17:25:31","date_gmt":"2026-02-02T17:25:31","guid":{"rendered":"https:\/\/purewools.com\/?post_type=product&#038;p=7085"},"modified":"2026-02-02T19:48:01","modified_gmt":"2026-02-02T19:48:01","slug":"naturalios-vilnos-pledas-smelio-kopu-siluma-2","status":"publish","type":"product","link":"https:\/\/purewools.com\/en\/product\/naturalios-vilnos-pledas-smelio-kopu-siluma-2\/","title":{"rendered":"Nat\u016bralios vilnos pledas. SM\u0116LIO KOP\u0172 \u0160ILUMA"},"content":{"rendered":"<p data-start=\"216\" data-end=\"478\">Klasikinio dizaino sm\u0117lio spalvos vilnonis pledas \u2013 tai harmoningas nat\u016bralumo, jaukumo ir estetikos derinys. Subtilus \u201eeglut\u0117s\u201d ra\u0161tas suteikia audiniui gylio ir rafinuotos tekst\u016bros, tod\u0117l pledas tampa ne tik funkcionaliu, bet ir dekoratyviu interjero akcentu.<\/p>\n<p data-start=\"480\" data-end=\"703\">Pagamintas i\u0161 100% grynos vilnos, pledas puikiai \u0161ildo v\u0117siais vakarais, kartu leisdamas odai kv\u0117puoti ir palaikydamas komforti\u0161k\u0105 k\u016bno temperat\u016br\u0105. Audinys yra purios strukt\u016bros, mink\u0161tas ir itin malonus prisilietimui.<\/p>\n<p data-start=\"705\" data-end=\"887\">Klasikiniai \u0161vies\u016bs kutai suteikia pledui lengvumo, o universali sm\u0117lio spalva lengvai dera prie \u012fvairi\u0173 interjero sprendim\u0173 \u2013 nuo modernaus iki klasikinio ar skandinavi\u0161ko stiliaus.<\/p>\n<p>\u2013 Composition: 100% wool<\/p>\n<p>\u2013 Dydis: 140x200cm<\/p>\n<p>\u2013 Made in Lithuania<\/p>\n<p>*Please note that the actual color of the product may slightly differ from what you see in the photos due to lighting conditions during photography and variations in computer monitor or mobile screen settings.<\/p>","protected":false},"excerpt":{"rendered":"<p>Klasikinio dizaino sm\u0117lio spalvos vilnonis pledas \u2013 tai harmoningas nat\u016bralumo, jaukumo ir estetikos derinys. Subtilus \u201eeglut\u0117s\u201d ra\u0161tas suteikia audiniui gylio ir rafinuotos tekst\u016bros, tod\u0117l pledas tampa ne tik funkcionaliu, bet ir dekoratyviu interjero akcentu. Pagamintas i\u0161 100% grynos vilnos, pledas puikiai \u0161ildo v\u0117siais vakarais, kartu leisdamas odai kv\u0117puoti ir palaikydamas komforti\u0161k\u0105 k\u016bno temperat\u016br\u0105. Audinys yra [&hellip;]<\/p>","protected":false},"featured_media":7087,"comment_status":"open","ping_status":"closed","template":"","meta":[],"product_brand":[],"product_cat":[201,15,170],"product_tag":[],"class_list":{"0":"post-7085","1":"product","2":"type-product","3":"status-publish","4":"has-post-thumbnail","6":"product_cat-pledai-linas-namams","7":"product_cat-pledai","8":"product_cat-vilnos-pledai","10":"first","11":"instock","12":"shipping-taxable","13":"purchasable","14":"product-type-simple"},"aioseo_notices":[],"_links":{"self":[{"href":"https:\/\/purewools.com\/en\/wp-json\/wp\/v2\/product\/7085","targetHints":{"allow":["GET"]}}],"collection":[{"href":"https:\/\/purewools.com\/en\/wp-json\/wp\/v2\/product"}],"about":[{"href":"https:\/\/purewools.com\/en\/wp-json\/wp\/v2\/types\/product"}],"replies":[{"embeddable":true,"href":"https:\/\/purewools.com\/en\/wp-json\/wp\/v2\/comments?post=7085"}],"wp:featuredmedia":[{"embeddable":true,"href":"https:\/\/purewools.com\/en\/wp-json\/wp\/v2\/media\/7087"}],"wp:attachment":[{"href":"https:\/\/purewools.com\/en\/wp-json\/wp\/v2\/media?parent=7085"}],"wp:term":[{"taxonomy":"product_brand","embeddable":true,"href":"https:\/\/purewools.com\/en\/wp-json\/wp\/v2\/product_brand?post=7085"},{"taxonomy":"product_cat","embeddable":true,"href":"https:\/\/purewools.com\/en\/wp-json\/wp\/v2\/product_cat?post=7085"},{"taxonomy":"product_tag","embeddable":true,"href":"https:\/\/purewools.com\/en\/wp-json\/wp\/v2\/product_tag?post=7085"}],"curies":[{"name":"wp","href":"https:\/\/api.w.org\/{rel}","templated":true}]}}