{"id":7072,"date":"2026-02-02T14:59:27","date_gmt":"2026-02-02T14:59:27","guid":{"rendered":"https:\/\/purewools.com\/?post_type=product&#038;p=7072"},"modified":"2026-02-02T14:59:27","modified_gmt":"2026-02-02T14:59:27","slug":"naturalios-vilnos-pledas-melynas-serksnas","status":"publish","type":"product","link":"https:\/\/purewools.com\/en\/product\/naturalios-vilnos-pledas-melynas-serksnas\/","title":{"rendered":"Nat\u016bralios vilnos pledas. M\u0116LYNAS \u0160ERK\u0160NAS"},"content":{"rendered":"<p data-start=\"256\" data-end=\"531\">\u0160is m\u0117lynos spalvos vilnonis pledas i\u0161siskiria subtiliu \u012fstri\u017e\u0173 linij\u0173 pynimu, kuris suteikia audiniui gylio ir eleganti\u0161kos tekst\u016bros. Ramus m\u0117lynas atspalvis kuria jauki\u0105, harmoning\u0105 atmosfer\u0105 ir lengvai dera prie \u012fvairi\u0173 interjero sprendim\u0173 \u2013 nuo modernaus iki klasikinio.<\/p>\n<p data-start=\"533\" data-end=\"842\">Pagamintas i\u0161 100% nat\u016bralios vilnos, pledas puikiai \u0161ildo v\u0117siais vakarais ir kartu leid\u017eia odai kv\u0117puoti. Audinys yra purus, mink\u0161tas ir malonus prisilietimui \u2013 idealus apsigaubti ilsintis, skaitant knyg\u0105 ar m\u0117gaujantis ramiais rytais.<\/p>\n<p data-start=\"844\" data-end=\"985\">Tai ne tik prakti\u0161kas \u0161ilumos \u0161altinis, bet ir stilinga interjero detal\u0117 \u2013 gra\u017eiai atrodo permestas per sofos atlo\u0161\u0105 ar patiestas lovos gale.<\/p>\n<p data-start=\"844\" data-end=\"985\">\n<p data-start=\"844\" data-end=\"985\">\u2013 Composition: 100% wool<\/p>\n<div class=\"woocommerce-tabs wc-tabs-wrapper\">\n<div id=\"tab-description\" class=\"woocommerce-Tabs-panel woocommerce-Tabs-panel--description panel entry-content wc-tab\" role=\"tabpanel\" aria-labelledby=\"tab-title-description\">\n<div class=\"product-content\">\n<p>\u2013 Dydis: 140\u00d7200 cm<\/p>\n<p>\u2013 Made in Lithuania<\/p>\n<p>*Please note that the actual color of the product may slightly differ from what you see in the photos due to lighting conditions during photography and variations in computer monitor or mobile screen settings.<\/p>\n<\/div>\n<\/div>\n<\/div>","protected":false},"excerpt":{"rendered":"<p>\u0160is m\u0117lynos spalvos vilnonis pledas i\u0161siskiria subtiliu \u012fstri\u017e\u0173 linij\u0173 pynimu, kuris suteikia audiniui gylio ir eleganti\u0161kos tekst\u016bros. Ramus m\u0117lynas atspalvis kuria jauki\u0105, harmoning\u0105 atmosfer\u0105 ir lengvai dera prie \u012fvairi\u0173 interjero sprendim\u0173 \u2013 nuo modernaus iki klasikinio. Pagamintas i\u0161 100% nat\u016bralios vilnos, pledas puikiai \u0161ildo v\u0117siais vakarais ir kartu leid\u017eia odai kv\u0117puoti. Audinys yra purus, mink\u0161tas [&hellip;]<\/p>","protected":false},"featured_media":7074,"comment_status":"open","ping_status":"closed","template":"","meta":[],"product_brand":[],"product_cat":[201,15,170],"product_tag":[],"class_list":{"0":"post-7072","1":"product","2":"type-product","3":"status-publish","4":"has-post-thumbnail","6":"product_cat-pledai-linas-namams","7":"product_cat-pledai","8":"product_cat-vilnos-pledai","10":"first","11":"instock","12":"shipping-taxable","13":"purchasable","14":"product-type-simple"},"aioseo_notices":[],"_links":{"self":[{"href":"https:\/\/purewools.com\/en\/wp-json\/wp\/v2\/product\/7072","targetHints":{"allow":["GET"]}}],"collection":[{"href":"https:\/\/purewools.com\/en\/wp-json\/wp\/v2\/product"}],"about":[{"href":"https:\/\/purewools.com\/en\/wp-json\/wp\/v2\/types\/product"}],"replies":[{"embeddable":true,"href":"https:\/\/purewools.com\/en\/wp-json\/wp\/v2\/comments?post=7072"}],"wp:featuredmedia":[{"embeddable":true,"href":"https:\/\/purewools.com\/en\/wp-json\/wp\/v2\/media\/7074"}],"wp:attachment":[{"href":"https:\/\/purewools.com\/en\/wp-json\/wp\/v2\/media?parent=7072"}],"wp:term":[{"taxonomy":"product_brand","embeddable":true,"href":"https:\/\/purewools.com\/en\/wp-json\/wp\/v2\/product_brand?post=7072"},{"taxonomy":"product_cat","embeddable":true,"href":"https:\/\/purewools.com\/en\/wp-json\/wp\/v2\/product_cat?post=7072"},{"taxonomy":"product_tag","embeddable":true,"href":"https:\/\/purewools.com\/en\/wp-json\/wp\/v2\/product_tag?post=7072"}],"curies":[{"name":"wp","href":"https:\/\/api.w.org\/{rel}","templated":true}]}}