{"id":7020,"date":"2025-11-29T20:19:54","date_gmt":"2025-11-29T20:19:54","guid":{"rendered":"https:\/\/purewools.com\/?post_type=product&#038;p=7020"},"modified":"2025-11-29T20:24:33","modified_gmt":"2025-11-29T20:24:33","slug":"merino-vilnos-pledas-meskucio-sapnas-2","status":"publish","type":"product","link":"https:\/\/purewools.com\/en\/product\/merino-vilnos-pledas-meskucio-sapnas-2\/","title":{"rendered":"Merino vilnos pledas. ME\u0160KU\u010cIO SAPNAS 2"},"content":{"rendered":"<p data-start=\"155\" data-end=\"190\">Perfect warmth for little hearts.<\/p>\n<p data-start=\"192\" data-end=\"639\">Apgaubkite savo ma\u017eyl\u012f nat\u016bralia, jaukia \u0161iluma \u2013 \u0161is \u0161viesiai sm\u0117lin\u0117s spalvos merino vilnos pledas taps neatsiejama jo kasdienyb\u0117s dalimi. Merino vilna pasi\u017eymi i\u0161skirtin\u0117mis termoreguliacin\u0117mis savyb\u0117mis, tod\u0117l ma\u017eylis visada jausis komforti\u0161kai \u2013 tiek v\u0117siais \u017eiemos vakarais, tiek \u0161iltesn\u0117mis dienomis. Itin \u0161velni ir kv\u0117puojanti vilna puikiai tinka net pa\u010diai jautriausiai odai, tod\u0117l pled\u0105 dr\u0105siai galima naudoti nuo pirm\u0173j\u0173 gyvenimo dien\u0173.<\/p>\n<p data-start=\"641\" data-end=\"1009\">Pledas yra dvipusio dizaino \u2013 \u0161viesiai sm\u0117lin\u0117 pus\u0117 puo\u0161ta \u0161velniu me\u0161ku\u010dio ra\u0161tu, o kita pus\u0117 \u2013 atvirk\u0161tini\u0173 spalv\u0173 deriniu. Tokia nat\u016brali ir \u0161ilta spalv\u0173 palet\u0117 lengvai dera prie \u012fvairi\u0173 interjer\u0173 ir suteikia jaukumo bet kuriai erdvei. Me\u0161ku\u010dio motyvas ne tik \u017eaismingas, bet ir itin mielas \u2013 jis papuo\u0161 ma\u017eylio lovyt\u0119, ve\u017eim\u0117l\u012f ar taps \u0161velniu kasdienyb\u0117s akcentu.<\/p>\n<p data-start=\"1011\" data-end=\"1271\">Universalaus dyd\u017eio pledas puikiai tinka naudoti tiek namuose, tiek kelion\u0117se. Tai patikimas kasdienis palydovas, suteikiantis vaikui komforto ir saugumo poj\u016bt\u012f. Be to, tai nuostabi ir prasminga dovana k\u016bdikio gimimo, krik\u0161tyn\u0173 ar kitomis ypatingomis progomis.<\/p>\n<p data-start=\"1273\" data-end=\"1342\">Tai daugiau nei pledas \u2013 tai \u0161velnumo, meil\u0117s ir jaukumo apkabinimas.<\/p>\n<div class=\"woocommerce-tabs wc-tabs-wrapper\">\n<div id=\"tab-description\" class=\"woocommerce-Tabs-panel woocommerce-Tabs-panel--description panel entry-content wc-tab\" role=\"tabpanel\" aria-labelledby=\"tab-title-description\">\n<div class=\"product-content\">\n<p>\u2013 Composition: 100% merino wool<\/p>\n<p>\u2013 Dydis: 90\u00d7140 cm<\/p>\n<p>\u2013 Made in Lithuania<\/p>\n<p>*Please note that the actual color of the product may slightly differ from what you see in the photos due to lighting conditions during photography and variations in computer monitor or mobile screen settings.<\/p>\n<\/div>\n<\/div>\n<\/div>\n<section class=\"related products\"><\/section>","protected":false},"excerpt":{"rendered":"<p>Tobula \u0161iluma ma\u017eoms \u0161irdel\u0117ms. Apgaubkite savo ma\u017eyl\u012f nat\u016bralia, jaukia \u0161iluma \u2013 \u0161is \u0161viesiai sm\u0117lin\u0117s spalvos merino vilnos pledas taps neatsiejama jo kasdienyb\u0117s dalimi. Merino vilna pasi\u017eymi i\u0161skirtin\u0117mis termoreguliacin\u0117mis savyb\u0117mis, tod\u0117l ma\u017eylis visada jausis komforti\u0161kai \u2013 tiek v\u0117siais \u017eiemos vakarais, tiek \u0161iltesn\u0117mis dienomis. Itin \u0161velni ir kv\u0117puojanti vilna puikiai tinka net pa\u010diai jautriausiai odai, tod\u0117l pled\u0105 [&hellip;]<\/p>","protected":false},"featured_media":7021,"comment_status":"open","ping_status":"closed","template":"","meta":[],"product_brand":[],"product_cat":[169,153],"product_tag":[],"class_list":{"0":"post-7020","1":"product","2":"type-product","3":"status-publish","4":"has-post-thumbnail","6":"product_cat-merino-vilnos-pledai","7":"product_cat-vaikiski-pledai","9":"first","10":"instock","11":"shipping-taxable","12":"purchasable","13":"product-type-simple"},"aioseo_notices":[],"_links":{"self":[{"href":"https:\/\/purewools.com\/en\/wp-json\/wp\/v2\/product\/7020","targetHints":{"allow":["GET"]}}],"collection":[{"href":"https:\/\/purewools.com\/en\/wp-json\/wp\/v2\/product"}],"about":[{"href":"https:\/\/purewools.com\/en\/wp-json\/wp\/v2\/types\/product"}],"replies":[{"embeddable":true,"href":"https:\/\/purewools.com\/en\/wp-json\/wp\/v2\/comments?post=7020"}],"wp:featuredmedia":[{"embeddable":true,"href":"https:\/\/purewools.com\/en\/wp-json\/wp\/v2\/media\/7021"}],"wp:attachment":[{"href":"https:\/\/purewools.com\/en\/wp-json\/wp\/v2\/media?parent=7020"}],"wp:term":[{"taxonomy":"product_brand","embeddable":true,"href":"https:\/\/purewools.com\/en\/wp-json\/wp\/v2\/product_brand?post=7020"},{"taxonomy":"product_cat","embeddable":true,"href":"https:\/\/purewools.com\/en\/wp-json\/wp\/v2\/product_cat?post=7020"},{"taxonomy":"product_tag","embeddable":true,"href":"https:\/\/purewools.com\/en\/wp-json\/wp\/v2\/product_tag?post=7020"}],"curies":[{"name":"wp","href":"https:\/\/api.w.org\/{rel}","templated":true}]}}