{"id":7015,"date":"2025-11-20T12:14:47","date_gmt":"2025-11-20T12:14:47","guid":{"rendered":"https:\/\/purewools.com\/?post_type=product&#038;p=7015"},"modified":"2025-11-20T12:14:47","modified_gmt":"2025-11-20T12:14:47","slug":"dovanu-rinkinys-vaikams-siltukai-mazyliui","status":"publish","type":"product","link":"https:\/\/purewools.com\/en\/product\/dovanu-rinkinys-vaikams-siltukai-mazyliui\/","title":{"rendered":"Dovan\u0173 rinkinys vaikams. \u0160ILTUKAI MA\u017dYLIUI"},"content":{"rendered":"<p data-start=\"110\" data-end=\"278\">\u0160is dovan\u0173 rinkinys sukurtas ma\u017eylio \u0161ilumai ir komfortui u\u017etikrinti \u2014 nat\u016bral\u016bs vilnos gaminiai maloniai priglus ir su\u0161ildys net v\u0117siausiomis dienomis. Rinkin\u012f sudaro:<\/p>\n<p data-start=\"110\" data-end=\"278\"><strong data-start=\"283\" data-end=\"304\">Vilnon\u0117s \u0161lepet\u0117s<\/strong><br data-start=\"304\" data-end=\"307\" \/>Mink\u0161tos ir \u0161iltos pilkos spalvos \u0161lepet\u0117s dekoruotos \u017eaismingais baltais bei juodais vilnos rutuliukais. Jos yra lengvos, kv\u0117puojan\u010dios ir priglunda prie ma\u017eylio p\u0117du\u010di\u0173, u\u017etikrindamos patogum\u0105 bei nat\u016bral\u0173 \u0161ilumos poj\u016bt\u012f.<\/p>\n<p data-start=\"532\" data-end=\"764\"><strong data-start=\"535\" data-end=\"569\">Rank\u0173 darbo vilnon\u0117s kojin\u0117s<\/strong><br data-start=\"569\" data-end=\"572\" \/>Prie \u0161lepe\u010di\u0173 deran\u010dios pilkos spalvos rank\u0173 darbo vilnon\u0117s kojin\u0117s suteikia papildomos \u0161ilumos ir jaukumo. Jos puikiai tinka tiek kasdienai, tiek pasivaik\u0161\u010diojimams lauke.<\/p>\n<p data-start=\"766\" data-end=\"975\"><strong data-start=\"769\" data-end=\"796\">Nat\u016brali dovan\u0173 pakuot\u0117<\/strong><br data-start=\"796\" data-end=\"799\" \/>Rinkinys supakuotas \u012f d\u0117\u017eut\u0119 su langeliu, perri\u0161t\u0105 nat\u016bralia virvele ir papuo\u0161t\u0105 d\u017eiovintomis levandomis \u2014 pasiruo\u0161\u0119s b\u016bti \u012fteiktas kaip jauki, stilinga ir apgalvota dovana.<\/p>\n<p>\u2013 Composition: 100% wool<\/p>\n<p>\u2013 Dydis: \u0161lepet\u0117s 20\/21, kojin\u0117s 14 cm<\/p>\n<p>\u2013 Made in Lithuania<\/p>\n<p>*Please note that the actual color of the product may slightly differ from what you see in the photos due to lighting conditions during photography and variations in computer monitor or mobile screen settings.<\/p>","protected":false},"excerpt":{"rendered":"<p>\u0160is dovan\u0173 rinkinys sukurtas ma\u017eylio \u0161ilumai ir komfortui u\u017etikrinti \u2014 nat\u016bral\u016bs vilnos gaminiai maloniai priglus ir su\u0161ildys net v\u0117siausiomis dienomis. Rinkin\u012f sudaro: Vilnon\u0117s \u0161lepet\u0117sMink\u0161tos ir \u0161iltos pilkos spalvos \u0161lepet\u0117s dekoruotos \u017eaismingais baltais bei juodais vilnos rutuliukais. Jos yra lengvos, kv\u0117puojan\u010dios ir priglunda prie ma\u017eylio p\u0117du\u010di\u0173, u\u017etikrindamos patogum\u0105 bei nat\u016bral\u0173 \u0161ilumos poj\u016bt\u012f. Rank\u0173 darbo vilnon\u0117s kojin\u0117sPrie [&hellip;]<\/p>","protected":false},"featured_media":7018,"comment_status":"open","ping_status":"closed","template":"","meta":[],"product_brand":[],"product_cat":[198],"product_tag":[],"class_list":{"0":"post-7015","1":"product","2":"type-product","3":"status-publish","4":"has-post-thumbnail","6":"product_cat-dovanu-idejos","8":"first","9":"instock","10":"shipping-taxable","11":"purchasable","12":"product-type-simple"},"aioseo_notices":[],"_links":{"self":[{"href":"https:\/\/purewools.com\/en\/wp-json\/wp\/v2\/product\/7015","targetHints":{"allow":["GET"]}}],"collection":[{"href":"https:\/\/purewools.com\/en\/wp-json\/wp\/v2\/product"}],"about":[{"href":"https:\/\/purewools.com\/en\/wp-json\/wp\/v2\/types\/product"}],"replies":[{"embeddable":true,"href":"https:\/\/purewools.com\/en\/wp-json\/wp\/v2\/comments?post=7015"}],"wp:featuredmedia":[{"embeddable":true,"href":"https:\/\/purewools.com\/en\/wp-json\/wp\/v2\/media\/7018"}],"wp:attachment":[{"href":"https:\/\/purewools.com\/en\/wp-json\/wp\/v2\/media?parent=7015"}],"wp:term":[{"taxonomy":"product_brand","embeddable":true,"href":"https:\/\/purewools.com\/en\/wp-json\/wp\/v2\/product_brand?post=7015"},{"taxonomy":"product_cat","embeddable":true,"href":"https:\/\/purewools.com\/en\/wp-json\/wp\/v2\/product_cat?post=7015"},{"taxonomy":"product_tag","embeddable":true,"href":"https:\/\/purewools.com\/en\/wp-json\/wp\/v2\/product_tag?post=7015"}],"curies":[{"name":"wp","href":"https:\/\/api.w.org\/{rel}","templated":true}]}}