{"id":7012,"date":"2025-11-20T11:48:36","date_gmt":"2025-11-20T11:48:36","guid":{"rendered":"https:\/\/purewools.com\/?post_type=product&#038;p=7012"},"modified":"2025-11-20T11:50:04","modified_gmt":"2025-11-20T11:50:04","slug":"dovanu-rinkinys-vaikams-silti-apkabinimai","status":"publish","type":"product","link":"https:\/\/purewools.com\/en\/product\/dovanu-rinkinys-vaikams-silti-apkabinimai\/","title":{"rendered":"Dovan\u0173 rinkinys vaikams. \u0160ILTI APKABINIMAI"},"content":{"rendered":"<p data-start=\"130\" data-end=\"244\">\u0160is jaukus dovan\u0173 rinkinys sukurtas tam, kad ma\u017eyliui suteikt\u0173 \u0161ilum\u0105, komfort\u0105 ir saugumo jausm\u0105. Rinkin\u012f sudaro:<\/p>\n<p data-start=\"53\" data-end=\"105\"><strong data-start=\"53\" data-end=\"105\">Merino vilnos vaiki\u0161kas pledas su me\u0161ku\u010di\u0173 ra\u0161tu<\/strong><\/p>\n<p data-start=\"53\" data-end=\"105\">Ypa\u010d \u0161velnus ir kv\u0117puojantis merino vilnos pledas suteiks ma\u017eyliui \u0161ilum\u0105 bei komfort\u0105 visus metus. Nat\u016brali merino vilna palaiko optimali\u0105 k\u016bno temperat\u016br\u0105, tod\u0117l pledas puikiai tinka naudoti tiek namuose, tiek ve\u017eim\u0117lyje ar kelion\u0117se.<\/p>\n<p data-start=\"349\" data-end=\"621\">Pledas yra dvipusis: vienoje pus\u0117je \u2014 pilka spalva su baltais me\u0161ku\u010diais, kitoje \u2014 balta spalva su pilkais me\u0161ku\u010diais. Toks \u017eaismingas ir universaliai derantis dizainas leid\u017eia lengvai keisti nuotaik\u0105 bei pritaikyti pled\u0105 prie interjero ar vaiko ve\u017eim\u0117lio.<\/p>\n<p data-start=\"349\" data-end=\"621\">\u0160velnus me\u0161ku\u010di\u0173 ra\u0161tas suteikia jaukumo, o merino vilnos savyb\u0117s u\u017etikrina \u0161ilum\u0105 ir patogum\u0105 bet kuriuo met\u0173 laiku.<\/p>\n<p data-start=\"664\" data-end=\"828\"><strong data-start=\"667\" data-end=\"701\">Rank\u0173 darbo vilnon\u0117s kojin\u0117s<\/strong><br data-start=\"701\" data-end=\"704\" \/>Mink\u0161tos, \u0161iltos kojin\u0117s maloniai apgaubia ma\u017eylio p\u0117dutes ir suteikia papildomos \u0161ilumos v\u0117sesn\u0117mis dienomis.<\/p>\n<p data-start=\"830\" data-end=\"1041\"><strong data-start=\"833\" data-end=\"861\">Daili ekologi\u0161ka pakuot\u0117<\/strong><br data-start=\"861\" data-end=\"864\" \/>Rinkinys supakuotas \u012f tvirt\u0105 kartonin\u0119 d\u0117\u017eut\u0119 su langeliu, perri\u0161t\u0105 nat\u016bralia virvele ir papuo\u0161t\u0105 d\u017eiovintomis g\u0117l\u0117mis \u2014 puikus pasirinkimas dovanai be jokio papildomo pakavimo.<\/p>\n<div class=\"woocommerce-tabs wc-tabs-wrapper\">\n<div id=\"tab-description\" class=\"woocommerce-Tabs-panel woocommerce-Tabs-panel--description panel entry-content wc-tab\" role=\"tabpanel\" aria-labelledby=\"tab-title-description\">\n<div class=\"product-content\">\n<p>\u2013 Sud\u0117tis: 100% merino vilna pledo, 100% vilna kojini\u0173<\/p>\n<p>\u2013 Dydis: pledas 90&#215;140 cm, \u00a0kojin\u0117s 15 cm<\/p>\n<p>\u2013 Made in Lithuania<\/p>\n<p>*Please note that the actual color of the product may slightly differ from what you see in the photos due to lighting conditions during photography and variations in computer monitor or mobile screen settings.<\/p>\n<\/div>\n<\/div>\n<\/div>","protected":false},"excerpt":{"rendered":"<p>\u0160is jaukus dovan\u0173 rinkinys sukurtas tam, kad ma\u017eyliui suteikt\u0173 \u0161ilum\u0105, komfort\u0105 ir saugumo jausm\u0105. Rinkin\u012f sudaro: Merino vilnos vaiki\u0161kas pledas su me\u0161ku\u010di\u0173 ra\u0161tu Ypa\u010d \u0161velnus ir kv\u0117puojantis merino vilnos pledas suteiks ma\u017eyliui \u0161ilum\u0105 bei komfort\u0105 visus metus. Nat\u016brali merino vilna palaiko optimali\u0105 k\u016bno temperat\u016br\u0105, tod\u0117l pledas puikiai tinka naudoti tiek namuose, tiek ve\u017eim\u0117lyje ar kelion\u0117se. [&hellip;]<\/p>","protected":false},"featured_media":7013,"comment_status":"open","ping_status":"closed","template":"","meta":[],"product_brand":[],"product_cat":[198],"product_tag":[],"class_list":{"0":"post-7012","1":"product","2":"type-product","3":"status-publish","4":"has-post-thumbnail","6":"product_cat-dovanu-idejos","8":"first","9":"instock","10":"shipping-taxable","11":"purchasable","12":"product-type-simple"},"aioseo_notices":[],"_links":{"self":[{"href":"https:\/\/purewools.com\/en\/wp-json\/wp\/v2\/product\/7012","targetHints":{"allow":["GET"]}}],"collection":[{"href":"https:\/\/purewools.com\/en\/wp-json\/wp\/v2\/product"}],"about":[{"href":"https:\/\/purewools.com\/en\/wp-json\/wp\/v2\/types\/product"}],"replies":[{"embeddable":true,"href":"https:\/\/purewools.com\/en\/wp-json\/wp\/v2\/comments?post=7012"}],"wp:featuredmedia":[{"embeddable":true,"href":"https:\/\/purewools.com\/en\/wp-json\/wp\/v2\/media\/7013"}],"wp:attachment":[{"href":"https:\/\/purewools.com\/en\/wp-json\/wp\/v2\/media?parent=7012"}],"wp:term":[{"taxonomy":"product_brand","embeddable":true,"href":"https:\/\/purewools.com\/en\/wp-json\/wp\/v2\/product_brand?post=7012"},{"taxonomy":"product_cat","embeddable":true,"href":"https:\/\/purewools.com\/en\/wp-json\/wp\/v2\/product_cat?post=7012"},{"taxonomy":"product_tag","embeddable":true,"href":"https:\/\/purewools.com\/en\/wp-json\/wp\/v2\/product_tag?post=7012"}],"curies":[{"name":"wp","href":"https:\/\/api.w.org\/{rel}","templated":true}]}}