{"id":7007,"date":"2025-11-18T20:39:57","date_gmt":"2025-11-18T20:39:57","guid":{"rendered":"https:\/\/purewools.com\/?post_type=product&#038;p=7007"},"modified":"2025-11-18T20:43:20","modified_gmt":"2025-11-18T20:43:20","slug":"merino-vilnos-salikas-ziemos-siluma","status":"publish","type":"product","link":"https:\/\/purewools.com\/en\/product\/merino-vilnos-salikas-ziemos-siluma\/","title":{"rendered":"Merino vilnos \u0161alikas. \u017dIEMOS \u0160ILUMA"},"content":{"rendered":"<p>\u0160is auk\u0161tos kokyb\u0117s merino vilnos \u0161alikas sujungia nepriekai\u0161ting\u0105 \u0161ilum\u0105, lengvum\u0105 ir subtil\u0173 stili\u0173. \u0160velnus pilkos spalvos audinys, pasi\u017eymintis smulkiu eglut\u0117s ra\u0161tu, sukuria eleganti\u0161k\u0105 bei universaliai derinam\u0105 i\u0161vaizd\u0105, tinkam\u0105 tiek kasdieniam, tiek i\u0161skirtiniam \u012fvaizd\u017eiui. \u0160alikas itin malonus prie odos \u2013 merino vilna nesu\u017eadina diskomforto, nedirgina ir nat\u016braliai reguliuoja temperat\u016br\u0105, tod\u0117l j\u012f patogu d\u0117v\u0117ti \u012fvairiomis oro s\u0105lygomis. Galuose esantys tamsiai pilkos spalvos kutai suteikia \u0161alikui i\u0161baigtumo: jie prideda klasikinio lengvumo, ta\u010diau i\u0161laiko modern\u0173, subtil\u0173 charakter\u012f. D\u0117l savo mink\u0161tumo, \u0161velnaus kritimo ir eleganti\u0161kos spalvos \u0161is \u0161alikas tampa puikiu aksesuaru tiek prie palt\u0173, tiek prie lengvesn\u0117s aprangos, o jo minimalistinis dizainas leid\u017eia lengvai derinti su \u012fvairiais stiliais.<\/p>\n<div class=\"woocommerce-tabs wc-tabs-wrapper\">\n<div id=\"tab-description\" class=\"woocommerce-Tabs-panel woocommerce-Tabs-panel--description panel entry-content wc-tab\" role=\"tabpanel\" aria-labelledby=\"tab-title-description\">\n<div class=\"product-content\">\n<p>\u2013 Composition: 100% merino wool<\/p>\n<p>\u2013 Dydis: 30\u00d7189 cm<\/p>\n<p>\u2013 Made in Lithuania<\/p>\n<p>*Please note that the actual color of the product may slightly differ from what you see in the photos due to lighting conditions during photography and variations in computer monitor or mobile screen settings.<\/p>\n<\/div>\n<\/div>\n<\/div>","protected":false},"excerpt":{"rendered":"<p>\u0160is auk\u0161tos kokyb\u0117s merino vilnos \u0161alikas sujungia nepriekai\u0161ting\u0105 \u0161ilum\u0105, lengvum\u0105 ir subtil\u0173 stili\u0173. \u0160velnus pilkos spalvos audinys, pasi\u017eymintis smulkiu eglut\u0117s ra\u0161tu, sukuria eleganti\u0161k\u0105 bei universaliai derinam\u0105 i\u0161vaizd\u0105, tinkam\u0105 tiek kasdieniam, tiek i\u0161skirtiniam \u012fvaizd\u017eiui. \u0160alikas itin malonus prie odos \u2013 merino vilna nesu\u017eadina diskomforto, nedirgina ir nat\u016braliai reguliuoja temperat\u016br\u0105, tod\u0117l j\u012f patogu d\u0117v\u0117ti \u012fvairiomis oro s\u0105lygomis. [&hellip;]<\/p>","protected":false},"featured_media":7008,"comment_status":"open","ping_status":"closed","template":"","meta":[],"product_brand":[],"product_cat":[187,188],"product_tag":[],"class_list":{"0":"post-7007","1":"product","2":"type-product","3":"status-publish","4":"has-post-thumbnail","6":"product_cat-aksesuarai","7":"product_cat-salikai","9":"first","10":"instock","11":"shipping-taxable","12":"purchasable","13":"product-type-simple"},"aioseo_notices":[],"_links":{"self":[{"href":"https:\/\/purewools.com\/en\/wp-json\/wp\/v2\/product\/7007","targetHints":{"allow":["GET"]}}],"collection":[{"href":"https:\/\/purewools.com\/en\/wp-json\/wp\/v2\/product"}],"about":[{"href":"https:\/\/purewools.com\/en\/wp-json\/wp\/v2\/types\/product"}],"replies":[{"embeddable":true,"href":"https:\/\/purewools.com\/en\/wp-json\/wp\/v2\/comments?post=7007"}],"wp:featuredmedia":[{"embeddable":true,"href":"https:\/\/purewools.com\/en\/wp-json\/wp\/v2\/media\/7008"}],"wp:attachment":[{"href":"https:\/\/purewools.com\/en\/wp-json\/wp\/v2\/media?parent=7007"}],"wp:term":[{"taxonomy":"product_brand","embeddable":true,"href":"https:\/\/purewools.com\/en\/wp-json\/wp\/v2\/product_brand?post=7007"},{"taxonomy":"product_cat","embeddable":true,"href":"https:\/\/purewools.com\/en\/wp-json\/wp\/v2\/product_cat?post=7007"},{"taxonomy":"product_tag","embeddable":true,"href":"https:\/\/purewools.com\/en\/wp-json\/wp\/v2\/product_tag?post=7007"}],"curies":[{"name":"wp","href":"https:\/\/api.w.org\/{rel}","templated":true}]}}