{"id":7003,"date":"2025-11-18T09:23:45","date_gmt":"2025-11-18T09:23:45","guid":{"rendered":"https:\/\/purewools.com\/?post_type=product&#038;p=7003"},"modified":"2025-11-18T19:44:58","modified_gmt":"2025-11-18T19:44:58","slug":"merino-vilnos-salikas-juodoji-elegancija","status":"publish","type":"product","link":"https:\/\/purewools.com\/en\/product\/merino-vilnos-salikas-juodoji-elegancija\/","title":{"rendered":"Merino vilnos \u0161alikas. JUODOJI ELEGANCIJA"},"content":{"rendered":"<div class=\"woocommerce-tabs wc-tabs-wrapper\">\n<div id=\"tab-description\" class=\"woocommerce-Tabs-panel woocommerce-Tabs-panel--description panel entry-content wc-tab\" role=\"tabpanel\" aria-labelledby=\"tab-title-description\">\n<div class=\"product-content\">\n<p data-start=\"147\" data-end=\"494\">Stilingas ir i\u0161skirtinis merino vilnos \u0161alikas \u2013 tai \u0161velnumo, \u0161ilumos ir nat\u016bralaus komforto derinys. Pagamintas i\u0161 auk\u0161tos kokyb\u0117s merino vilnos, jis maloniai priglunda prie odos, jos nedirgina ir suteikia jaukumo net jautresniam veidui. Lengvas, mink\u0161tas, ta\u010diau puikiai \u0161ildantis \u2013 idealus pasirinkimas tiek kasdienai, tiek ypatingoms progoms.<\/p>\n<p data-start=\"496\" data-end=\"810\">\u0160alikas pasi\u017eymi juodai pilka spalva, kuri lengvai derinama prie \u012fvairi\u0173 aprangos stili\u0173. Audinio pavir\u0161iuje matomas subtilus eglut\u0117s (herringbone) ra\u0161tas, suteikiantis jam rafinuotumo ir prabangos poj\u016bt\u012f. Apa\u010dioje esantys tvarkingi, dail\u016bs kutai \u012fne\u0161a lengvumo ir \u017eaismingumo.<\/p>\n<p data-start=\"496\" data-end=\"810\">Tai aksesuaras, kuris ne tik \u0161ildo, bet ir suteikia j\u016bs\u0173 \u012fvaizd\u017eiui elegancijos, i\u0161skirtinumo ir taps nepakei\u010diama garderobo dalimi.<\/p>\n<p>\u2013 Composition: 100% merino wool<\/p>\n<p>\u2013 Dydis: 30\u00d7198 cm + kutai<\/p>\n<p>\u2013 Made in Lithuania<\/p>\n<p>*Please note that the actual color of the product may slightly differ from what you see in the photos due to lighting conditions during photography and variations in computer monitor or mobile screen settings.<\/p>\n<\/div>\n<\/div>\n<\/div>","protected":false},"excerpt":{"rendered":"<p>Stilingas ir i\u0161skirtinis merino vilnos \u0161alikas \u2013 tai \u0161velnumo, \u0161ilumos ir nat\u016bralaus komforto derinys. Pagamintas i\u0161 auk\u0161tos kokyb\u0117s merino vilnos, jis maloniai priglunda prie odos, jos nedirgina ir suteikia jaukumo net jautresniam veidui. Lengvas, mink\u0161tas, ta\u010diau puikiai \u0161ildantis \u2013 idealus pasirinkimas tiek kasdienai, tiek ypatingoms progoms. \u0160alikas pasi\u017eymi juodai pilka spalva, kuri lengvai derinama prie [&hellip;]<\/p>","protected":false},"featured_media":7006,"comment_status":"open","ping_status":"closed","template":"","meta":[],"product_brand":[],"product_cat":[187,188],"product_tag":[],"class_list":{"0":"post-7003","1":"product","2":"type-product","3":"status-publish","4":"has-post-thumbnail","6":"product_cat-aksesuarai","7":"product_cat-salikai","9":"first","10":"instock","11":"shipping-taxable","12":"purchasable","13":"product-type-simple"},"aioseo_notices":[],"_links":{"self":[{"href":"https:\/\/purewools.com\/en\/wp-json\/wp\/v2\/product\/7003","targetHints":{"allow":["GET"]}}],"collection":[{"href":"https:\/\/purewools.com\/en\/wp-json\/wp\/v2\/product"}],"about":[{"href":"https:\/\/purewools.com\/en\/wp-json\/wp\/v2\/types\/product"}],"replies":[{"embeddable":true,"href":"https:\/\/purewools.com\/en\/wp-json\/wp\/v2\/comments?post=7003"}],"wp:featuredmedia":[{"embeddable":true,"href":"https:\/\/purewools.com\/en\/wp-json\/wp\/v2\/media\/7006"}],"wp:attachment":[{"href":"https:\/\/purewools.com\/en\/wp-json\/wp\/v2\/media?parent=7003"}],"wp:term":[{"taxonomy":"product_brand","embeddable":true,"href":"https:\/\/purewools.com\/en\/wp-json\/wp\/v2\/product_brand?post=7003"},{"taxonomy":"product_cat","embeddable":true,"href":"https:\/\/purewools.com\/en\/wp-json\/wp\/v2\/product_cat?post=7003"},{"taxonomy":"product_tag","embeddable":true,"href":"https:\/\/purewools.com\/en\/wp-json\/wp\/v2\/product_tag?post=7003"}],"curies":[{"name":"wp","href":"https:\/\/api.w.org\/{rel}","templated":true}]}}