{"id":6965,"date":"2025-09-23T10:24:05","date_gmt":"2025-09-23T10:24:05","guid":{"rendered":"https:\/\/purewools.com\/?post_type=product&#038;p=6965"},"modified":"2025-09-23T17:23:10","modified_gmt":"2025-09-23T17:23:10","slug":"vaikiskos-vilnones-kojines-sidabro-pukas","status":"publish","type":"product","link":"https:\/\/purewools.com\/en\/product\/vaikiskos-vilnones-kojines-sidabro-pukas\/","title":{"rendered":"Children\u2019s wool socks SIDABRO P\u016aKAS"},"content":{"rendered":"<p>These soft, hand-knitted wool socks bring natural warmth and coziness. Made from light grey wool that is gentle on the skin, they are perfect for keeping little feet protected from the cold.<\/p>\n<p>At the top, a delicate pattern adds charm and authenticity. These socks not only keep little feet warm but also make a lovely handmade gift, radiating naturalness and care.<\/p>\n<div class=\"woocommerce-tabs wc-tabs-wrapper\">\n<div id=\"tab-description\" class=\"woocommerce-Tabs-panel woocommerce-Tabs-panel--description panel entry-content wc-tab\" role=\"tabpanel\" aria-labelledby=\"tab-title-description\">\n<div class=\"product-content\">\n<p>\u2013 Composition: 100% wool<\/p>\n<p>\u2013 Size: 14 cm<\/p>\n<p>\u2013 Handmade in Lithuania<\/p>\n<div class=\"woocommerce-tabs wc-tabs-wrapper\"><\/div>\n<\/div>\n<\/div>\n<\/div>","protected":false},"excerpt":{"rendered":"<p>Tai \u0161velnios, rankomis megztos vilnon\u0117s kojin\u0117s, kurios suteikia nat\u016bralios \u0161ilumos ir jaukumo. Jos pagamintos i\u0161 \u0161viesiai pilkos vilnos, malonios odai, tad puikiai tiks ma\u017eoms kojyt\u0117ms saugoti nuo \u0161al\u010dio. Vir\u0161utin\u0117je dalyje \u2013 subtilus ra\u0161tas, suteikiantis \u017eavesio ir autenti\u0161kumo. Kojinyt\u0117s ne tik \u0161ildo, bet ir tampa miela rank\u0173 darbo dovana, spinduliuojan\u010dia nat\u016bralum\u0105. \u2013 Gaminio sud\u0117tis: 100% vilna [&hellip;]<\/p>","protected":false},"featured_media":6966,"comment_status":"open","ping_status":"closed","template":"","meta":[],"product_brand":[],"product_cat":[187,190,195],"product_tag":[],"class_list":{"0":"post-6965","1":"product","2":"type-product","3":"status-publish","4":"has-post-thumbnail","6":"product_cat-aksesuarai","7":"product_cat-kojines","8":"product_cat-vaikiskos-kojines","10":"first","11":"instock","12":"shipping-taxable","13":"purchasable","14":"product-type-simple"},"aioseo_notices":[],"_links":{"self":[{"href":"https:\/\/purewools.com\/en\/wp-json\/wp\/v2\/product\/6965","targetHints":{"allow":["GET"]}}],"collection":[{"href":"https:\/\/purewools.com\/en\/wp-json\/wp\/v2\/product"}],"about":[{"href":"https:\/\/purewools.com\/en\/wp-json\/wp\/v2\/types\/product"}],"replies":[{"embeddable":true,"href":"https:\/\/purewools.com\/en\/wp-json\/wp\/v2\/comments?post=6965"}],"wp:featuredmedia":[{"embeddable":true,"href":"https:\/\/purewools.com\/en\/wp-json\/wp\/v2\/media\/6966"}],"wp:attachment":[{"href":"https:\/\/purewools.com\/en\/wp-json\/wp\/v2\/media?parent=6965"}],"wp:term":[{"taxonomy":"product_brand","embeddable":true,"href":"https:\/\/purewools.com\/en\/wp-json\/wp\/v2\/product_brand?post=6965"},{"taxonomy":"product_cat","embeddable":true,"href":"https:\/\/purewools.com\/en\/wp-json\/wp\/v2\/product_cat?post=6965"},{"taxonomy":"product_tag","embeddable":true,"href":"https:\/\/purewools.com\/en\/wp-json\/wp\/v2\/product_tag?post=6965"}],"curies":[{"name":"wp","href":"https:\/\/api.w.org\/{rel}","templated":true}]}}