{"id":6957,"date":"2025-09-23T04:59:38","date_gmt":"2025-09-23T04:59:38","guid":{"rendered":"https:\/\/purewools.com\/?post_type=product&#038;p=6957"},"modified":"2026-02-02T13:57:03","modified_gmt":"2026-02-02T13:57:03","slug":"vaikiskos-vilnones-kojines-angeliuko-pedutes","status":"publish","type":"product","link":"https:\/\/purewools.com\/en\/product\/vaikiskos-vilnones-kojines-angeliuko-pedutes\/","title":{"rendered":"Children\u2019s wool socks ANGELIUKO P\u0116DUT\u0116S"},"content":{"rendered":"<div class=\"woocommerce-tabs wc-tabs-wrapper\">\n<div id=\"tab-description\" class=\"woocommerce-Tabs-panel woocommerce-Tabs-panel--description panel entry-content wc-tab\" role=\"tabpanel\" aria-labelledby=\"tab-title-description\">\n<div class=\"product-content\">\n<p>\u0160ios \u0161velniai baltos, rankomis megztos kojin\u0117s \u2013 tai jaukumo ir nat\u016bralumo derinys. Megztos i\u0161 nat\u016bralios vilnos, jos \u0161ildo ir leid\u017eia kojoms kv\u0117puoti, tod\u0117l puikiai tinka v\u0117siems vakarams ar pasivaik\u0161\u010diojimams gryname ore.<\/p>\n<p>Kojinyt\u0117s dekoruotos subtiliu ra\u0161tu, suteikian\u010diu joms lengvumo ir i\u0161skirtinumo. Mink\u0161tos, malonios odai.<\/p>\n<p>Tinka: \u2022 kasdieniam ne\u0161iojimui namuose,<\/p>\n<p>\u2022 dovanai artimam \u017emogui,<\/p>\n<p>\u2022 fotosesijoms ar ypatingoms progoms.<\/p>\n<p>\u2013 Composition: 100% wool<\/p>\n<p>\u2013 Dydis: 13,5cm<\/p>\n<p>\u2013 Handmade in Lithuania<\/p>\n<div class=\"woocommerce-tabs wc-tabs-wrapper\"><\/div>\n<\/div>\n<\/div>\n<\/div>","protected":false},"excerpt":{"rendered":"<p>\u0160ios \u0161velniai baltos, rankomis megztos kojin\u0117s \u2013 tai jaukumo ir nat\u016bralumo derinys. Megztos i\u0161 nat\u016bralios vilnos, jos \u0161ildo ir leid\u017eia kojoms kv\u0117puoti, tod\u0117l puikiai tinka v\u0117siems vakarams ar pasivaik\u0161\u010diojimams gryname ore. Kojinyt\u0117s dekoruotos subtiliu ra\u0161tu, suteikian\u010diu joms lengvumo ir i\u0161skirtinumo. Mink\u0161tos, malonios odai. Tinka: \u2022 kasdieniam ne\u0161iojimui namuose, \u2022 dovanai artimam \u017emogui, \u2022 fotosesijoms ar [&hellip;]<\/p>","protected":false},"featured_media":6960,"comment_status":"open","ping_status":"closed","template":"","meta":[],"product_brand":[],"product_cat":[187,190,195],"product_tag":[],"class_list":{"0":"post-6957","1":"product","2":"type-product","3":"status-publish","4":"has-post-thumbnail","6":"product_cat-aksesuarai","7":"product_cat-kojines","8":"product_cat-vaikiskos-kojines","10":"first","11":"instock","12":"shipping-taxable","13":"purchasable","14":"product-type-simple"},"aioseo_notices":[],"_links":{"self":[{"href":"https:\/\/purewools.com\/en\/wp-json\/wp\/v2\/product\/6957","targetHints":{"allow":["GET"]}}],"collection":[{"href":"https:\/\/purewools.com\/en\/wp-json\/wp\/v2\/product"}],"about":[{"href":"https:\/\/purewools.com\/en\/wp-json\/wp\/v2\/types\/product"}],"replies":[{"embeddable":true,"href":"https:\/\/purewools.com\/en\/wp-json\/wp\/v2\/comments?post=6957"}],"wp:featuredmedia":[{"embeddable":true,"href":"https:\/\/purewools.com\/en\/wp-json\/wp\/v2\/media\/6960"}],"wp:attachment":[{"href":"https:\/\/purewools.com\/en\/wp-json\/wp\/v2\/media?parent=6957"}],"wp:term":[{"taxonomy":"product_brand","embeddable":true,"href":"https:\/\/purewools.com\/en\/wp-json\/wp\/v2\/product_brand?post=6957"},{"taxonomy":"product_cat","embeddable":true,"href":"https:\/\/purewools.com\/en\/wp-json\/wp\/v2\/product_cat?post=6957"},{"taxonomy":"product_tag","embeddable":true,"href":"https:\/\/purewools.com\/en\/wp-json\/wp\/v2\/product_tag?post=6957"}],"curies":[{"name":"wp","href":"https:\/\/api.w.org\/{rel}","templated":true}]}}