{"id":6946,"date":"2025-09-21T10:46:46","date_gmt":"2025-09-21T10:46:46","guid":{"rendered":"https:\/\/purewools.com\/?post_type=product&#038;p=6946"},"modified":"2025-09-23T17:10:19","modified_gmt":"2025-09-23T17:10:19","slug":"vaikiskos-vilnones-kojines-vilneles","status":"publish","type":"product","link":"https:\/\/purewools.com\/en\/product\/vaikiskos-vilnones-kojines-vilneles\/","title":{"rendered":"Children\u2019s wool socks VILNEL\u0116S"},"content":{"rendered":"<p data-start=\"0\" data-end=\"293\">These children\u2019s socks are hand-knitted from 100% natural wool, providing excellent protection against the cold, while allowing the skin to breathe and maintaining an optimal temperature. Soft, gentle, and wonderfully cozy, they will keep little feet warm and comfortable both at home and outdoors on cooler days.<\/p>\n<p data-start=\"295\" data-end=\"513\">The soft grey shade and subtle pattern give these socks a timeless simplicity and natural charm. More than just a practical clothing accessory, they are also a sweet gift for a child \u2013 symbolizing warmth, care, and authenticity.<\/p>\n<div class=\"woocommerce-tabs wc-tabs-wrapper\">\n<div id=\"tab-description\" class=\"woocommerce-Tabs-panel woocommerce-Tabs-panel--description panel entry-content wc-tab\" role=\"tabpanel\" aria-labelledby=\"tab-title-description\">\n<div class=\"product-content\">\n<p>\u2013 Composition: 100% wool<\/p>\n<p>\u2013 Dydis: 13,5 cm<\/p>\n<p>\u2013 Handmade in Lithuania<\/p>\n<div class=\"woocommerce-tabs wc-tabs-wrapper\"><\/div>\n<\/div>\n<\/div>\n<\/div>","protected":false},"excerpt":{"rendered":"<p>\u0160ios vaiki\u0161kos kojin\u0117s\u00a0 yra rankomis megztos i\u0161 100% nat\u016bralios vilnos, tod\u0117l puikiai saugo nuo \u0161al\u010dio, leid\u017eia odai kv\u0117puoti ir palaiko optimali\u0105 temperat\u016br\u0105. Mink\u0161tos, \u0161velnios ir itin jaukios, jos suteiks ma\u017eoms kojyt\u0117ms \u0161ilumos bei komforto tiek namuose, tiek lauke v\u0117sesn\u0117mis dienomis. Pilkos spalvos atspalvis ir subtilus ra\u0161tas suteikia kojinyt\u0117ms klasikinio paprastumo bei nat\u016bralumo. Tai \u2013 ne [&hellip;]<\/p>","protected":false},"featured_media":6947,"comment_status":"open","ping_status":"closed","template":"","meta":[],"product_brand":[],"product_cat":[187,190,195],"product_tag":[],"class_list":{"0":"post-6946","1":"product","2":"type-product","3":"status-publish","4":"has-post-thumbnail","6":"product_cat-aksesuarai","7":"product_cat-kojines","8":"product_cat-vaikiskos-kojines","10":"first","11":"instock","12":"shipping-taxable","13":"purchasable","14":"product-type-simple"},"aioseo_notices":[],"_links":{"self":[{"href":"https:\/\/purewools.com\/en\/wp-json\/wp\/v2\/product\/6946","targetHints":{"allow":["GET"]}}],"collection":[{"href":"https:\/\/purewools.com\/en\/wp-json\/wp\/v2\/product"}],"about":[{"href":"https:\/\/purewools.com\/en\/wp-json\/wp\/v2\/types\/product"}],"replies":[{"embeddable":true,"href":"https:\/\/purewools.com\/en\/wp-json\/wp\/v2\/comments?post=6946"}],"wp:featuredmedia":[{"embeddable":true,"href":"https:\/\/purewools.com\/en\/wp-json\/wp\/v2\/media\/6947"}],"wp:attachment":[{"href":"https:\/\/purewools.com\/en\/wp-json\/wp\/v2\/media?parent=6946"}],"wp:term":[{"taxonomy":"product_brand","embeddable":true,"href":"https:\/\/purewools.com\/en\/wp-json\/wp\/v2\/product_brand?post=6946"},{"taxonomy":"product_cat","embeddable":true,"href":"https:\/\/purewools.com\/en\/wp-json\/wp\/v2\/product_cat?post=6946"},{"taxonomy":"product_tag","embeddable":true,"href":"https:\/\/purewools.com\/en\/wp-json\/wp\/v2\/product_tag?post=6946"}],"curies":[{"name":"wp","href":"https:\/\/api.w.org\/{rel}","templated":true}]}}