{"id":6911,"date":"2025-09-14T18:59:13","date_gmt":"2025-09-14T18:59:13","guid":{"rendered":"https:\/\/purewools.com\/?post_type=product&#038;p=6911"},"modified":"2025-09-14T20:49:45","modified_gmt":"2025-09-14T20:49:45","slug":"linine-suknele-su-dirzeliu-juodas-perlas","status":"publish","type":"product","link":"https:\/\/purewools.com\/en\/product\/linine-suknele-su-dirzeliu-juodas-perlas\/","title":{"rendered":"Linin\u0117 suknel\u0117 su dir\u017eeliu. JUODAS PERLAS"},"content":{"rendered":"<p>\u0160i linin\u0117 suknel\u0117 \u2013 nat\u016bralumo, patogumo, elegancijos derinys, tinkantis kasdienai ir ypatingomis progomis. Pagaminta i\u0161 100 % nat\u016bralaus lino, ji yra lengva, pralaidi orui ir maloni odai, tod\u0117l puikiai tiks \u0161iltomis vasaros dienomis, o v\u0117sesniu oru dera su megztiniu ar \u0161varkeliu.<\/p>\n<p>Tiesaus silueto suknel\u0117 su reguliuojamu dir\u017eeliu leid\u017eia pary\u0161kinti liemen\u012f pagal j\u016bs\u0173 nor\u0105 \u2013 suri\u0161ti j\u012f priekyje, gale arba \u0161onuose. \u0160i detal\u0117 suteikia universalumo ir padeda kiekvien\u0105 kart\u0105 kurti vis kitok\u012f \u012fvaizd\u012f.<\/p>\n<p>Minimalistinis dizainas, nat\u016bralus audinys ir subtilus siluetas suteikia \u0161iai suknelei i\u0161liekamosios vert\u0117s. Ji dera prie kasdieni\u0173 aksesuar\u0173, ta\u010diau pasirinkus papuo\u0161alus ar eleganti\u0161k\u0105 avalyn\u0119 tampa puikiu pasirinkimu \u0161ventei.<\/p>\n<p>&nbsp;<\/p>\n<p>\u2013 Composition: 100% linen<\/p>\n<p>\u2013 Dydis: XS, S, M, L, XL<\/p>\n<p>\u2013 Made in Lithuania<\/p>\n<p>*Please note that the actual color of the product may slightly differ from what you see in the photos due to lighting conditions during photography and variations in computer monitor or mobile screen settings.<\/p>\n<p>&nbsp;<\/p>","protected":false},"excerpt":{"rendered":"<p>\u0160i linin\u0117 suknel\u0117 \u2013 nat\u016bralumo, patogumo, elegancijos derinys, tinkantis kasdienai ir ypatingomis progomis. Pagaminta i\u0161 100 % nat\u016bralaus lino, ji yra lengva, pralaidi orui ir maloni odai, tod\u0117l puikiai tiks \u0161iltomis vasaros dienomis, o v\u0117sesniu oru dera su megztiniu ar \u0161varkeliu. Tiesaus silueto suknel\u0117 su reguliuojamu dir\u017eeliu leid\u017eia pary\u0161kinti liemen\u012f pagal j\u016bs\u0173 nor\u0105 \u2013 suri\u0161ti [&hellip;]<\/p>","protected":false},"featured_media":6919,"comment_status":"open","ping_status":"closed","template":"","meta":[],"product_brand":[],"product_cat":[178,186,155],"product_tag":[],"class_list":{"0":"post-6911","1":"product","2":"type-product","3":"status-publish","4":"has-post-thumbnail","6":"product_cat-apranga-moterims","7":"product_cat-sukneles","8":"product_cat-lino-gaminiai","10":"first","11":"instock","12":"shipping-taxable","13":"purchasable","14":"product-type-simple"},"aioseo_notices":[],"_links":{"self":[{"href":"https:\/\/purewools.com\/en\/wp-json\/wp\/v2\/product\/6911","targetHints":{"allow":["GET"]}}],"collection":[{"href":"https:\/\/purewools.com\/en\/wp-json\/wp\/v2\/product"}],"about":[{"href":"https:\/\/purewools.com\/en\/wp-json\/wp\/v2\/types\/product"}],"replies":[{"embeddable":true,"href":"https:\/\/purewools.com\/en\/wp-json\/wp\/v2\/comments?post=6911"}],"wp:featuredmedia":[{"embeddable":true,"href":"https:\/\/purewools.com\/en\/wp-json\/wp\/v2\/media\/6919"}],"wp:attachment":[{"href":"https:\/\/purewools.com\/en\/wp-json\/wp\/v2\/media?parent=6911"}],"wp:term":[{"taxonomy":"product_brand","embeddable":true,"href":"https:\/\/purewools.com\/en\/wp-json\/wp\/v2\/product_brand?post=6911"},{"taxonomy":"product_cat","embeddable":true,"href":"https:\/\/purewools.com\/en\/wp-json\/wp\/v2\/product_cat?post=6911"},{"taxonomy":"product_tag","embeddable":true,"href":"https:\/\/purewools.com\/en\/wp-json\/wp\/v2\/product_tag?post=6911"}],"curies":[{"name":"wp","href":"https:\/\/api.w.org\/{rel}","templated":true}]}}