{"id":6744,"date":"2025-08-31T15:43:34","date_gmt":"2025-08-31T15:43:34","guid":{"rendered":"https:\/\/purewools.com\/?post_type=product&#038;p=6744"},"modified":"2025-11-29T20:07:11","modified_gmt":"2025-11-29T20:07:11","slug":"vaikiskas-medvilninis-pledukas-vasaros-lengvumas","status":"publish","type":"product","link":"https:\/\/purewools.com\/en\/product\/vaikiskas-medvilninis-pledukas-vasaros-lengvumas\/","title":{"rendered":"Vaiki\u0161kas medvilninis pledas. VASAROS LENGVUMAS"},"content":{"rendered":"<p>Soft and cozy.<\/p>\n<p>Lightweight and breathable, this openwork cotton baby blanket is a perfect choice for warm summer days. The airy knit pattern allows for excellent airflow, keeping your baby cool, while the soft cotton gently wraps the skin, providing comfort and coziness.<\/p>\n<p>\u2013 Composition: 100% cotton<\/p>\n<p>\u2013 Size: 70 \u00d7 100 cm<\/p>\n<p>\u2013 Made in Lithuania<\/p>\n<p>*Please note that the actual color of the product may slightly differ from what you see in the photos due to lighting conditions during photography and variations in computer monitor or mobile screen settings.<\/p>","protected":false},"excerpt":{"rendered":"<p>Mink\u0161tas ir jaukus. Lengvas ir kv\u0117puojantis a\u017e\u016brinis medvilninis pledukas &#8211; tobulas pasirinkimas \u0161iltoms vasaros dienoms. Jo a\u017e\u016brinis ra\u0161tas leid\u017eia orui cirkuliuoti, tod\u0117l k\u016bdikis nesukaista, o mik\u0161ta medviln\u0117 \u0161velniai priglunda prie odos, suteikdama jaukumo ir komforto. \u2013 Sud\u0117tis: 100% medviln\u0117 \u2013 Dydis: 70&#215;100 cm \u2013 Pagaminta Lietuvoje *Atkreipkite d\u0117mes\u012f, jog prek\u0117s spalva gali \u0161iek tiek skirtis [&hellip;]<\/p>","protected":false},"featured_media":6749,"comment_status":"open","ping_status":"closed","template":"","meta":[],"product_brand":[],"product_cat":[15,167,153],"product_tag":[],"class_list":{"0":"post-6744","1":"product","2":"type-product","3":"status-publish","4":"has-post-thumbnail","6":"product_cat-pledai","7":"product_cat-medvilnes-pledai","8":"product_cat-vaikiski-pledai","10":"first","11":"instock","12":"shipping-taxable","13":"purchasable","14":"product-type-simple"},"aioseo_notices":[],"_links":{"self":[{"href":"https:\/\/purewools.com\/en\/wp-json\/wp\/v2\/product\/6744","targetHints":{"allow":["GET"]}}],"collection":[{"href":"https:\/\/purewools.com\/en\/wp-json\/wp\/v2\/product"}],"about":[{"href":"https:\/\/purewools.com\/en\/wp-json\/wp\/v2\/types\/product"}],"replies":[{"embeddable":true,"href":"https:\/\/purewools.com\/en\/wp-json\/wp\/v2\/comments?post=6744"}],"wp:featuredmedia":[{"embeddable":true,"href":"https:\/\/purewools.com\/en\/wp-json\/wp\/v2\/media\/6749"}],"wp:attachment":[{"href":"https:\/\/purewools.com\/en\/wp-json\/wp\/v2\/media?parent=6744"}],"wp:term":[{"taxonomy":"product_brand","embeddable":true,"href":"https:\/\/purewools.com\/en\/wp-json\/wp\/v2\/product_brand?post=6744"},{"taxonomy":"product_cat","embeddable":true,"href":"https:\/\/purewools.com\/en\/wp-json\/wp\/v2\/product_cat?post=6744"},{"taxonomy":"product_tag","embeddable":true,"href":"https:\/\/purewools.com\/en\/wp-json\/wp\/v2\/product_tag?post=6744"}],"curies":[{"name":"wp","href":"https:\/\/api.w.org\/{rel}","templated":true}]}}