{"id":6727,"date":"2025-08-31T15:38:25","date_gmt":"2025-08-31T15:38:25","guid":{"rendered":"https:\/\/purewools.com\/?post_type=product&#038;p=6727"},"modified":"2025-11-29T20:28:54","modified_gmt":"2025-11-29T20:28:54","slug":"merino-vilnos-pledukas-meskucio-sapnas","status":"publish","type":"product","link":"https:\/\/purewools.com\/en\/product\/merino-vilnos-pledukas-meskucio-sapnas\/","title":{"rendered":"Merino vilnos pledas. ME\u0160KU\u010cIO SAPNAS"},"content":{"rendered":"<p>Perfect warmth for little hearts.<\/p>\n<p data-start=\"263\" data-end=\"585\">Apgaubkite savo ma\u017eyl\u012f nat\u016bralia \u0161iluma \u2013 \u0161is merino vilnos pledas taps neatsiejama jo kasdienyb\u0117s dalimi. Termoreguliacin\u0117s savyb\u0117s pasir\u016bpins, kad ma\u017eylis jaust\u0173si jaukiai ir patogiai tiek \u017eiem\u0105, tiek vasar\u0105. Itin \u0161velni vilna puikiai tinka net jautriausiai odai, tod\u0117l pledas tinka nuo pirm\u0173j\u0173 gyvenimo dien\u0173.<\/p>\n<p data-start=\"587\" data-end=\"919\">Pledas yra dvipusio dizaino \u2013 viena pus\u0117 balta su pilkais me\u0161ku\u010diais, kita pus\u0117 pilka su baltais me\u0161ku\u010diais. Tokia spalv\u0173 derm\u0117 suteikia galimyb\u0119 priderinti pled\u0105 prie skirtingos aplinkos ar nuotaikos. Me\u0161ku\u010di\u0173 ra\u0161tas suteikia \u017eaismingumo, jaukumo ir stiliaus \u2013 jis ne tik \u0161ildys, bet ir papuo\u0161 ma\u017eylio lovyt\u0119 ar ve\u017eim\u0117l\u012f.<\/p>\n<p data-start=\"921\" data-end=\"1100\">Universalaus dyd\u017eio pledas lengvai pritaikomas tiek namuose, tiek kelion\u0117je. Tai puikus pasirinkimas kasdienai, bet kartu ir ypatinga dovana k\u016bdikio gimimo ar krik\u0161tyn\u0173 proga.<\/p>\n<p data-start=\"1102\" data-end=\"1175\">Tai daugiau nei pledas \u2013 tai \u0161velnumo, meil\u0117s ir \u0161ilumos apkabinimas.<\/p>\n<p>\u2013 Composition: 100% merino wool<\/p>\n<p>\u2013 Size: 90 \u00d7 140 cm<\/p>\n<p>\u2013 Made in Lithuania<\/p>\n<p>*Please note that the actual color of the product may slightly differ from what you see in the photos due to lighting conditions during photography and variations in computer monitor or mobile screen settings.<\/p>","protected":false},"excerpt":{"rendered":"<p>Tobula \u0161iluma ma\u017eoms \u0161irdel\u0117ms. Apgaubkite savo ma\u017eyl\u012f nat\u016bralia \u0161iluma \u2013 \u0161is merino vilnos pledas taps neatsiejama jo kasdienyb\u0117s dalimi. Termoreguliacin\u0117s savyb\u0117s pasir\u016bpins, kad ma\u017eylis jaust\u0173si jaukiai ir patogiai tiek \u017eiem\u0105, tiek vasar\u0105. Itin \u0161velni vilna puikiai tinka net jautriausiai odai, tod\u0117l pledas tinka nuo pirm\u0173j\u0173 gyvenimo dien\u0173. Pledas yra dvipusio dizaino \u2013 viena pus\u0117 balta [&hellip;]<\/p>","protected":false},"featured_media":6856,"comment_status":"open","ping_status":"closed","template":"","meta":[],"product_brand":[],"product_cat":[15,169,153],"product_tag":[],"class_list":{"0":"post-6727","1":"product","2":"type-product","3":"status-publish","4":"has-post-thumbnail","6":"product_cat-pledai","7":"product_cat-merino-vilnos-pledai","8":"product_cat-vaikiski-pledai","10":"first","11":"instock","12":"shipping-taxable","13":"purchasable","14":"product-type-simple"},"aioseo_notices":[],"_links":{"self":[{"href":"https:\/\/purewools.com\/en\/wp-json\/wp\/v2\/product\/6727","targetHints":{"allow":["GET"]}}],"collection":[{"href":"https:\/\/purewools.com\/en\/wp-json\/wp\/v2\/product"}],"about":[{"href":"https:\/\/purewools.com\/en\/wp-json\/wp\/v2\/types\/product"}],"replies":[{"embeddable":true,"href":"https:\/\/purewools.com\/en\/wp-json\/wp\/v2\/comments?post=6727"}],"wp:featuredmedia":[{"embeddable":true,"href":"https:\/\/purewools.com\/en\/wp-json\/wp\/v2\/media\/6856"}],"wp:attachment":[{"href":"https:\/\/purewools.com\/en\/wp-json\/wp\/v2\/media?parent=6727"}],"wp:term":[{"taxonomy":"product_brand","embeddable":true,"href":"https:\/\/purewools.com\/en\/wp-json\/wp\/v2\/product_brand?post=6727"},{"taxonomy":"product_cat","embeddable":true,"href":"https:\/\/purewools.com\/en\/wp-json\/wp\/v2\/product_cat?post=6727"},{"taxonomy":"product_tag","embeddable":true,"href":"https:\/\/purewools.com\/en\/wp-json\/wp\/v2\/product_tag?post=6727"}],"curies":[{"name":"wp","href":"https:\/\/api.w.org\/{rel}","templated":true}]}}