{"id":6725,"date":"2025-08-31T15:38:24","date_gmt":"2025-08-31T15:38:24","guid":{"rendered":"https:\/\/purewools.com\/?post_type=product&#038;p=6725"},"modified":"2025-09-13T11:09:55","modified_gmt":"2025-09-13T11:09:55","slug":"eriuko-ir-kasmyro-vilnos-vaikiskas-pledas-svelnumo-debeselis","status":"publish","type":"product","link":"https:\/\/purewools.com\/en\/product\/eriuko-ir-kasmyro-vilnos-vaikiskas-pledas-svelnumo-debeselis\/","title":{"rendered":"Lambswool &amp; Cashmere baby blanket. CLOUD OF SOFTNESS"},"content":{"rendered":"<p>Exceptionally soft baby blanket<\/p>\n<p>This ultra-soft and gentle lambswool and cashmere baby blanket in a warm sand shade is a perfect choice for newborns. Its double-sided design allows you to choose the most suitable look: one side is sand-colored, while the other is a soft white. Carefully finished edges with a decorative trim add extra charm and refinement.<\/p>\n<p>Stylish yet practical, this blanket will keep your little one cozy and warm both at home and during strolls. Thanks to its softness and lightness, it\u2019s ideal for use in strollers or cribs.<\/p>\n<p>More than just a blanket, it\u2019s a wonderful gift for a newborn \u2013 creating a cozy environment while becoming a cherished keepsake for years to come. Choose quality, comfort, and softness from your baby\u2019s very first days.<\/p>\n<p>\u2013 Composition: 90% lambswool, 10% cashmere wool<\/p>\n<p>\u2013 Size: 75 \u00d7 115 cm<\/p>\n<p>\u2013 Made in Lithuania<\/p>\n<p>*Please note that the actual color of the product may slightly differ from what you see in the photos due to lighting conditions during photography and variations in computer monitor or mobile screen settings.<\/p>","protected":false},"excerpt":{"rendered":"<p>Ypatingai \u0161velni vaiki\u0161ka antklod\u0117. \u0160is itin \u0161velnus ir mink\u0161tas sm\u0117lio spalvos \u0117riuko ir ka\u0161myro vilnos vaiki\u0161kas pledukas &#8211; puikus pasirinkimas naujagimiams. Jo dvipusis dizainas leid\u017eia pasirinkti tinkamiausi\u0105 pus\u0119: viena pus\u0117 yra sm\u0117lio spalvos, o kita &#8211; \u0161velniai balta. Krup\u0161\u010diai apipavidalinti kra\u0161tai su dekoratyvine juostele suteikia pledukui dar daugiau \u017eavesio. Tai stilingas ir prakti\u0161kas pledukas, kuris [&hellip;]<\/p>","protected":false},"featured_media":6738,"comment_status":"open","ping_status":"closed","template":"","meta":[],"product_brand":[],"product_cat":[15,153],"product_tag":[],"class_list":{"0":"post-6725","1":"product","2":"type-product","3":"status-publish","4":"has-post-thumbnail","6":"product_cat-pledai","7":"product_cat-vaikiski-pledai","9":"first","10":"instock","11":"shipping-taxable","12":"purchasable","13":"product-type-simple"},"aioseo_notices":[],"_links":{"self":[{"href":"https:\/\/purewools.com\/en\/wp-json\/wp\/v2\/product\/6725","targetHints":{"allow":["GET"]}}],"collection":[{"href":"https:\/\/purewools.com\/en\/wp-json\/wp\/v2\/product"}],"about":[{"href":"https:\/\/purewools.com\/en\/wp-json\/wp\/v2\/types\/product"}],"replies":[{"embeddable":true,"href":"https:\/\/purewools.com\/en\/wp-json\/wp\/v2\/comments?post=6725"}],"wp:featuredmedia":[{"embeddable":true,"href":"https:\/\/purewools.com\/en\/wp-json\/wp\/v2\/media\/6738"}],"wp:attachment":[{"href":"https:\/\/purewools.com\/en\/wp-json\/wp\/v2\/media?parent=6725"}],"wp:term":[{"taxonomy":"product_brand","embeddable":true,"href":"https:\/\/purewools.com\/en\/wp-json\/wp\/v2\/product_brand?post=6725"},{"taxonomy":"product_cat","embeddable":true,"href":"https:\/\/purewools.com\/en\/wp-json\/wp\/v2\/product_cat?post=6725"},{"taxonomy":"product_tag","embeddable":true,"href":"https:\/\/purewools.com\/en\/wp-json\/wp\/v2\/product_tag?post=6725"}],"curies":[{"name":"wp","href":"https:\/\/api.w.org\/{rel}","templated":true}]}}