{"id":6722,"date":"2025-08-31T15:38:23","date_gmt":"2025-08-31T15:38:23","guid":{"rendered":"https:\/\/purewools.com\/?post_type=product&#038;p=6722"},"modified":"2025-09-14T17:44:17","modified_gmt":"2025-09-14T17:44:17","slug":"naturalios-vilnos-pledas-zigzagas","status":"publish","type":"product","link":"https:\/\/purewools.com\/en\/product\/naturalios-vilnos-pledas-zigzagas\/","title":{"rendered":"Nat\u016bralios vilnos pledas. ZIGZAGAS"},"content":{"rendered":"<p data-start=\"224\" data-end=\"505\">Pilkas vilnos pledas su subtiliu zigzago ra\u0161tu ir kutais \u2013 tai klasika, kuri dera prie \u012fvairi\u0173 interjer\u0173. Pagamintas i\u0161 100% nat\u016bralios vilnos, jis yra mink\u0161tas, \u0161iltas ir patvarus. Pilkos spalvos tonai suteikia ramyb\u0117s, o zigzago ra\u0161tas prideda i\u0161skirtinumo bei elegancijos.<\/p>\n<p data-start=\"507\" data-end=\"774\">\u0160is pledas sukurtas jaukumui \u2013 juo malonu apsigaubti v\u0117siu rudens ar \u017eiemos vakaru, pasiimti \u012f kelion\u0119 ar naudoti kaip stiling\u0105 lovos ar sofos u\u017etiesal\u0105. Nat\u016brali vilna pasi\u017eymi \u0161ilumos reguliavimo savyb\u0117mis, tod\u0117l pledas \u0161ildo, bet kartu leid\u017eia odai kv\u0117puoti.<\/p>\n<p>\u2013 Composition: 100% wool<\/p>\n<p>\u2013 Size: 130 \u00d7 170 cm<\/p>\n<p>\u2013 Made in Lithuania<\/p>\n<p>*Please note that the actual color of the product may slightly differ from what you see in the photos due to lighting conditions during photography and variations in computer monitor or mobile screen settings.<\/p>","protected":false},"excerpt":{"rendered":"<p>Pilkas vilnos pledas su subtiliu zigzago ra\u0161tu ir kutais \u2013 tai klasika, kuri dera prie \u012fvairi\u0173 interjer\u0173. Pagamintas i\u0161 100% nat\u016bralios vilnos, jis yra mink\u0161tas, \u0161iltas ir patvarus. Pilkos spalvos tonai suteikia ramyb\u0117s, o zigzago ra\u0161tas prideda i\u0161skirtinumo bei elegancijos. \u0160is pledas sukurtas jaukumui \u2013 juo malonu apsigaubti v\u0117siu rudens ar \u017eiemos vakaru, pasiimti \u012f [&hellip;]<\/p>","protected":false},"featured_media":6899,"comment_status":"open","ping_status":"closed","template":"","meta":[],"product_brand":[],"product_cat":[15,170],"product_tag":[],"class_list":{"0":"post-6722","1":"product","2":"type-product","3":"status-publish","4":"has-post-thumbnail","6":"product_cat-pledai","7":"product_cat-vilnos-pledai","9":"first","10":"instock","11":"shipping-taxable","12":"purchasable","13":"product-type-simple"},"aioseo_notices":[],"_links":{"self":[{"href":"https:\/\/purewools.com\/en\/wp-json\/wp\/v2\/product\/6722","targetHints":{"allow":["GET"]}}],"collection":[{"href":"https:\/\/purewools.com\/en\/wp-json\/wp\/v2\/product"}],"about":[{"href":"https:\/\/purewools.com\/en\/wp-json\/wp\/v2\/types\/product"}],"replies":[{"embeddable":true,"href":"https:\/\/purewools.com\/en\/wp-json\/wp\/v2\/comments?post=6722"}],"wp:featuredmedia":[{"embeddable":true,"href":"https:\/\/purewools.com\/en\/wp-json\/wp\/v2\/media\/6899"}],"wp:attachment":[{"href":"https:\/\/purewools.com\/en\/wp-json\/wp\/v2\/media?parent=6722"}],"wp:term":[{"taxonomy":"product_brand","embeddable":true,"href":"https:\/\/purewools.com\/en\/wp-json\/wp\/v2\/product_brand?post=6722"},{"taxonomy":"product_cat","embeddable":true,"href":"https:\/\/purewools.com\/en\/wp-json\/wp\/v2\/product_cat?post=6722"},{"taxonomy":"product_tag","embeddable":true,"href":"https:\/\/purewools.com\/en\/wp-json\/wp\/v2\/product_tag?post=6722"}],"curies":[{"name":"wp","href":"https:\/\/api.w.org\/{rel}","templated":true}]}}