{"id":6672,"date":"2025-08-31T15:25:52","date_gmt":"2025-08-31T15:25:52","guid":{"rendered":"https:\/\/purewools.com\/?post_type=product&#038;p=6672"},"modified":"2025-08-31T15:30:11","modified_gmt":"2025-08-31T15:30:11","slug":"naturalios-vilnos-pledas-ziemos-siluma","status":"publish","type":"product","link":"https:\/\/purewools.com\/en\/product\/naturalios-vilnos-pledas-ziemos-siluma\/","title":{"rendered":"Natural wool blanket. WINTER WARMTH"},"content":{"rendered":"<p>This 100% wool blanket is crafted from high-quality sheep\u2019s wool that is soft, cozy, and warm.\nIt features a classic white pattern, giving it an elegant and refined look.<\/p>\n<p>\u2013 Composition: 100% wool<\/p>\n<p>\u2013 Size: 140 \u00d7 200 cm<\/p>\n<p>\u2013 Made in Lithuania<\/p>\n<p>*Please note that the actual color of the product may slightly differ from what you see in the photos due to lighting conditions during photography and variations in computer monitor or mobile screen settings.<\/p>","protected":false},"excerpt":{"rendered":"<p>\u0160is 100% vilnonis pledas yra pagamintas i\u0161 auk\u0161tos kokyb\u0117s avi\u0173 vilnos, kuri yra mink\u0161ta, jauki ir \u0161ilta. Pledas pasi\u017eymi klasikiniu baltos spalvos ra\u0161tu, kuris suteikia jam eleganti\u0161k\u0105 ir rafinuot\u0105 i\u0161vaizd\u0105. \u2013 Sud\u0117tis: 100% vilna \u2013 Dydis: 140&#215;200 cm \u2013 Pagaminta Lietuvoje *Atkreipkite d\u0117mes\u012f, jog prek\u0117s spalva gali \u0161iek tiek skirtis nuo matom\u0173 nuotraukoje, d\u0117l produkto [&hellip;]<\/p>","protected":false},"featured_media":6690,"comment_status":"open","ping_status":"closed","template":"","meta":[],"product_brand":[],"product_cat":[15,170],"product_tag":[],"class_list":{"0":"post-6672","1":"product","2":"type-product","3":"status-publish","4":"has-post-thumbnail","6":"product_cat-pledai","7":"product_cat-vilnos-pledai","9":"first","10":"instock","11":"shipping-taxable","12":"purchasable","13":"product-type-simple"},"aioseo_notices":[],"_links":{"self":[{"href":"https:\/\/purewools.com\/en\/wp-json\/wp\/v2\/product\/6672","targetHints":{"allow":["GET"]}}],"collection":[{"href":"https:\/\/purewools.com\/en\/wp-json\/wp\/v2\/product"}],"about":[{"href":"https:\/\/purewools.com\/en\/wp-json\/wp\/v2\/types\/product"}],"replies":[{"embeddable":true,"href":"https:\/\/purewools.com\/en\/wp-json\/wp\/v2\/comments?post=6672"}],"wp:featuredmedia":[{"embeddable":true,"href":"https:\/\/purewools.com\/en\/wp-json\/wp\/v2\/media\/6690"}],"wp:attachment":[{"href":"https:\/\/purewools.com\/en\/wp-json\/wp\/v2\/media?parent=6672"}],"wp:term":[{"taxonomy":"product_brand","embeddable":true,"href":"https:\/\/purewools.com\/en\/wp-json\/wp\/v2\/product_brand?post=6672"},{"taxonomy":"product_cat","embeddable":true,"href":"https:\/\/purewools.com\/en\/wp-json\/wp\/v2\/product_cat?post=6672"},{"taxonomy":"product_tag","embeddable":true,"href":"https:\/\/purewools.com\/en\/wp-json\/wp\/v2\/product_tag?post=6672"}],"curies":[{"name":"wp","href":"https:\/\/api.w.org\/{rel}","templated":true}]}}