{"id":6634,"date":"2025-08-31T15:15:21","date_gmt":"2025-08-31T15:15:21","guid":{"rendered":"https:\/\/purewools.com\/?post_type=product&#038;p=6634"},"modified":"2026-01-14T17:54:36","modified_gmt":"2026-01-14T17:54:36","slug":"naturalios-vilnos-pledas-terakota","status":"publish","type":"product","link":"https:\/\/purewools.com\/en\/product\/naturalios-vilnos-pledas-terakota\/","title":{"rendered":"Natural wool blanket. TERRACOTTA"},"content":{"rendered":"<p>This exclusive natural wool blanket in terracotta color is elegant, soft, and warm.\nIt is woven in a fine pattern where terracotta and white threads are subtly combined to create a refined and cozy look.\nThe edges are adorned with long, soft fringes that add even more elegance and a perfectly finished touch.<\/p>\n<p>\u2013 Composition: 100% wool<\/p>\n<p>\u2013 Size: 140 \u00d7 200 cm<\/p>\n<p>\u2013 Made in EU<\/p>\n<p>*Please note that the actual color of the product may slightly differ from what you see in the photos due to lighting conditions during photography and variations in computer monitor or mobile screen settings.<\/p>","protected":false},"excerpt":{"rendered":"<p>\u0160is i\u0161skirtinis nat\u016bralios vilnos pledas terakotos spalvos yra eleganti\u0161kas, mink\u0161tas ir \u0161iltas. Pledas yra austas smulkiu ra\u0161tu, kuriame subtiliai dera terakotos ir baltos spalvos si\u016blai, sukurian\u010dios rafinuot\u0105 ir jauki\u0105 i\u0161vaizd\u0105. Kra\u0161tus puo\u0161ia ilgi, \u0161veln\u016bs kutai, kurie prideda pledui dar daugiau elegancijos ir i\u0161baigtumo. \u2013 Sud\u0117tis: 100% vilna \u2013 Dydis: 140&#215;200 cm \u2013 Pagaminta EU *Atkreipkite [&hellip;]<\/p>","protected":false},"featured_media":6677,"comment_status":"open","ping_status":"closed","template":"","meta":[],"product_brand":[],"product_cat":[15,170],"product_tag":[],"class_list":{"0":"post-6634","1":"product","2":"type-product","3":"status-publish","4":"has-post-thumbnail","6":"product_cat-pledai","7":"product_cat-vilnos-pledai","9":"first","10":"outofstock","11":"shipping-taxable","12":"purchasable","13":"product-type-simple"},"aioseo_notices":[],"_links":{"self":[{"href":"https:\/\/purewools.com\/en\/wp-json\/wp\/v2\/product\/6634","targetHints":{"allow":["GET"]}}],"collection":[{"href":"https:\/\/purewools.com\/en\/wp-json\/wp\/v2\/product"}],"about":[{"href":"https:\/\/purewools.com\/en\/wp-json\/wp\/v2\/types\/product"}],"replies":[{"embeddable":true,"href":"https:\/\/purewools.com\/en\/wp-json\/wp\/v2\/comments?post=6634"}],"wp:featuredmedia":[{"embeddable":true,"href":"https:\/\/purewools.com\/en\/wp-json\/wp\/v2\/media\/6677"}],"wp:attachment":[{"href":"https:\/\/purewools.com\/en\/wp-json\/wp\/v2\/media?parent=6634"}],"wp:term":[{"taxonomy":"product_brand","embeddable":true,"href":"https:\/\/purewools.com\/en\/wp-json\/wp\/v2\/product_brand?post=6634"},{"taxonomy":"product_cat","embeddable":true,"href":"https:\/\/purewools.com\/en\/wp-json\/wp\/v2\/product_cat?post=6634"},{"taxonomy":"product_tag","embeddable":true,"href":"https:\/\/purewools.com\/en\/wp-json\/wp\/v2\/product_tag?post=6634"}],"curies":[{"name":"wp","href":"https:\/\/api.w.org\/{rel}","templated":true}]}}