{"id":6632,"date":"2025-08-31T15:15:20","date_gmt":"2025-08-31T15:15:20","guid":{"rendered":"https:\/\/purewools.com\/?post_type=product&#038;p=6632"},"modified":"2025-08-31T15:17:56","modified_gmt":"2025-08-31T15:17:56","slug":"naturalios-vilnos-pledas-senoji-giria","status":"publish","type":"product","link":"https:\/\/purewools.com\/en\/product\/naturalios-vilnos-pledas-senoji-giria\/","title":{"rendered":"Natural wool blanket. ANCIENT FOREST"},"content":{"rendered":"<p>A high-quality wool blanket is a must-have in every home during winter.\nSoft against the skin and reliably warm, it will keep you cozy while reading a book, watching a movie, or resting after a long day.\nThe classic combination of deep green and white adds harmony and freshness to any interior style, while the dense weave ensures warmth and comfort, whether a snowstorm rages outside or the rain is pouring down.\nAdorn your living space with this blanket or gift it as a thoughtful present for new homeowners.<\/p>\n<p>\u2013 Composition: 100% wool<\/p>\n<p>\u2013 Size: 140 \u00d7 200 cm<\/p>\n<p>\u2013 Made in EU<\/p>\n<p>*Please note that the actual color of the product may slightly differ from what you see in the photos due to lighting conditions during photography and variations in computer monitor or mobile screen settings.<\/p>","protected":false},"excerpt":{"rendered":"<p>Kokybi\u0161kas vilnonis pledas \u017eiem\u0105 reikalingas kiekvienuose namuose. Jis maloniai priglus prie odos ir patikimai \u0161ildys skaitant knyg\u0105, \u017ei\u016brint film\u0105 ar prigulus poilsio po ilgos dienos. Klasikinis tamsiai \u017ealios ir baltos spalv\u0173 derinys darniai papildys ir pagyvins bet kokio stiliaus interjer\u0105, o tankus ra\u0161tas u\u017etikrins \u0161ilum\u0105 ir jaukum\u0105 u\u017e lango siau\u010diant p\u016bgai ar lyjant lietui. Papuo\u0161kite [&hellip;]<\/p>","protected":false},"featured_media":6637,"comment_status":"open","ping_status":"closed","template":"","meta":[],"product_brand":[],"product_cat":[15,170],"product_tag":[],"class_list":{"0":"post-6632","1":"product","2":"type-product","3":"status-publish","4":"has-post-thumbnail","6":"product_cat-pledai","7":"product_cat-vilnos-pledai","9":"first","10":"instock","11":"shipping-taxable","12":"purchasable","13":"product-type-simple"},"aioseo_notices":[],"_links":{"self":[{"href":"https:\/\/purewools.com\/en\/wp-json\/wp\/v2\/product\/6632","targetHints":{"allow":["GET"]}}],"collection":[{"href":"https:\/\/purewools.com\/en\/wp-json\/wp\/v2\/product"}],"about":[{"href":"https:\/\/purewools.com\/en\/wp-json\/wp\/v2\/types\/product"}],"replies":[{"embeddable":true,"href":"https:\/\/purewools.com\/en\/wp-json\/wp\/v2\/comments?post=6632"}],"wp:featuredmedia":[{"embeddable":true,"href":"https:\/\/purewools.com\/en\/wp-json\/wp\/v2\/media\/6637"}],"wp:attachment":[{"href":"https:\/\/purewools.com\/en\/wp-json\/wp\/v2\/media?parent=6632"}],"wp:term":[{"taxonomy":"product_brand","embeddable":true,"href":"https:\/\/purewools.com\/en\/wp-json\/wp\/v2\/product_brand?post=6632"},{"taxonomy":"product_cat","embeddable":true,"href":"https:\/\/purewools.com\/en\/wp-json\/wp\/v2\/product_cat?post=6632"},{"taxonomy":"product_tag","embeddable":true,"href":"https:\/\/purewools.com\/en\/wp-json\/wp\/v2\/product_tag?post=6632"}],"curies":[{"name":"wp","href":"https:\/\/api.w.org\/{rel}","templated":true}]}}