{"id":6630,"date":"2025-08-31T15:15:19","date_gmt":"2025-08-31T15:15:19","guid":{"rendered":"https:\/\/purewools.com\/?post_type=product&#038;p=6630"},"modified":"2025-12-27T20:53:43","modified_gmt":"2025-12-27T20:53:43","slug":"naturalios-vilnos-pledas-okeanas","status":"publish","type":"product","link":"https:\/\/purewools.com\/en\/product\/naturalios-vilnos-pledas-okeanas\/","title":{"rendered":"Natural wool blanket. OCEAN"},"content":{"rendered":"<p>&#8220;Okeanas&#8221; &#8211; kokybi\u0161kas vilnonis pledas kuris reikalingas kiekvienuose namuose. Jis maloniai priglus prie odos ir patikimai \u0161ildys skaitant knyg\u0105, \u017ei\u016brint film\u0105 ar prigulus poilsio po ilgos dienos. M\u0117lynos spalvos vilnos gaminys pagyvins \u012fvairaus stiliaus interjer\u0105, o tankus ra\u0161tas u\u017etikrins \u0161ilum\u0105 ir jaukum\u0105.<\/p>\n<p>\u2013 Composition: 100% wool<\/p>\n<p>\u2013 Size: 140 \u00d7 200 cm<\/p>\n<p>\u2013 Made in EU<\/p>\n<p>*Please note that the actual color of the product may slightly differ from what you see in the photos due to lighting conditions during photography and variations in computer monitor or mobile screen settings.<\/p>","protected":false},"excerpt":{"rendered":"<p>&#8220;Okeanas&#8221; &#8211; kokybi\u0161kas vilnonis pledas kuris reikalingas kiekvienuose namuose. Jis maloniai priglus prie odos ir patikimai \u0161ildys skaitant knyg\u0105, \u017ei\u016brint film\u0105 ar prigulus poilsio po ilgos dienos. M\u0117lynos spalvos vilnos gaminys pagyvins \u012fvairaus stiliaus interjer\u0105, o tankus ra\u0161tas u\u017etikrins \u0161ilum\u0105 ir jaukum\u0105. \u2013 Sud\u0117tis: 100% vilna \u2013 Dydis: 140&#215;200 cm \u2013 Pagaminta EU *Atkreipkite d\u0117mes\u012f, [&hellip;]<\/p>","protected":false},"featured_media":6656,"comment_status":"open","ping_status":"closed","template":"","meta":[],"product_brand":[],"product_cat":[15,170],"product_tag":[],"class_list":{"0":"post-6630","1":"product","2":"type-product","3":"status-publish","4":"has-post-thumbnail","6":"product_cat-pledai","7":"product_cat-vilnos-pledai","9":"first","10":"instock","11":"shipping-taxable","12":"purchasable","13":"product-type-simple"},"aioseo_notices":[],"_links":{"self":[{"href":"https:\/\/purewools.com\/en\/wp-json\/wp\/v2\/product\/6630","targetHints":{"allow":["GET"]}}],"collection":[{"href":"https:\/\/purewools.com\/en\/wp-json\/wp\/v2\/product"}],"about":[{"href":"https:\/\/purewools.com\/en\/wp-json\/wp\/v2\/types\/product"}],"replies":[{"embeddable":true,"href":"https:\/\/purewools.com\/en\/wp-json\/wp\/v2\/comments?post=6630"}],"wp:featuredmedia":[{"embeddable":true,"href":"https:\/\/purewools.com\/en\/wp-json\/wp\/v2\/media\/6656"}],"wp:attachment":[{"href":"https:\/\/purewools.com\/en\/wp-json\/wp\/v2\/media?parent=6630"}],"wp:term":[{"taxonomy":"product_brand","embeddable":true,"href":"https:\/\/purewools.com\/en\/wp-json\/wp\/v2\/product_brand?post=6630"},{"taxonomy":"product_cat","embeddable":true,"href":"https:\/\/purewools.com\/en\/wp-json\/wp\/v2\/product_cat?post=6630"},{"taxonomy":"product_tag","embeddable":true,"href":"https:\/\/purewools.com\/en\/wp-json\/wp\/v2\/product_tag?post=6630"}],"curies":[{"name":"wp","href":"https:\/\/api.w.org\/{rel}","templated":true}]}}