{"id":6629,"date":"2025-08-31T15:15:19","date_gmt":"2025-08-31T15:15:19","guid":{"rendered":"https:\/\/purewools.com\/?post_type=product&#038;p=6629"},"modified":"2025-11-17T20:10:19","modified_gmt":"2025-11-17T20:10:19","slug":"naturalios-vilnos-pledas-jauki-elegancija","status":"publish","type":"product","link":"https:\/\/purewools.com\/en\/product\/naturalios-vilnos-pledas-jauki-elegancija\/","title":{"rendered":"Natural wool blanket. COZY ELEGANCE"},"content":{"rendered":"<p>A classic-style sand-colored blanket with a herringbone weave brings elegance to your home while wrapping you in warmth and comfort.<\/p>\n<p>This popular blanket is easy to match with a wide variety of interior styles.<\/p>\n<p>Add a touch of elegance to your living space.<\/p>\n<p>\u2013 Composition: 100% wool<\/p>\n<p>\u2013 Size: 140 \u00d7 200 cm<\/p>\n<p>\u2013 Made in EU<\/p>\n<p>*Please note that the actual color of the product may slightly differ from what you see in the photos due to lighting conditions during photography and variations in computer monitor or mobile screen settings.<\/p>","protected":false},"excerpt":{"rendered":"<p>Sm\u0117lin\u0117s spalvos klasikinio stiliaus pledas su eglut\u0117s ra\u0161to audimu suteiks J\u016bs\u0173 namams elegancijos ir apgaubs \u0161iluma bei komfortu. Populiarus pledas puikiai derantis prie \u012fvairiausio stiliaus interjero. Suteikite elegancijos savo namams! \u2013 Sud\u0117tis: 100% vilna \u2013 Dydis: 140&#215;200 cm \u2013 Pagaminta EU *Atkreipkite d\u0117mes\u012f, jog prek\u0117s spalva gali \u0161iek tiek skirtis nuo matom\u0173 nuotraukoje, d\u0117l produkto [&hellip;]<\/p>","protected":false},"featured_media":6649,"comment_status":"open","ping_status":"closed","template":"","meta":[],"product_brand":[],"product_cat":[15,170],"product_tag":[],"class_list":{"0":"post-6629","1":"product","2":"type-product","3":"status-publish","4":"has-post-thumbnail","6":"product_cat-pledai","7":"product_cat-vilnos-pledai","9":"first","10":"instock","11":"sale","12":"shipping-taxable","13":"purchasable","14":"product-type-simple"},"aioseo_notices":[],"_links":{"self":[{"href":"https:\/\/purewools.com\/en\/wp-json\/wp\/v2\/product\/6629","targetHints":{"allow":["GET"]}}],"collection":[{"href":"https:\/\/purewools.com\/en\/wp-json\/wp\/v2\/product"}],"about":[{"href":"https:\/\/purewools.com\/en\/wp-json\/wp\/v2\/types\/product"}],"replies":[{"embeddable":true,"href":"https:\/\/purewools.com\/en\/wp-json\/wp\/v2\/comments?post=6629"}],"wp:featuredmedia":[{"embeddable":true,"href":"https:\/\/purewools.com\/en\/wp-json\/wp\/v2\/media\/6649"}],"wp:attachment":[{"href":"https:\/\/purewools.com\/en\/wp-json\/wp\/v2\/media?parent=6629"}],"wp:term":[{"taxonomy":"product_brand","embeddable":true,"href":"https:\/\/purewools.com\/en\/wp-json\/wp\/v2\/product_brand?post=6629"},{"taxonomy":"product_cat","embeddable":true,"href":"https:\/\/purewools.com\/en\/wp-json\/wp\/v2\/product_cat?post=6629"},{"taxonomy":"product_tag","embeddable":true,"href":"https:\/\/purewools.com\/en\/wp-json\/wp\/v2\/product_tag?post=6629"}],"curies":[{"name":"wp","href":"https:\/\/api.w.org\/{rel}","templated":true}]}}