{"id":6527,"date":"2025-08-31T13:09:28","date_gmt":"2025-08-31T13:09:28","guid":{"rendered":"https:\/\/purewools.com\/?post_type=product&#038;p=6527"},"modified":"2025-08-31T13:20:40","modified_gmt":"2025-08-31T13:20:40","slug":"vaikiskas-pledukas-avytes-siluma","status":"publish","type":"product","link":"https:\/\/purewools.com\/en\/product\/vaikiskas-pledukas-avytes-siluma\/","title":{"rendered":"Children\u2019s blanket. LAMB\u2019S WARMTH"},"content":{"rendered":"<p>The \u201cLamb\u2019s Warmth\u201d children\u2019s blanket \u2013 soft, cozy, and warm \u2013 features a gentle sand color and an embroidered little lamb.\nThis high-quality 100% wool blanket is perfect for children in both summer and winter seasons.<\/p>\n<p>\u2013 Composition: 100% wool<\/p>\n<p>\u2013 Size: 100 \u00d7 140 cm<\/p>\n<p>\u2013 Made in EU<\/p>\n<p>*Please note that the actual color of the product may slightly differ from what you see in the photos due to lighting conditions during photography and variations in computer monitor or mobile screen settings.<\/p>","protected":false},"excerpt":{"rendered":"<p>Vaiki\u0161kas pledukas &#8220;Avyt\u0117s \u0161iluma&#8221; &#8211; jaukus ir \u0161iltas, i\u0161siskiria \u0161velnia sm\u0117lio spalva bei i\u0161siuvin\u0117ta avyte. \u0160is auk\u0161tos kokyb\u0117s 100 % vilnonis pledas vaikams tinka tiek vasaros, tiek \u017eiemos sezonais. \u2013 Gaminio sud\u0117tis: 100% vilna \u2013 Dydis: 100&#215;140 cm \u2013 Pagaminta Estijoje *Atkreipkite d\u0117mes\u012f, jog prek\u0117s spalva gali \u0161iek tiek skirtis nuo matom\u0173 nuotraukoje, d\u0117l produkto [&hellip;]<\/p>","protected":false},"featured_media":6568,"comment_status":"open","ping_status":"closed","template":"","meta":[],"product_brand":[],"product_cat":[15,170],"product_tag":[],"class_list":{"0":"post-6527","1":"product","2":"type-product","3":"status-publish","4":"has-post-thumbnail","6":"product_cat-pledai","7":"product_cat-vilnos-pledai","9":"first","10":"instock","11":"shipping-taxable","12":"purchasable","13":"product-type-simple"},"aioseo_notices":[],"_links":{"self":[{"href":"https:\/\/purewools.com\/en\/wp-json\/wp\/v2\/product\/6527","targetHints":{"allow":["GET"]}}],"collection":[{"href":"https:\/\/purewools.com\/en\/wp-json\/wp\/v2\/product"}],"about":[{"href":"https:\/\/purewools.com\/en\/wp-json\/wp\/v2\/types\/product"}],"replies":[{"embeddable":true,"href":"https:\/\/purewools.com\/en\/wp-json\/wp\/v2\/comments?post=6527"}],"wp:featuredmedia":[{"embeddable":true,"href":"https:\/\/purewools.com\/en\/wp-json\/wp\/v2\/media\/6568"}],"wp:attachment":[{"href":"https:\/\/purewools.com\/en\/wp-json\/wp\/v2\/media?parent=6527"}],"wp:term":[{"taxonomy":"product_brand","embeddable":true,"href":"https:\/\/purewools.com\/en\/wp-json\/wp\/v2\/product_brand?post=6527"},{"taxonomy":"product_cat","embeddable":true,"href":"https:\/\/purewools.com\/en\/wp-json\/wp\/v2\/product_cat?post=6527"},{"taxonomy":"product_tag","embeddable":true,"href":"https:\/\/purewools.com\/en\/wp-json\/wp\/v2\/product_tag?post=6527"}],"curies":[{"name":"wp","href":"https:\/\/api.w.org\/{rel}","templated":true}]}}