{"id":6526,"date":"2025-08-31T13:09:28","date_gmt":"2025-08-31T13:09:28","guid":{"rendered":"https:\/\/purewools.com\/?post_type=product&#038;p=6526"},"modified":"2025-08-31T13:17:55","modified_gmt":"2025-08-31T13:17:55","slug":"naturalios-vilnos-pledas-ruduo","status":"publish","type":"product","link":"https:\/\/purewools.com\/en\/product\/naturalios-vilnos-pledas-ruduo\/","title":{"rendered":"Natural wool blanket. AUTUMN"},"content":{"rendered":"<p>Every home needs a high-quality wool blanket \u2013 one that gently caresses the skin and keeps you reliably warm while reading a book, watching a movie, or resting after a long day.\nThis solid dark brown blanket with a dense weave guarantees coziness and warmth. <\/p>\n<p>\u2013 Composition: 100% wool<\/p>\n<p>\u2013 Size: 140 \u00d7 200 cm<\/p>\n<p>\u2013 Made in EU<\/p>\n<p>*Please note that the actual color of the product may slightly differ from what you see in the photos due to lighting conditions during photography and variations in computer monitor or mobile screen settings.<\/p>","protected":false},"excerpt":{"rendered":"<p>Kiekvienuose namuose reikalingas kokybi\u0161kas vilnonis pledas. Kuris maloniai priglus prie odos ir patikimai \u0161ildys skaitant knyg\u0105, \u017ei\u016brint film\u0105 ar prigulus poilsio po ilgos dienos. Vienspalvis tamsiai rudos spalvos, tankaus ra\u0161to pledas u\u017etikrins jaukum\u0105 ir \u0161ilum\u0105. \u2013 Sud\u0117tis: 100% vilna \u2013 Dydis: 140&#215;200 cm \u2013 Pagaminta Estijoje *Atkreipkite d\u0117mes\u012f, jog prek\u0117s spalva gali \u0161iek tiek skirtis [&hellip;]<\/p>","protected":false},"featured_media":6555,"comment_status":"open","ping_status":"closed","template":"","meta":[],"product_brand":[],"product_cat":[15,170],"product_tag":[],"class_list":{"0":"post-6526","1":"product","2":"type-product","3":"status-publish","4":"has-post-thumbnail","6":"product_cat-pledai","7":"product_cat-vilnos-pledai","9":"first","10":"instock","11":"shipping-taxable","12":"purchasable","13":"product-type-simple"},"aioseo_notices":[],"_links":{"self":[{"href":"https:\/\/purewools.com\/en\/wp-json\/wp\/v2\/product\/6526","targetHints":{"allow":["GET"]}}],"collection":[{"href":"https:\/\/purewools.com\/en\/wp-json\/wp\/v2\/product"}],"about":[{"href":"https:\/\/purewools.com\/en\/wp-json\/wp\/v2\/types\/product"}],"replies":[{"embeddable":true,"href":"https:\/\/purewools.com\/en\/wp-json\/wp\/v2\/comments?post=6526"}],"wp:featuredmedia":[{"embeddable":true,"href":"https:\/\/purewools.com\/en\/wp-json\/wp\/v2\/media\/6555"}],"wp:attachment":[{"href":"https:\/\/purewools.com\/en\/wp-json\/wp\/v2\/media?parent=6526"}],"wp:term":[{"taxonomy":"product_brand","embeddable":true,"href":"https:\/\/purewools.com\/en\/wp-json\/wp\/v2\/product_brand?post=6526"},{"taxonomy":"product_cat","embeddable":true,"href":"https:\/\/purewools.com\/en\/wp-json\/wp\/v2\/product_cat?post=6526"},{"taxonomy":"product_tag","embeddable":true,"href":"https:\/\/purewools.com\/en\/wp-json\/wp\/v2\/product_tag?post=6526"}],"curies":[{"name":"wp","href":"https:\/\/api.w.org\/{rel}","templated":true}]}}