{"id":6523,"date":"2025-08-31T13:09:23","date_gmt":"2025-08-31T13:09:23","guid":{"rendered":"https:\/\/purewools.com\/?post_type=product&#038;p=6523"},"modified":"2026-02-02T15:13:37","modified_gmt":"2026-02-02T15:13:37","slug":"naturalios-vilnos-pledas-garstyciu-geltona","status":"publish","type":"product","link":"https:\/\/purewools.com\/en\/product\/naturalios-vilnos-pledas-garstyciu-geltona\/","title":{"rendered":"Natural wool blanket. MUSTARD YELLOW"},"content":{"rendered":"<p>\u0160iltas ir jaukus pledas, pagamintas i\u0161 100% avi\u0173 vilnos, su\u0161ildys v\u0117siais vakarais bei taps puikia J\u016bs\u0173 nam\u0173 interjero detale. I\u0161skirtin\u0117s garsty\u010di\u0173 geltonos spalvos pledas puikiai derinsis prie neutrali\u0173 interjero spalv\u0173, toki\u0173 kaip balta, sm\u0117lio ar pilka. Tai ry\u0161kus ir subalansuotas akcentas J\u016bs\u0173 namams.<\/p>\n<p>\u2013 Composition: 100% wool<\/p>\n<p>\u2013 Size: 140 \u00d7 200 cm<\/p>\n<p>\u2013 Made in EU<\/p>\n<p>*Please note that the actual color of the product may slightly differ from what you see in the photos due to lighting conditions during photography and variations in computer monitor or mobile screen settings.<\/p>","protected":false},"excerpt":{"rendered":"<p>\u0160iltas ir jaukus pledas, pagamintas i\u0161 100% avi\u0173 vilnos, su\u0161ildys v\u0117siais vakarais bei taps puikia J\u016bs\u0173 nam\u0173 interjero detale. I\u0161skirtin\u0117s garsty\u010di\u0173 geltonos spalvos pledas puikiai derinsis prie neutrali\u0173 interjero spalv\u0173, toki\u0173 kaip balta, sm\u0117lio ar pilka. Tai ry\u0161kus ir subalansuotas akcentas J\u016bs\u0173 namams. \u2013 Sud\u0117tis: 100% vilna \u2013 Dydis: 140&#215;200 cm \u2013 Pagaminta Estijoje *Atkreipkite [&hellip;]<\/p>","protected":false},"featured_media":6596,"comment_status":"open","ping_status":"closed","template":"","meta":[],"product_brand":[],"product_cat":[15,170],"product_tag":[],"class_list":{"0":"post-6523","1":"product","2":"type-product","3":"status-publish","4":"has-post-thumbnail","6":"product_cat-pledai","7":"product_cat-vilnos-pledai","9":"first","10":"instock","11":"shipping-taxable","12":"purchasable","13":"product-type-simple"},"aioseo_notices":[],"_links":{"self":[{"href":"https:\/\/purewools.com\/en\/wp-json\/wp\/v2\/product\/6523","targetHints":{"allow":["GET"]}}],"collection":[{"href":"https:\/\/purewools.com\/en\/wp-json\/wp\/v2\/product"}],"about":[{"href":"https:\/\/purewools.com\/en\/wp-json\/wp\/v2\/types\/product"}],"replies":[{"embeddable":true,"href":"https:\/\/purewools.com\/en\/wp-json\/wp\/v2\/comments?post=6523"}],"wp:featuredmedia":[{"embeddable":true,"href":"https:\/\/purewools.com\/en\/wp-json\/wp\/v2\/media\/6596"}],"wp:attachment":[{"href":"https:\/\/purewools.com\/en\/wp-json\/wp\/v2\/media?parent=6523"}],"wp:term":[{"taxonomy":"product_brand","embeddable":true,"href":"https:\/\/purewools.com\/en\/wp-json\/wp\/v2\/product_brand?post=6523"},{"taxonomy":"product_cat","embeddable":true,"href":"https:\/\/purewools.com\/en\/wp-json\/wp\/v2\/product_cat?post=6523"},{"taxonomy":"product_tag","embeddable":true,"href":"https:\/\/purewools.com\/en\/wp-json\/wp\/v2\/product_tag?post=6523"}],"curies":[{"name":"wp","href":"https:\/\/api.w.org\/{rel}","templated":true}]}}