{"id":6519,"date":"2025-08-31T13:09:20","date_gmt":"2025-08-31T13:09:20","guid":{"rendered":"https:\/\/purewools.com\/?post_type=product&#038;p=6519"},"modified":"2025-09-13T11:06:33","modified_gmt":"2025-09-13T11:06:33","slug":"naturalios-vilnos-pledas-sapnas","status":"publish","type":"product","link":"https:\/\/purewools.com\/en\/product\/naturalios-vilnos-pledas-sapnas\/","title":{"rendered":"Natural wool blanket. DREAM"},"content":{"rendered":"<p>Luxurious Wool Blanket with Fringes<\/p>\n<p>This elegant wool blanket will bring warmth and coziness on chilly days. The soft mint shade with a subtle herringbone pattern adds lightness and a natural touch to any interior. Lightweight yet exceptionally warm, breathable, and pleasant to the touch, this blanket is both practical and stylish. Finished with white fringes, it gains an extra charm, making it a perfect fit for both modern and classic interiors.<\/p>\n<p>\u2013 Composition: 100% wool<\/p>\n<p>\u2013 Size: 130 \u00d7 170 cm<\/p>\n<p>\u2013 Made in Lithuania<\/p>\n<p>*Please note that the actual color of the product may slightly differ from what you see in the photos due to lighting conditions during photography and variations in computer monitor or mobile screen settings.<\/p>","protected":false},"excerpt":{"rendered":"<p>Prabangus vilnonis pledas su kutais. \u0160is eleganti\u0161kas vilnos pledas suteiks jaukumo ir \u0161ilumos v\u0117siomis dienomis. \u0160velnus m\u0117tin\u0117s spalvos atspalvis su subtiliu eglut\u0117s ra\u0161tu suteikia interjerui lengvumo ir nat\u016bralumo. Pledas yra lengvas, ta\u010diau itin \u0161iltas, pralaidus orui ir malonus prisilietimui. Baltos spalvos kutai suteikia jam papildomo \u017eavesio. Puikiai tinka tiek moderniems, tiek klasikiniams interjerams. \u2013 Sud\u0117tis: [&hellip;]<\/p>","protected":false},"featured_media":6851,"comment_status":"open","ping_status":"closed","template":"","meta":[],"product_brand":[],"product_cat":[15,170],"product_tag":[],"class_list":{"0":"post-6519","1":"product","2":"type-product","3":"status-publish","4":"has-post-thumbnail","6":"product_cat-pledai","7":"product_cat-vilnos-pledai","9":"first","10":"instock","11":"shipping-taxable","12":"purchasable","13":"product-type-simple"},"aioseo_notices":[],"_links":{"self":[{"href":"https:\/\/purewools.com\/en\/wp-json\/wp\/v2\/product\/6519","targetHints":{"allow":["GET"]}}],"collection":[{"href":"https:\/\/purewools.com\/en\/wp-json\/wp\/v2\/product"}],"about":[{"href":"https:\/\/purewools.com\/en\/wp-json\/wp\/v2\/types\/product"}],"replies":[{"embeddable":true,"href":"https:\/\/purewools.com\/en\/wp-json\/wp\/v2\/comments?post=6519"}],"wp:featuredmedia":[{"embeddable":true,"href":"https:\/\/purewools.com\/en\/wp-json\/wp\/v2\/media\/6851"}],"wp:attachment":[{"href":"https:\/\/purewools.com\/en\/wp-json\/wp\/v2\/media?parent=6519"}],"wp:term":[{"taxonomy":"product_brand","embeddable":true,"href":"https:\/\/purewools.com\/en\/wp-json\/wp\/v2\/product_brand?post=6519"},{"taxonomy":"product_cat","embeddable":true,"href":"https:\/\/purewools.com\/en\/wp-json\/wp\/v2\/product_cat?post=6519"},{"taxonomy":"product_tag","embeddable":true,"href":"https:\/\/purewools.com\/en\/wp-json\/wp\/v2\/product_tag?post=6519"}],"curies":[{"name":"wp","href":"https:\/\/api.w.org\/{rel}","templated":true}]}}