{"id":6513,"date":"2025-08-31T13:11:42","date_gmt":"2025-08-31T13:11:42","guid":{"rendered":"https:\/\/purewools.com\/?post_type=product&#038;p=6513"},"modified":"2025-08-31T13:11:42","modified_gmt":"2025-08-31T13:11:42","slug":"vilnonis-pledas-meta","status":"publish","type":"product","link":"https:\/\/purewools.com\/en\/product\/vilnonis-pledas-meta\/","title":{"rendered":"Wool blanket. MINT"},"content":{"rendered":"<p>The \u201cMint\u201d blanket \u2013 a cozy and warm 100% wool creation \u2013 will keep you comfortable on cool days and find its place in every home interior.\nIt stands out with its subtle patterns and calming mint color.<\/p>\n<p>\u2013 Composition: 100% wool<\/p>\n<p>\u2013 Size: 140 \u00d7 200 cm<\/p>\n<p>\u2013 Made in EU<\/p>\n<p>*Please note that the actual color of the product may slightly differ from what you see in the photos due to lighting conditions during photography and variations in computer monitor or mobile screen settings.<\/p>","protected":false},"excerpt":{"rendered":"<p>Pledas \u201eM\u0117ta\u201c \u2013 jaukus ir \u0161iltas 100% vilnos gaminys, pad\u0117s su\u0161ilti v\u0117siu oru bei atras savo viet\u0105 kiekvien\u0173 nam\u0173 interjere. Pledas i\u0161siskiria subtiliais motyvais ir raminan\u010dia m\u0117tine spalva. \u2013 Sud\u0117tis: 100% vilna \u2013 Dydis: 140&#215;200 cm \u2013 Pagaminta EU *Atkreipkite d\u0117mes\u012f, jog prek\u0117s spalva gali \u0161iek tiek skirtis nuo matom\u0173 nuotraukoje, d\u0117l produkto ap\u0161vietimo s\u0105lyg\u0173 [&hellip;]<\/p>","protected":false},"featured_media":6532,"comment_status":"open","ping_status":"closed","template":"","meta":[],"product_brand":[],"product_cat":[15,170],"product_tag":[],"class_list":{"0":"post-6513","1":"product","2":"type-product","3":"status-publish","4":"has-post-thumbnail","6":"product_cat-pledai","7":"product_cat-vilnos-pledai","9":"first","10":"instock","11":"shipping-taxable","12":"purchasable","13":"product-type-simple"},"aioseo_notices":[],"_links":{"self":[{"href":"https:\/\/purewools.com\/en\/wp-json\/wp\/v2\/product\/6513","targetHints":{"allow":["GET"]}}],"collection":[{"href":"https:\/\/purewools.com\/en\/wp-json\/wp\/v2\/product"}],"about":[{"href":"https:\/\/purewools.com\/en\/wp-json\/wp\/v2\/types\/product"}],"replies":[{"embeddable":true,"href":"https:\/\/purewools.com\/en\/wp-json\/wp\/v2\/comments?post=6513"}],"wp:featuredmedia":[{"embeddable":true,"href":"https:\/\/purewools.com\/en\/wp-json\/wp\/v2\/media\/6532"}],"wp:attachment":[{"href":"https:\/\/purewools.com\/en\/wp-json\/wp\/v2\/media?parent=6513"}],"wp:term":[{"taxonomy":"product_brand","embeddable":true,"href":"https:\/\/purewools.com\/en\/wp-json\/wp\/v2\/product_brand?post=6513"},{"taxonomy":"product_cat","embeddable":true,"href":"https:\/\/purewools.com\/en\/wp-json\/wp\/v2\/product_cat?post=6513"},{"taxonomy":"product_tag","embeddable":true,"href":"https:\/\/purewools.com\/en\/wp-json\/wp\/v2\/product_tag?post=6513"}],"curies":[{"name":"wp","href":"https:\/\/api.w.org\/{rel}","templated":true}]}}