{"id":6475,"date":"2025-08-31T12:23:40","date_gmt":"2025-08-31T12:23:40","guid":{"rendered":"https:\/\/purewools.com\/?post_type=product&#038;p=6475"},"modified":"2025-09-04T14:44:46","modified_gmt":"2025-09-04T14:44:46","slug":"naturalios-vilnos-kardiganas-harmonija","status":"publish","type":"product","link":"https:\/\/purewools.com\/en\/product\/naturalios-vilnos-kardiganas-harmonija\/","title":{"rendered":"Natural wool cardigan. HARMONY"},"content":{"rendered":"<p>This grey wool cardigan features practical pockets, a cozy hood, and large, expressive buttons. A timeless and versatile piece, it\u2019s a practical choice for all seasons \u2013 combining comfort, warmth, and style in one.<\/p>\n<p>\u2013 Composition: 100% wool<\/p>\n<p>\u2013 Sizes: S, M, L, XL<\/p>\n<p>\u2013 Made in EU<\/p>\n<p>*Please note that the actual color of the product may slightly differ from what you see in the photos due to lighting conditions during photography and variations in computer monitor or mobile screen settings.<\/p>","protected":false},"excerpt":{"rendered":"<p>Pilkos spalvos vilnonis kardiganas su patogiomis ki\u0161en\u0117mis, jaukiu gobtuvu, didel\u0117mis ir i\u0161rai\u0161kingomis sagomis. Tai prakti\u0161kas pasirinkimas visiems met\u0173 sezonams. \u2013 Gaminio sud\u0117tis: 100% vilna \u2013 Dyd\u017eiai: S, M, L, XL \u2013 Pagaminta EU *Atkreipkite d\u0117mes\u012f, jog prek\u0117s spalva gali \u0161iek tiek skirtis nuo matom\u0173 nuotraukoje, d\u0117l produkto ap\u0161vietimo s\u0105lyg\u0173 ir skirting\u0173 kompiuterio monitori\u0173 bei telefon\u0173 [&hellip;]<\/p>","protected":false},"featured_media":6509,"comment_status":"open","ping_status":"closed","template":"","meta":[],"product_brand":[],"product_cat":[173,152],"product_tag":[],"class_list":{"0":"post-6475","1":"product","2":"type-product","3":"status-publish","4":"has-post-thumbnail","6":"product_cat-moteriski","7":"product_cat-megztiniai","9":"first","10":"instock","11":"shipping-taxable","12":"purchasable","13":"product-type-variable"},"aioseo_notices":[],"_links":{"self":[{"href":"https:\/\/purewools.com\/en\/wp-json\/wp\/v2\/product\/6475","targetHints":{"allow":["GET"]}}],"collection":[{"href":"https:\/\/purewools.com\/en\/wp-json\/wp\/v2\/product"}],"about":[{"href":"https:\/\/purewools.com\/en\/wp-json\/wp\/v2\/types\/product"}],"replies":[{"embeddable":true,"href":"https:\/\/purewools.com\/en\/wp-json\/wp\/v2\/comments?post=6475"}],"wp:featuredmedia":[{"embeddable":true,"href":"https:\/\/purewools.com\/en\/wp-json\/wp\/v2\/media\/6509"}],"wp:attachment":[{"href":"https:\/\/purewools.com\/en\/wp-json\/wp\/v2\/media?parent=6475"}],"wp:term":[{"taxonomy":"product_brand","embeddable":true,"href":"https:\/\/purewools.com\/en\/wp-json\/wp\/v2\/product_brand?post=6475"},{"taxonomy":"product_cat","embeddable":true,"href":"https:\/\/purewools.com\/en\/wp-json\/wp\/v2\/product_cat?post=6475"},{"taxonomy":"product_tag","embeddable":true,"href":"https:\/\/purewools.com\/en\/wp-json\/wp\/v2\/product_tag?post=6475"}],"curies":[{"name":"wp","href":"https:\/\/api.w.org\/{rel}","templated":true}]}}