{"id":6473,"date":"2025-08-31T12:25:12","date_gmt":"2025-08-31T12:25:12","guid":{"rendered":"https:\/\/purewools.com\/?post_type=product&#038;p=6473"},"modified":"2025-10-10T18:50:01","modified_gmt":"2025-10-10T18:50:01","slug":"naturalios-vilnos-megztinis-baltu-simbolika","status":"publish","type":"product","link":"https:\/\/purewools.com\/en\/product\/naturalios-vilnos-megztinis-baltu-simbolika\/","title":{"rendered":"Natural wool sweater. BALTIC SYMBOLISM"},"content":{"rendered":"<p>Stylish and durable handmade sweater \u2013 \u201cBaltic Symbolism\u201d\nA source of warmth and comfort on chilly days, this stylish and durable handmade sweater is inspired by ancient Baltic symbolism. The timeless monochrome palette revives traditional motifs, while the dense knit ensures practicality and reliable protection against the wind.<\/p>\n<p>\u2013 Composition: 100% wool<\/p>\n<p>\u2013 Sizes: S, M, L, XL, XXL<\/p>\n<p>\u2013 Made in EU<\/p>\n<p>*Please note that the actual color of the product may slightly differ from what you see in the photos due to lighting conditions during photography and variations in computer monitor or mobile screen settings.<\/p>","protected":false},"excerpt":{"rendered":"<p>Stilingas ir patvarus rank\u0173 darbo megztinis \u2013 jaukumo ir \u0161ilumos \u0161altinis \u017evarbioms dienoms. Jo dizainas \u012fkv\u0117ptas senosios balt\u0173 simbolikos, kuri \u010dia atgimsta laikui nepavald\u017eia monochromine palete, o tankus ra\u0161tas pasi\u017eymi prakti\u0161kumu ir suteikia patikim\u0105 apsaug\u0105 nuo v\u0117jo. Klasikinio stiliaus siluetas puikiai dera prie \u012fvairaus stiliaus r\u016bb\u0173 ir tinka tiek vyrams, tiek moterims. \u2013 Gaminio sud\u0117tis: [&hellip;]<\/p>","protected":false},"featured_media":6484,"comment_status":"open","ping_status":"closed","template":"","meta":[],"product_brand":[],"product_cat":[173,171,152],"product_tag":[],"class_list":{"0":"post-6473","1":"product","2":"type-product","3":"status-publish","4":"has-post-thumbnail","6":"product_cat-moteriski","7":"product_cat-moteriski-ir-vyriski","8":"product_cat-megztiniai","10":"first","11":"instock","12":"shipping-taxable","13":"purchasable","14":"product-type-simple"},"aioseo_notices":[],"_links":{"self":[{"href":"https:\/\/purewools.com\/en\/wp-json\/wp\/v2\/product\/6473","targetHints":{"allow":["GET"]}}],"collection":[{"href":"https:\/\/purewools.com\/en\/wp-json\/wp\/v2\/product"}],"about":[{"href":"https:\/\/purewools.com\/en\/wp-json\/wp\/v2\/types\/product"}],"replies":[{"embeddable":true,"href":"https:\/\/purewools.com\/en\/wp-json\/wp\/v2\/comments?post=6473"}],"wp:featuredmedia":[{"embeddable":true,"href":"https:\/\/purewools.com\/en\/wp-json\/wp\/v2\/media\/6484"}],"wp:attachment":[{"href":"https:\/\/purewools.com\/en\/wp-json\/wp\/v2\/media?parent=6473"}],"wp:term":[{"taxonomy":"product_brand","embeddable":true,"href":"https:\/\/purewools.com\/en\/wp-json\/wp\/v2\/product_brand?post=6473"},{"taxonomy":"product_cat","embeddable":true,"href":"https:\/\/purewools.com\/en\/wp-json\/wp\/v2\/product_cat?post=6473"},{"taxonomy":"product_tag","embeddable":true,"href":"https:\/\/purewools.com\/en\/wp-json\/wp\/v2\/product_tag?post=6473"}],"curies":[{"name":"wp","href":"https:\/\/api.w.org\/{rel}","templated":true}]}}