{"id":6464,"date":"2025-08-31T12:19:23","date_gmt":"2025-08-31T12:19:23","guid":{"rendered":"https:\/\/purewools.com\/?post_type=product&#038;p=6464"},"modified":"2025-09-14T19:15:20","modified_gmt":"2025-09-14T19:15:20","slug":"naturalios-vilnos-megztinis-klasika","status":"publish","type":"product","link":"https:\/\/purewools.com\/en\/product\/naturalios-vilnos-megztinis-klasika\/","title":{"rendered":"KLASIKA - Natural wool sweater. CLASSIC"},"content":{"rendered":"<p>Women\u2019s grey wool sweater \u2013 \u201cClassic\u201d<\/p>\n<p>\u2013 Composition: 100% wool<\/p>\n<p>\u2013 Size: S<\/p>\n<p>\u2013 Made in EU<\/p>\n<p>*Please note that the actual color of the product may slightly differ from what you see in the photos due to lighting conditions during photography and variations in computer monitor or mobile screen settings.<\/p>","protected":false},"excerpt":{"rendered":"<p>Moteri\u0161kas, pilkos spalvos, klasikinio stiliaus megztinis su ki\u0161en\u0117mis. \u2013 Gaminio sud\u0117tis: 100% vilna \u2013 Dyd\u017eiai: S \u2013 Pagaminta EU *Atkreipkite d\u0117mes\u012f, jog prek\u0117s spalva gali \u0161iek tiek skirtis nuo matom\u0173 nuotraukoje, d\u0117l produkto ap\u0161vietimo s\u0105lyg\u0173 ir skirting\u0173 kompiuterio monitori\u0173 bei telefon\u0173 ekrano rai\u0161kos nustatym\u0173.<\/p>","protected":false},"featured_media":6467,"comment_status":"open","ping_status":"closed","template":"","meta":[],"product_brand":[],"product_cat":[173,152],"product_tag":[],"class_list":{"0":"post-6464","1":"product","2":"type-product","3":"status-publish","4":"has-post-thumbnail","6":"product_cat-moteriski","7":"product_cat-megztiniai","9":"first","10":"instock","11":"shipping-taxable","12":"purchasable","13":"product-type-simple"},"aioseo_notices":[],"_links":{"self":[{"href":"https:\/\/purewools.com\/en\/wp-json\/wp\/v2\/product\/6464","targetHints":{"allow":["GET"]}}],"collection":[{"href":"https:\/\/purewools.com\/en\/wp-json\/wp\/v2\/product"}],"about":[{"href":"https:\/\/purewools.com\/en\/wp-json\/wp\/v2\/types\/product"}],"replies":[{"embeddable":true,"href":"https:\/\/purewools.com\/en\/wp-json\/wp\/v2\/comments?post=6464"}],"wp:featuredmedia":[{"embeddable":true,"href":"https:\/\/purewools.com\/en\/wp-json\/wp\/v2\/media\/6467"}],"wp:attachment":[{"href":"https:\/\/purewools.com\/en\/wp-json\/wp\/v2\/media?parent=6464"}],"wp:term":[{"taxonomy":"product_brand","embeddable":true,"href":"https:\/\/purewools.com\/en\/wp-json\/wp\/v2\/product_brand?post=6464"},{"taxonomy":"product_cat","embeddable":true,"href":"https:\/\/purewools.com\/en\/wp-json\/wp\/v2\/product_cat?post=6464"},{"taxonomy":"product_tag","embeddable":true,"href":"https:\/\/purewools.com\/en\/wp-json\/wp\/v2\/product_tag?post=6464"}],"curies":[{"name":"wp","href":"https:\/\/api.w.org\/{rel}","templated":true}]}}