{"id":6436,"date":"2025-08-31T12:10:00","date_gmt":"2025-08-31T12:10:00","guid":{"rendered":"https:\/\/purewools.com\/?post_type=product&#038;p=6436"},"modified":"2025-11-18T20:19:20","modified_gmt":"2025-11-18T20:19:20","slug":"vilnonis-salikas-3","status":"publish","type":"product","link":"https:\/\/purewools.com\/en\/product\/vilnonis-salikas-3\/","title":{"rendered":"Merino vilnos \u0161alikas. SNIEGO BALTUMAS"},"content":{"rendered":"<p data-start=\"103\" data-end=\"360\">Baltos spalvos merino vilnos \u0161alikas \u2013 tobulas pasirinkimas tiems, kurie vertina nat\u016bralum\u0105 ir auk\u0161\u010diausi\u0105 kokyb\u0119. Pagamintas Lietuvoje i\u0161 100% merino vilnos, \u0161is \u0161alikas i\u0161siskiria mink\u0161tumu ir nedirgina net pa\u010dios jautriausios odos.<\/p>\n<p data-start=\"362\" data-end=\"577\">Merino vilna pasi\u017eymi puikiomis savyb\u0117mis: ji \u0161ildo \u017eiem\u0105 ir leid\u017eia odai kv\u0117puoti \u0161iltuoju sezonu, sugeria dr\u0117gm\u0119 neprarasdama \u0161ilumos, nesielektrina ir nesivelia. Tai audinys, kuris u\u017etikrina komfort\u0105 visus metus.<\/p>\n<p data-start=\"579\" data-end=\"824\">Minimalistinis dizainas ir stilingi kutai leid\u017eia \u0161alik\u0105 lengvai derinti prie bet kokio aprangos stiliaus. Tai\u00a0 puikus pasirinkimas kasdienai arba jauki, naudinga ir esteti\u0161ka dovana.<\/p>\n<p>\u2013 Composition: 100% merino wool<\/p>\n<p>\u2013 Dydis: 40&#215;200 cm<\/p>\n<p>\u2013 Made in Lithuania<\/p>\n<p>*Please note that the actual color of the product may slightly differ from what you see in the photos due to lighting conditions during photography and variations in computer monitor or mobile screen settings.<\/p>","protected":false},"excerpt":{"rendered":"<p>Baltos spalvos merino vilnos \u0161alikas \u2013 tobulas pasirinkimas tiems, kurie vertina nat\u016bralum\u0105 ir auk\u0161\u010diausi\u0105 kokyb\u0119. Pagamintas Lietuvoje i\u0161 100% merino vilnos, \u0161is \u0161alikas i\u0161siskiria mink\u0161tumu ir nedirgina net pa\u010dios jautriausios odos. Merino vilna pasi\u017eymi puikiomis savyb\u0117mis: ji \u0161ildo \u017eiem\u0105 ir leid\u017eia odai kv\u0117puoti \u0161iltuoju sezonu, sugeria dr\u0117gm\u0119 neprarasdama \u0161ilumos, nesielektrina ir nesivelia. Tai audinys, kuris [&hellip;]<\/p>","protected":false},"featured_media":6447,"comment_status":"open","ping_status":"closed","template":"","meta":[],"product_brand":[],"product_cat":[187,188],"product_tag":[],"class_list":{"0":"post-6436","1":"product","2":"type-product","3":"status-publish","4":"has-post-thumbnail","6":"product_cat-aksesuarai","7":"product_cat-salikai","9":"first","10":"instock","11":"shipping-taxable","12":"purchasable","13":"product-type-simple"},"aioseo_notices":[],"_links":{"self":[{"href":"https:\/\/purewools.com\/en\/wp-json\/wp\/v2\/product\/6436","targetHints":{"allow":["GET"]}}],"collection":[{"href":"https:\/\/purewools.com\/en\/wp-json\/wp\/v2\/product"}],"about":[{"href":"https:\/\/purewools.com\/en\/wp-json\/wp\/v2\/types\/product"}],"replies":[{"embeddable":true,"href":"https:\/\/purewools.com\/en\/wp-json\/wp\/v2\/comments?post=6436"}],"wp:featuredmedia":[{"embeddable":true,"href":"https:\/\/purewools.com\/en\/wp-json\/wp\/v2\/media\/6447"}],"wp:attachment":[{"href":"https:\/\/purewools.com\/en\/wp-json\/wp\/v2\/media?parent=6436"}],"wp:term":[{"taxonomy":"product_brand","embeddable":true,"href":"https:\/\/purewools.com\/en\/wp-json\/wp\/v2\/product_brand?post=6436"},{"taxonomy":"product_cat","embeddable":true,"href":"https:\/\/purewools.com\/en\/wp-json\/wp\/v2\/product_cat?post=6436"},{"taxonomy":"product_tag","embeddable":true,"href":"https:\/\/purewools.com\/en\/wp-json\/wp\/v2\/product_tag?post=6436"}],"curies":[{"name":"wp","href":"https:\/\/api.w.org\/{rel}","templated":true}]}}