{"id":6421,"date":"2025-08-31T12:03:39","date_gmt":"2025-08-31T12:03:39","guid":{"rendered":"https:\/\/purewools.com\/?post_type=product&#038;p=6421"},"modified":"2025-08-31T12:07:21","modified_gmt":"2025-08-31T12:07:21","slug":"vilnones-pirstines-ziemos-elegancija-2","status":"publish","type":"product","link":"https:\/\/purewools.com\/en\/product\/vilnones-pirstines-ziemos-elegancija-2\/","title":{"rendered":"Wool Gloves. WINTER ELEGANCE II"},"content":{"rendered":"<p>Cozy warmth for your hands.<\/p>\n<p>Light and soft, these wool gloves provide warmth while highlighting feminine elegance. The delicate lace design adds grace, while the soft wool ensures comfort even on the coldest days. Perfectly suited for both everyday wear and more festive outfits, they will become a stylish accent of your winter wardrobe.<\/p>\n<p>Style, warmth, and refinement \u2013 all in one accessory. <\/p>\n<p>\u2013 Composition: 100% wool<\/p>\n<p>\u2013 Size: One size<\/p>\n<p>\u2013 Made in EU<\/p>\n<p>*Please note that the actual color of the product may slightly differ from what you see in the photos due to lighting conditions during photography and variations in computer monitor or mobile screen settings.<\/p>","protected":false},"excerpt":{"rendered":"<p>Jaukumas ir \u0161iluma J\u016bs\u0173 rankoms. Lengvos ir \u0161velnios vilnon\u0117s pir\u0161tin\u0117s suteikia \u0161ilum\u0105 ir i\u0161ry\u0161kina moters elegancij\u0105. A\u017e\u016brinis dizainas suteikia grak\u0161tumo, o mink\u0161ta vilna u\u017etikrina jaukum\u0105 net \u0161al\u010diausiomis dienomis. Puikiai dera tiek prie kasdien\u0117s, tiek prie puo\u0161nios aprangos, taps stilingu J\u016bs\u0173 \u017eiemos garderobo akcentu. Stilius, \u0161iluma ir rafinuotumas &#8211; viename aksesuare. \u2013 Sud\u0117tis: 100% vilna \u2013 [&hellip;]<\/p>","protected":false},"featured_media":6428,"comment_status":"open","ping_status":"closed","template":"","meta":[],"product_brand":[],"product_cat":[187,193,189],"product_tag":[],"class_list":{"0":"post-6421","1":"product","2":"type-product","3":"status-publish","4":"has-post-thumbnail","6":"product_cat-aksesuarai","7":"product_cat-moteriskos","8":"product_cat-pirstines","10":"first","11":"instock","12":"shipping-taxable","13":"purchasable","14":"product-type-simple"},"aioseo_notices":[],"_links":{"self":[{"href":"https:\/\/purewools.com\/en\/wp-json\/wp\/v2\/product\/6421","targetHints":{"allow":["GET"]}}],"collection":[{"href":"https:\/\/purewools.com\/en\/wp-json\/wp\/v2\/product"}],"about":[{"href":"https:\/\/purewools.com\/en\/wp-json\/wp\/v2\/types\/product"}],"replies":[{"embeddable":true,"href":"https:\/\/purewools.com\/en\/wp-json\/wp\/v2\/comments?post=6421"}],"wp:featuredmedia":[{"embeddable":true,"href":"https:\/\/purewools.com\/en\/wp-json\/wp\/v2\/media\/6428"}],"wp:attachment":[{"href":"https:\/\/purewools.com\/en\/wp-json\/wp\/v2\/media?parent=6421"}],"wp:term":[{"taxonomy":"product_brand","embeddable":true,"href":"https:\/\/purewools.com\/en\/wp-json\/wp\/v2\/product_brand?post=6421"},{"taxonomy":"product_cat","embeddable":true,"href":"https:\/\/purewools.com\/en\/wp-json\/wp\/v2\/product_cat?post=6421"},{"taxonomy":"product_tag","embeddable":true,"href":"https:\/\/purewools.com\/en\/wp-json\/wp\/v2\/product_tag?post=6421"}],"curies":[{"name":"wp","href":"https:\/\/api.w.org\/{rel}","templated":true}]}}