{"id":6420,"date":"2025-08-31T12:03:39","date_gmt":"2025-08-31T12:03:39","guid":{"rendered":"https:\/\/purewools.com\/?post_type=product&#038;p=6420"},"modified":"2025-09-13T18:20:49","modified_gmt":"2025-09-13T18:20:49","slug":"vilnones-pirstines-ziemos-rastai","status":"publish","type":"product","link":"https:\/\/purewools.com\/en\/product\/vilnones-pirstines-ziemos-rastai\/","title":{"rendered":"Wool gloves. WINTER PATTERNS"},"content":{"rendered":"<p>Stylish and warm wool gloves.<\/p>\n<p>These warm and stylish wool gloves are adorned with a Scandinavian pattern. Made from high-quality wool, they retain heat beautifully while allowing the skin to breathe, keeping your hands warm even in cold weather. The elastic knit structure ensures a comfortable and snug fit.<\/p>\n<p>A perfect choice for the winter season and a unique gift for your loved ones.<\/p>\n<p>\u2013 Composition: 100% wool<\/p>\n<p>\u2013 Size: L<\/p>\n<p>\u2013 Made in EU<\/p>\n<p>*Please note that the actual color of the product may slightly differ from what you see in the photos due to lighting conditions during photography and variations in computer monitor or mobile screen settings.<\/p>","protected":false},"excerpt":{"rendered":"<p>Stilingos ir \u0161iltos vilnon\u0117s pir\u0161tin\u0117s. \u0160iltos ir stilingos vilnon\u0117s pir\u0161tin\u0117s, puo\u0161tos skandinavi\u0161ku ra\u0161tu. Pagamintos i\u0161 auk\u0161tos kokyb\u0117s vilnos, jos puikiai sulaiko \u0161ilum\u0105 ir leid\u017eia odai kv\u0117puoti, tod\u0117l rankos i\u0161lieka \u0161iltos net ir \u0161altu oru. Tampri mezgimo strukt\u016bra u\u017etikrina patog\u0173 prigludim\u0105 ir komfort\u0105 d\u0117vint. Puikus pasirinkimas \u017eiemos sezonui ir i\u0161skirtin\u0117 dovana mylimiems \u017emon\u0117ms. \u2013 Sud\u0117tis: 100% [&hellip;]<\/p>","protected":false},"featured_media":6430,"comment_status":"open","ping_status":"closed","template":"","meta":[],"product_brand":[],"product_cat":[187,189,192],"product_tag":[],"class_list":{"0":"post-6420","1":"product","2":"type-product","3":"status-publish","4":"has-post-thumbnail","6":"product_cat-aksesuarai","7":"product_cat-pirstines","8":"product_cat-vyriskos","10":"first","11":"instock","12":"shipping-taxable","13":"purchasable","14":"product-type-simple"},"aioseo_notices":[],"_links":{"self":[{"href":"https:\/\/purewools.com\/en\/wp-json\/wp\/v2\/product\/6420","targetHints":{"allow":["GET"]}}],"collection":[{"href":"https:\/\/purewools.com\/en\/wp-json\/wp\/v2\/product"}],"about":[{"href":"https:\/\/purewools.com\/en\/wp-json\/wp\/v2\/types\/product"}],"replies":[{"embeddable":true,"href":"https:\/\/purewools.com\/en\/wp-json\/wp\/v2\/comments?post=6420"}],"wp:featuredmedia":[{"embeddable":true,"href":"https:\/\/purewools.com\/en\/wp-json\/wp\/v2\/media\/6430"}],"wp:attachment":[{"href":"https:\/\/purewools.com\/en\/wp-json\/wp\/v2\/media?parent=6420"}],"wp:term":[{"taxonomy":"product_brand","embeddable":true,"href":"https:\/\/purewools.com\/en\/wp-json\/wp\/v2\/product_brand?post=6420"},{"taxonomy":"product_cat","embeddable":true,"href":"https:\/\/purewools.com\/en\/wp-json\/wp\/v2\/product_cat?post=6420"},{"taxonomy":"product_tag","embeddable":true,"href":"https:\/\/purewools.com\/en\/wp-json\/wp\/v2\/product_tag?post=6420"}],"curies":[{"name":"wp","href":"https:\/\/api.w.org\/{rel}","templated":true}]}}