{"id":6419,"date":"2025-08-31T12:03:38","date_gmt":"2025-08-31T12:03:38","guid":{"rendered":"https:\/\/purewools.com\/?post_type=product&#038;p=6419"},"modified":"2025-08-31T12:11:46","modified_gmt":"2025-08-31T12:11:46","slug":"vilnonis-salikas","status":"publish","type":"product","link":"https:\/\/purewools.com\/en\/product\/vilnonis-salikas\/","title":{"rendered":"Wool scarf"},"content":{"rendered":"<p>100% wool grey scarf with red patterns and fringes. This eye-catching scarf is the perfect accessory to brighten up your look! Suitable for both women and men, it adds a bold touch of style while keeping you warm.<\/p>\n<p>\u2013 Composition: 100% wool<\/p>\n<p>\u2013 Length: 180 cm<\/p>\n<p>\u2013 Width: 15 cm<\/p>\n<p>\u2013 Made in EU<\/p>\n<p>*Please note that the actual color of the product may slightly differ from what you see in the photos due to lighting conditions during photography and variations in computer monitor or mobile screen settings.<\/p>","protected":false},"excerpt":{"rendered":"<p>100% vilnonis, pilkas \u0161alikas su raudonos spalvos ra\u0161tais ir kutais. \u0160is ry\u0161kus \u0161alikas gali b\u016bti puiki stiliaus detal\u0117, kuri pagyvins J\u016bs\u0173 \u012fvaizd\u012f! Tinkamas moterims ir vyrams. \u2013 Sud\u0117tis: 100% vilna \u2013 Ilgis: 180 cm \u2013 Plotis: 15 cm \u2013 Pagaminta Estijoje *Atkreipkite d\u0117mes\u012f, jog prek\u0117s spalva gali \u0161iek tiek skirtis nuo matom\u0173 nuotraukoje, d\u0117l produkto [&hellip;]<\/p>","protected":false},"featured_media":6438,"comment_status":"open","ping_status":"closed","template":"","meta":[],"product_brand":[],"product_cat":[187,188],"product_tag":[],"class_list":{"0":"post-6419","1":"product","2":"type-product","3":"status-publish","4":"has-post-thumbnail","6":"product_cat-aksesuarai","7":"product_cat-salikai","9":"first","10":"instock","11":"shipping-taxable","12":"purchasable","13":"product-type-simple"},"aioseo_notices":[],"_links":{"self":[{"href":"https:\/\/purewools.com\/en\/wp-json\/wp\/v2\/product\/6419","targetHints":{"allow":["GET"]}}],"collection":[{"href":"https:\/\/purewools.com\/en\/wp-json\/wp\/v2\/product"}],"about":[{"href":"https:\/\/purewools.com\/en\/wp-json\/wp\/v2\/types\/product"}],"replies":[{"embeddable":true,"href":"https:\/\/purewools.com\/en\/wp-json\/wp\/v2\/comments?post=6419"}],"wp:featuredmedia":[{"embeddable":true,"href":"https:\/\/purewools.com\/en\/wp-json\/wp\/v2\/media\/6438"}],"wp:attachment":[{"href":"https:\/\/purewools.com\/en\/wp-json\/wp\/v2\/media?parent=6419"}],"wp:term":[{"taxonomy":"product_brand","embeddable":true,"href":"https:\/\/purewools.com\/en\/wp-json\/wp\/v2\/product_brand?post=6419"},{"taxonomy":"product_cat","embeddable":true,"href":"https:\/\/purewools.com\/en\/wp-json\/wp\/v2\/product_cat?post=6419"},{"taxonomy":"product_tag","embeddable":true,"href":"https:\/\/purewools.com\/en\/wp-json\/wp\/v2\/product_tag?post=6419"}],"curies":[{"name":"wp","href":"https:\/\/api.w.org\/{rel}","templated":true}]}}