{"id":6406,"date":"2025-08-31T12:00:18","date_gmt":"2025-08-31T12:00:18","guid":{"rendered":"https:\/\/purewools.com\/?post_type=product&#038;p=6406"},"modified":"2025-12-10T08:34:21","modified_gmt":"2025-12-10T08:34:21","slug":"vilnones-slepetes-naminukai","status":"publish","type":"product","link":"https:\/\/purewools.com\/en\/product\/vilnones-slepetes-naminukai\/","title":{"rendered":"Wool slippers. HOMIES"},"content":{"rendered":"<p>The perfect slippers for cozy evenings at home.<\/p>\n<p>Experience comfort and natural warmth with these closed wool felt slippers that provide gentle heat and support with every step.<\/p>\n<p>\u2022\tNatural felt \u2013 the upper, lining, and insole are all made from high-quality wool felt that allows feet to breathe.<br \/>\n\u2022\tClosed front and heel \u2013 for extra warmth and stability.<br \/>\n\u2022\tFlexible rubber sole \u2013 non-slip, non-marking, and durable, suitable for all types of flooring.<br \/>\n\u2022\tGenuine leather logo \u2013 a subtle detail that highlights quality and uniqueness. These slippers are the perfect choice for those seeking natural, comfortable, and long-lasting home footwear. Let your feet enjoy coziness every day.<br \/>\n\u2013 Composition: 100% wool<\/p>\n<p>\u2013 Sizes: 36, 37, 38, 39, 40, 41, 42<\/p>\n<p>\u2013 Made in EU<\/p>\n<p>*Please note that the actual color of the product may slightly differ from what you see in the photos due to lighting conditions during photography and variations in computer monitor or mobile screen settings.<\/p>","protected":false},"excerpt":{"rendered":"<p>Tobulos \u0161lepet\u0117s jaukiems vakarams namuose. Atraskite komfort\u0105 ir nat\u016bralum\u0105 su \u0161iomis u\u017edaromis veltinio \u0161lepet\u0117mis, kurios puikiai su\u0161ildo ir u\u017etikrina patogum\u0105 kiekviename \u017eingsnyje Nat\u016bralus veltinis &#8211; tiek vir\u0161us, tiek pamu\u0161alas ir vidpadis pagaminti i\u0161 auk\u0161tos kokyb\u0117s vilnos veltinio, kuris leid\u017eia p\u0117doms kv\u0117puoti. U\u017edara priekin\u0117 dalis ir kulnas &#8211; suteikia dar daugiau \u0161ilumos ir stabilumo. Lankstus guminis [&hellip;]<\/p>","protected":false},"featured_media":6408,"comment_status":"open","ping_status":"closed","template":"","meta":[],"product_brand":[],"product_cat":[204,203,156],"product_tag":[],"class_list":{"0":"post-6406","1":"product","2":"type-product","3":"status-publish","4":"has-post-thumbnail","6":"product_cat-moterims","7":"product_cat-vyrams","8":"product_cat-slepetes","10":"first","11":"instock","12":"shipping-taxable","13":"purchasable","14":"product-type-simple"},"aioseo_notices":[],"_links":{"self":[{"href":"https:\/\/purewools.com\/en\/wp-json\/wp\/v2\/product\/6406","targetHints":{"allow":["GET"]}}],"collection":[{"href":"https:\/\/purewools.com\/en\/wp-json\/wp\/v2\/product"}],"about":[{"href":"https:\/\/purewools.com\/en\/wp-json\/wp\/v2\/types\/product"}],"replies":[{"embeddable":true,"href":"https:\/\/purewools.com\/en\/wp-json\/wp\/v2\/comments?post=6406"}],"wp:featuredmedia":[{"embeddable":true,"href":"https:\/\/purewools.com\/en\/wp-json\/wp\/v2\/media\/6408"}],"wp:attachment":[{"href":"https:\/\/purewools.com\/en\/wp-json\/wp\/v2\/media?parent=6406"}],"wp:term":[{"taxonomy":"product_brand","embeddable":true,"href":"https:\/\/purewools.com\/en\/wp-json\/wp\/v2\/product_brand?post=6406"},{"taxonomy":"product_cat","embeddable":true,"href":"https:\/\/purewools.com\/en\/wp-json\/wp\/v2\/product_cat?post=6406"},{"taxonomy":"product_tag","embeddable":true,"href":"https:\/\/purewools.com\/en\/wp-json\/wp\/v2\/product_tag?post=6406"}],"curies":[{"name":"wp","href":"https:\/\/api.w.org\/{rel}","templated":true}]}}