{"id":6331,"date":"2025-08-31T11:46:57","date_gmt":"2025-08-31T11:46:57","guid":{"rendered":"https:\/\/purewools.com\/?post_type=product&#038;p=6331"},"modified":"2025-11-29T20:04:55","modified_gmt":"2025-11-29T20:04:55","slug":"vilnones-veltinio-slepetes-siluma-pedoms","status":"publish","type":"product","link":"https:\/\/purewools.com\/en\/product\/vilnones-veltinio-slepetes-siluma-pedoms\/","title":{"rendered":"Wool felt slippers. WARMTH FOR YOUR FEET"},"content":{"rendered":"<p>The perfect choice for those seeking natural warmth and lightness.<\/p>\n<p>Indoor slippers made of natural felt \u2013 warmth with every step.<\/p>\n<p>Crafted from premium sheep\u2019s wool felt, these cozy slippers keep your feet warm while allowing them to breathe. The upper, lining, and insole are made entirely from natural felt, ensuring softness and comfort.<\/p>\n<p>Every step feels even more comfortable thanks to the 4 mm EVA rubber sole, which provides excellent grip and leaves no marks on the floor. The design is especially suitable for higher insteps, while the breathable wool prevents sweating.<\/p>\n<p>\u2013 Composition: 100% wool felt<\/p>\n<p>\u2013 Sizes: 35\/36, 37\/38, 39\/40, 41\/42, 43\/44, 45\/46, 47\/48<\/p>\n<p>\u2013 Made in EU<\/p>\n<p>*Please note that the actual color of the product may slightly differ from what you see in the photos due to lighting conditions during photography and variations in computer monitor or mobile screen settings.<\/p>","protected":false},"excerpt":{"rendered":"<p>Tobulas pasirinkimas ie\u0161kantiems nat\u016bralios \u0161ilumos ir lengvumo. Vidaus \u0161lepet\u0117s i\u0161 nat\u016bralaus veltinio &#8211; \u0161iluma kiekvienam \u017eingsniui. \u0160ios malonios \u0161iltos \u0161lepet\u0117s pagamintos i\u0161 auk\u0161\u010diausios kokyb\u0117s avies vilnos veltinio, tod\u0117l jos \u0161ildo ir leid\u017eia kojoms kv\u0117puoti. Vir\u0161us, pamu\u0161alas ir vidpadis pagaminti i\u0161 nat\u016bralios avies vilnos veltinio, u\u017etikrinant \u0161velnum\u0105 ir komfort\u0105. Kiekvienas \u017eingsnis tampa dar patogesnis d\u0117ka 4 [&hellip;]<\/p>","protected":false},"featured_media":6342,"comment_status":"open","ping_status":"closed","template":"","meta":[],"product_brand":[],"product_cat":[204,203,156],"product_tag":[],"class_list":{"0":"post-6331","1":"product","2":"type-product","3":"status-publish","4":"has-post-thumbnail","6":"product_cat-moterims","7":"product_cat-vyrams","8":"product_cat-slepetes","10":"first","11":"instock","12":"shipping-taxable","13":"purchasable","14":"product-type-variable"},"aioseo_notices":[],"_links":{"self":[{"href":"https:\/\/purewools.com\/en\/wp-json\/wp\/v2\/product\/6331","targetHints":{"allow":["GET"]}}],"collection":[{"href":"https:\/\/purewools.com\/en\/wp-json\/wp\/v2\/product"}],"about":[{"href":"https:\/\/purewools.com\/en\/wp-json\/wp\/v2\/types\/product"}],"replies":[{"embeddable":true,"href":"https:\/\/purewools.com\/en\/wp-json\/wp\/v2\/comments?post=6331"}],"wp:featuredmedia":[{"embeddable":true,"href":"https:\/\/purewools.com\/en\/wp-json\/wp\/v2\/media\/6342"}],"wp:attachment":[{"href":"https:\/\/purewools.com\/en\/wp-json\/wp\/v2\/media?parent=6331"}],"wp:term":[{"taxonomy":"product_brand","embeddable":true,"href":"https:\/\/purewools.com\/en\/wp-json\/wp\/v2\/product_brand?post=6331"},{"taxonomy":"product_cat","embeddable":true,"href":"https:\/\/purewools.com\/en\/wp-json\/wp\/v2\/product_cat?post=6331"},{"taxonomy":"product_tag","embeddable":true,"href":"https:\/\/purewools.com\/en\/wp-json\/wp\/v2\/product_tag?post=6331"}],"curies":[{"name":"wp","href":"https:\/\/api.w.org\/{rel}","templated":true}]}}