{"id":6330,"date":"2025-08-31T11:46:57","date_gmt":"2025-08-31T11:46:57","guid":{"rendered":"https:\/\/purewools.com\/?post_type=product&#038;p=6330"},"modified":"2025-08-31T11:48:23","modified_gmt":"2025-08-31T11:48:23","slug":"naturalios-vilnos-slepetes-jaukus-pasivaiksciojimai-namuose","status":"publish","type":"product","link":"https:\/\/purewools.com\/en\/product\/naturalios-vilnos-slepetes-jaukus-pasivaiksciojimai-namuose\/","title":{"rendered":"Natural wool slippers. COZY WALKS AT HOME"},"content":{"rendered":"<p>Lightweight, warm, and cozy \u2013 perfect for relaxing at home.<\/p>\n<p>Discover natural comfort with these easy-to-slip-on indoor slippers made of pure wool felt. They will take care of your feet\u2019s warmth and everyday comfort.<\/p>\n<p>The upper, lining, and insole are made from breathable natural felt, ensuring your feet stay warm without overheating.<\/p>\n<p>A thin, flexible rubber sole provides walking comfort, prevents slipping, and keeps the slippers light and easy to wear.<\/p>\n<p>\u2013 Composition: 100% wool felt<\/p>\n<p>\u2013 Sizes: 35\/36, 37\/38, 39\/40, 41\/42, 43\/44, 45\/46, 47\/48<\/p>\n<p>\u2013 Made in EU<\/p>\n<p>*Please note that the actual color of the product may slightly differ from what you see in the photos due to lighting conditions during photography and variations in computer monitor or mobile screen settings.<\/p>","protected":false},"excerpt":{"rendered":"<p>Lengvos, \u0161iltos ir jaukios \u2013 idealiai tinkan\u010dios nam\u0173 poilsiui. Atraskite nat\u016bral\u0173 jaukum\u0105 &#8211; lengvai apsiaunamos kambarin\u0117s \u0161lepet\u0117s i\u0161 nat\u016bralaus vilnos veltinio pasir\u016bpins ne tik j\u016bs\u0173 koj\u0173 \u0161iluma, bet ir komfortu kiekvien\u0105 dien\u0105. \u0160lepe\u010di\u0173 vir\u0161us, pamu\u0161alas ir vidpadis pagaminti i\u0161 kv\u0117puojan\u010dio nat\u016bralaus veltinio, tod\u0117l kojos i\u0161lieka \u0161iltos, ta\u010diau neprakaituoja. Plonas, lankstus guminis padas suteikia patogum\u0105 vaik\u0161tant, [&hellip;]<\/p>","protected":false},"featured_media":6333,"comment_status":"open","ping_status":"closed","template":"","meta":[],"product_brand":[],"product_cat":[204,203,156],"product_tag":[],"class_list":{"0":"post-6330","1":"product","2":"type-product","3":"status-publish","4":"has-post-thumbnail","6":"product_cat-moterims","7":"product_cat-vyrams","8":"product_cat-slepetes","10":"first","11":"instock","12":"shipping-taxable","13":"purchasable","14":"product-type-variable"},"aioseo_notices":[],"_links":{"self":[{"href":"https:\/\/purewools.com\/en\/wp-json\/wp\/v2\/product\/6330","targetHints":{"allow":["GET"]}}],"collection":[{"href":"https:\/\/purewools.com\/en\/wp-json\/wp\/v2\/product"}],"about":[{"href":"https:\/\/purewools.com\/en\/wp-json\/wp\/v2\/types\/product"}],"replies":[{"embeddable":true,"href":"https:\/\/purewools.com\/en\/wp-json\/wp\/v2\/comments?post=6330"}],"wp:featuredmedia":[{"embeddable":true,"href":"https:\/\/purewools.com\/en\/wp-json\/wp\/v2\/media\/6333"}],"wp:attachment":[{"href":"https:\/\/purewools.com\/en\/wp-json\/wp\/v2\/media?parent=6330"}],"wp:term":[{"taxonomy":"product_brand","embeddable":true,"href":"https:\/\/purewools.com\/en\/wp-json\/wp\/v2\/product_brand?post=6330"},{"taxonomy":"product_cat","embeddable":true,"href":"https:\/\/purewools.com\/en\/wp-json\/wp\/v2\/product_cat?post=6330"},{"taxonomy":"product_tag","embeddable":true,"href":"https:\/\/purewools.com\/en\/wp-json\/wp\/v2\/product_tag?post=6330"}],"curies":[{"name":"wp","href":"https:\/\/api.w.org\/{rel}","templated":true}]}}