{"id":6329,"date":"2025-08-31T11:46:56","date_gmt":"2025-08-31T11:46:56","guid":{"rendered":"https:\/\/purewools.com\/?post_type=product&#038;p=6329"},"modified":"2025-08-31T11:53:56","modified_gmt":"2025-08-31T11:53:56","slug":"vilnones-slepetes-avies-vilnos-minkstumas","status":"publish","type":"product","link":"https:\/\/purewools.com\/en\/product\/vilnones-slepetes-avies-vilnos-minkstumas\/","title":{"rendered":"Wool slippers. THE SOFTNESS OF SHEEP\u2019S WOOL"},"content":{"rendered":"<p>Enjoy softness and comfort every day.<\/p>\n<p>Discover warmth and coziness with the Softness of Sheep\u2019s Wool slippers \u2013 designed to make every step at home light and pleasant. The upper is made of soft textile, while the lining is crafted from 100% natural sheep\u2019s wool, gently warming your feet even on the coldest days.<\/p>\n<p>A cushioned latex insole, covered with sheep\u2019s wool, provides extra softness and support, while the flexible rubber sole ensures walking comfort and leaves no marks on the floor.<\/p>\n<p>\u2013 Composition: 100% wool felt<\/p>\n<p>\u2013 Sizes: 37\/38, 39\/40, 41\/42, 43\/44, 45\/46<\/p>\n<p>\u2013 Made in EU<\/p>\n<p>*Please note that the actual color of the product may slightly differ from what you see in the photos due to lighting conditions during photography and variations in computer monitor or mobile screen settings.<\/p>","protected":false},"excerpt":{"rendered":"<p>M\u0117gaukit\u0117s \u0161velnumu ir komfortu kasdien. Atraskite \u0161ilum\u0105 ir komfort\u0105 su AVIES VILNOS MINK\u0160TUMAS \u0161lepet\u0117mis &#8211; jos sukurtos tam, kad kiekvienas \u017eingsnis namuose b\u016bt\u0173 lengvas ir malonus. \u0160i\u0173 \u0161lepe\u010di\u0173 vir\u0161us pagamintas i\u0161 mink\u0161tos tekstil\u0117s, o pamu\u0161alas &#8211; 100% nat\u016bralios avies vilnos, kuri \u0161velniai su\u0161ildo kojas net ir \u0161al\u010diausiomis dienomis. Mink\u0161tas latekso vidpadis, padengtas avies vilna, suteikia [&hellip;]<\/p>","protected":false},"featured_media":6364,"comment_status":"open","ping_status":"closed","template":"","meta":[],"product_brand":[],"product_cat":[204,203,156],"product_tag":[],"class_list":{"0":"post-6329","1":"product","2":"type-product","3":"status-publish","4":"has-post-thumbnail","6":"product_cat-moterims","7":"product_cat-vyrams","8":"product_cat-slepetes","10":"first","11":"instock","12":"shipping-taxable","13":"purchasable","14":"product-type-variable"},"aioseo_notices":[],"_links":{"self":[{"href":"https:\/\/purewools.com\/en\/wp-json\/wp\/v2\/product\/6329","targetHints":{"allow":["GET"]}}],"collection":[{"href":"https:\/\/purewools.com\/en\/wp-json\/wp\/v2\/product"}],"about":[{"href":"https:\/\/purewools.com\/en\/wp-json\/wp\/v2\/types\/product"}],"replies":[{"embeddable":true,"href":"https:\/\/purewools.com\/en\/wp-json\/wp\/v2\/comments?post=6329"}],"wp:featuredmedia":[{"embeddable":true,"href":"https:\/\/purewools.com\/en\/wp-json\/wp\/v2\/media\/6364"}],"wp:attachment":[{"href":"https:\/\/purewools.com\/en\/wp-json\/wp\/v2\/media?parent=6329"}],"wp:term":[{"taxonomy":"product_brand","embeddable":true,"href":"https:\/\/purewools.com\/en\/wp-json\/wp\/v2\/product_brand?post=6329"},{"taxonomy":"product_cat","embeddable":true,"href":"https:\/\/purewools.com\/en\/wp-json\/wp\/v2\/product_cat?post=6329"},{"taxonomy":"product_tag","embeddable":true,"href":"https:\/\/purewools.com\/en\/wp-json\/wp\/v2\/product_tag?post=6329"}],"curies":[{"name":"wp","href":"https:\/\/api.w.org\/{rel}","templated":true}]}}