{"id":6328,"date":"2025-08-31T11:46:56","date_gmt":"2025-08-31T11:46:56","guid":{"rendered":"https:\/\/purewools.com\/?post_type=product&#038;p=6328"},"modified":"2025-08-31T11:52:25","modified_gmt":"2025-08-31T11:52:25","slug":"vilnones-slepetes","status":"publish","type":"product","link":"https:\/\/purewools.com\/en\/product\/vilnones-slepetes\/","title":{"rendered":"Wool slippers"},"content":{"rendered":"<p>Natural wool slippers \u2013 a perfect choice for both women and men, providing comfort and warmth all year round.\nWool has a unique property that allows feet to breathe without causing sweating, making these slippers ideal for both cold and warm seasons.<\/p>\n<p>\u2013 Sizes: 35\/36, 37\/38, 39\/40, 41\/42, 43\/44, 45\/46, 47\/48<\/p>\n<p>\u2013 Made in EU<\/p>","protected":false},"excerpt":{"rendered":"<p>Nat\u016bralios vilnos \u0161lepet\u0117s yra puikus pasirinkimas tiek moterims, tiek vyrams, suteikian\u010dios komfort\u0105 ir \u0161ilum\u0105 visais met\u0173 laikais. Vilna turi unikali\u0105 savyb\u0119, leid\u017eian\u010di\u0105 kojoms kv\u0117puoti ir nesukelti prakaitavimo, tod\u0117l \u0161ios \u0161lepet\u0117s tampa idealiu pasirinkimu tiek \u0161altuoju, tiek \u0161iltuoju sezonu. \u2013 Dydis: 35\/36, 37\/38, 39\/\/40, 41\/42, 43\/44, 45\/46, 47\/48 \u2013 Pagaminta EU<\/p>","protected":false},"featured_media":6361,"comment_status":"open","ping_status":"closed","template":"","meta":[],"product_brand":[],"product_cat":[204,203,156],"product_tag":[],"class_list":{"0":"post-6328","1":"product","2":"type-product","3":"status-publish","4":"has-post-thumbnail","6":"product_cat-moterims","7":"product_cat-vyrams","8":"product_cat-slepetes","10":"first","11":"instock","12":"shipping-taxable","13":"purchasable","14":"product-type-variable"},"aioseo_notices":[],"_links":{"self":[{"href":"https:\/\/purewools.com\/en\/wp-json\/wp\/v2\/product\/6328","targetHints":{"allow":["GET"]}}],"collection":[{"href":"https:\/\/purewools.com\/en\/wp-json\/wp\/v2\/product"}],"about":[{"href":"https:\/\/purewools.com\/en\/wp-json\/wp\/v2\/types\/product"}],"replies":[{"embeddable":true,"href":"https:\/\/purewools.com\/en\/wp-json\/wp\/v2\/comments?post=6328"}],"wp:featuredmedia":[{"embeddable":true,"href":"https:\/\/purewools.com\/en\/wp-json\/wp\/v2\/media\/6361"}],"wp:attachment":[{"href":"https:\/\/purewools.com\/en\/wp-json\/wp\/v2\/media?parent=6328"}],"wp:term":[{"taxonomy":"product_brand","embeddable":true,"href":"https:\/\/purewools.com\/en\/wp-json\/wp\/v2\/product_brand?post=6328"},{"taxonomy":"product_cat","embeddable":true,"href":"https:\/\/purewools.com\/en\/wp-json\/wp\/v2\/product_cat?post=6328"},{"taxonomy":"product_tag","embeddable":true,"href":"https:\/\/purewools.com\/en\/wp-json\/wp\/v2\/product_tag?post=6328"}],"curies":[{"name":"wp","href":"https:\/\/api.w.org\/{rel}","templated":true}]}}