{"id":6327,"date":"2025-08-31T11:56:12","date_gmt":"2025-08-31T11:56:12","guid":{"rendered":"https:\/\/purewools.com\/?post_type=product&#038;p=6327"},"modified":"2025-09-13T18:50:47","modified_gmt":"2025-09-13T18:50:47","slug":"vilnones-vaikiskos-slepetes-jaukios-pedutes","status":"publish","type":"product","link":"https:\/\/purewools.com\/en\/product\/vilnones-vaikiskos-slepetes-jaukios-pedutes\/","title":{"rendered":"Wool kids\u2019 slippers. COZY LITTLE FEET"},"content":{"rendered":"<p>Soft steps, warm feet.<\/p>\n<p>These children\u2019s slippers are made of natural felt with an inner lining of 100% sheep wool, providing extra warmth and softness. The wider front makes them comfortable to wear even barefoot.<\/p>\n<p>Why choose these slippers?<\/p>\n<p>\u2022\tNatural materials \u2013 felt upper with 100% sheep wool lining.<br \/>\n\u2022\tComfortable fastening \u2013 easily adjustable with Velcro.<br \/>\n\u2022\tFlexible sole \u2013 thin, non-slip, covered with PU microfiber.<br \/>\n\u2022\tCozy warmth \u2013 keeps feet warm at all times.<br \/>\nA perfect choice for little feet that value comfort and natural care.<\/p>\n<p>\u2013 Composition: 100% sheep wool<\/p>\n<p>\u2013 Sizes: 20\/21, 22\/23, 24\/25, 26\/26, 27\/28, 29\/30, 30\/31<\/p>\n<p>\u2013 Made in EU<\/p>\n<p>*Please note that the actual color of the product may slightly differ from what you see in the photos due to lighting conditions during photography and variations in computer monitor or mobile screen settings.<\/p>","protected":false},"excerpt":{"rendered":"<p>Mink\u0161ti \u017eingsniai, \u0161iltos kojos. Vaiki\u0161kos \u0161lepet\u0117s pagamintos i\u0161 nat\u016bralaus veltinio, o j\u0173 vidin\u0117 dalis i\u0161klota 100% avies vilna, kuri suteikia dar daugiau \u0161ilumos ir mink\u0161tumo. \u0160lepet\u0117s turi platesn\u0119 priekin\u0119 dal\u012f, tod\u0117l yra tinkamos d\u0117v\u0117ti basomis. Kod\u0117l verta rinktis \u0161ias \u0161lepetes? Nat\u016bralios med\u017eiagos &#8211; vir\u0161us i\u0161 veltinio, pamu\u0161alas i\u0161 100% avies vilnos. Patogus u\u017esegimas &#8211; lengvai [&hellip;]<\/p>","protected":false},"featured_media":6877,"comment_status":"open","ping_status":"closed","template":"","meta":[],"product_brand":[],"product_cat":[202,156],"product_tag":[],"class_list":{"0":"post-6327","1":"product","2":"type-product","3":"status-publish","4":"has-post-thumbnail","6":"product_cat-vaikams","7":"product_cat-slepetes","9":"first","10":"instock","11":"shipping-taxable","12":"purchasable","13":"product-type-variable"},"aioseo_notices":[],"_links":{"self":[{"href":"https:\/\/purewools.com\/en\/wp-json\/wp\/v2\/product\/6327","targetHints":{"allow":["GET"]}}],"collection":[{"href":"https:\/\/purewools.com\/en\/wp-json\/wp\/v2\/product"}],"about":[{"href":"https:\/\/purewools.com\/en\/wp-json\/wp\/v2\/types\/product"}],"replies":[{"embeddable":true,"href":"https:\/\/purewools.com\/en\/wp-json\/wp\/v2\/comments?post=6327"}],"wp:featuredmedia":[{"embeddable":true,"href":"https:\/\/purewools.com\/en\/wp-json\/wp\/v2\/media\/6877"}],"wp:attachment":[{"href":"https:\/\/purewools.com\/en\/wp-json\/wp\/v2\/media?parent=6327"}],"wp:term":[{"taxonomy":"product_brand","embeddable":true,"href":"https:\/\/purewools.com\/en\/wp-json\/wp\/v2\/product_brand?post=6327"},{"taxonomy":"product_cat","embeddable":true,"href":"https:\/\/purewools.com\/en\/wp-json\/wp\/v2\/product_cat?post=6327"},{"taxonomy":"product_tag","embeddable":true,"href":"https:\/\/purewools.com\/en\/wp-json\/wp\/v2\/product_tag?post=6327"}],"curies":[{"name":"wp","href":"https:\/\/api.w.org\/{rel}","templated":true}]}}