{"id":6271,"date":"2025-08-31T10:28:08","date_gmt":"2025-08-31T10:28:08","guid":{"rendered":"https:\/\/purewools.com\/?post_type=product&#038;p=6271"},"modified":"2025-08-31T10:28:08","modified_gmt":"2025-08-31T10:28:08","slug":"dovanu-rinkinys-naturalios-vilnos-pledas-2","status":"publish","type":"product","link":"https:\/\/purewools.com\/en\/product\/dovanu-rinkinys-naturalios-vilnos-pledas-2\/","title":{"rendered":"Gift set \u2013 Natural wool throw"},"content":{"rendered":"<p>Nat\u016bralios vilnos pledas &#8211; puikus pasirinkimas kiekvieniems namams. Jis ne tik suteikia \u0161ilumos ir jaukumo, bet ir atspindi nat\u016bralum\u0105 bei ekologi\u0161kum\u0105. Vilna &#8211; kv\u0117puojanti med\u017eiaga, kuri reguliuoja temperat\u016br\u0105:  \u0161altomis \u017eiemos naktimis ji jus \u0161ildys, o vasar\u0105 leis j\u016bs\u0173 k\u016bnui nat\u016braliai v\u0117dintis. Be to, vilna puikiai sugeria dr\u0117gm\u0119, tod\u0117l pledas tinka tiek naudoti namuose, tiek lauke.<\/p>\n<p>Nat\u016bralios vilnos pledas OKEANAS i\u0161siskiria eleganti\u0161ka m\u0117lyna spalva, tod\u0117l tampa puikiu akcentu j\u016bs\u0173 interjere. Tai ne tik stilingas, bet ir prakti\u0161kas pasirinkimas &#8211; ilgaam\u017ei\u0161kas pledas d\u017eiugins jus daugel\u012f met\u0173, suteikdamas jaukumo ir \u0161ilumos kiekvien\u0105 dien\u0105.<\/p>\n<p>\u2013 Composition: 100% wool<\/p>\n<p>\u2013 Size: 140 \u00d7 200 cm<\/p>\n<p>\u2013 Made in Lithuania<\/p>\n<p>*Please note that the actual color of the product may slightly differ from what you see in the photos due to lighting conditions during photography and variations in computer monitor or mobile screen settings.<\/p>","protected":false},"excerpt":{"rendered":"<p>Nat\u016bralios vilnos pledas &#8211; puikus pasirinkimas kiekvieniems namams. Jis ne tik suteikia \u0161ilumos ir jaukumo, bet ir atspindi nat\u016bralum\u0105 bei ekologi\u0161kum\u0105. Vilna &#8211; kv\u0117puojanti med\u017eiaga, kuri reguliuoja temperat\u016br\u0105: \u0161altomis \u017eiemos naktimis ji jus \u0161ildys, o vasar\u0105 leis j\u016bs\u0173 k\u016bnui nat\u016braliai v\u0117dintis. Be to, vilna puikiai sugeria dr\u0117gm\u0119, tod\u0117l pledas tinka tiek naudoti namuose, tiek lauke. [&hellip;]<\/p>","protected":false},"featured_media":6274,"comment_status":"open","ping_status":"closed","template":"","meta":[],"product_brand":[],"product_cat":[198],"product_tag":[],"class_list":{"0":"post-6271","1":"product","2":"type-product","3":"status-publish","4":"has-post-thumbnail","6":"product_cat-dovanu-idejos","8":"first","9":"instock","10":"shipping-taxable","11":"purchasable","12":"product-type-simple"},"aioseo_notices":[],"_links":{"self":[{"href":"https:\/\/purewools.com\/en\/wp-json\/wp\/v2\/product\/6271","targetHints":{"allow":["GET"]}}],"collection":[{"href":"https:\/\/purewools.com\/en\/wp-json\/wp\/v2\/product"}],"about":[{"href":"https:\/\/purewools.com\/en\/wp-json\/wp\/v2\/types\/product"}],"replies":[{"embeddable":true,"href":"https:\/\/purewools.com\/en\/wp-json\/wp\/v2\/comments?post=6271"}],"wp:featuredmedia":[{"embeddable":true,"href":"https:\/\/purewools.com\/en\/wp-json\/wp\/v2\/media\/6274"}],"wp:attachment":[{"href":"https:\/\/purewools.com\/en\/wp-json\/wp\/v2\/media?parent=6271"}],"wp:term":[{"taxonomy":"product_brand","embeddable":true,"href":"https:\/\/purewools.com\/en\/wp-json\/wp\/v2\/product_brand?post=6271"},{"taxonomy":"product_cat","embeddable":true,"href":"https:\/\/purewools.com\/en\/wp-json\/wp\/v2\/product_cat?post=6271"},{"taxonomy":"product_tag","embeddable":true,"href":"https:\/\/purewools.com\/en\/wp-json\/wp\/v2\/product_tag?post=6271"}],"curies":[{"name":"wp","href":"https:\/\/api.w.org\/{rel}","templated":true}]}}