{"id":6262,"date":"2025-08-31T10:25:17","date_gmt":"2025-08-31T10:25:17","guid":{"rendered":"https:\/\/purewools.com\/?post_type=product&#038;p=6262"},"modified":"2025-08-31T10:28:48","modified_gmt":"2025-08-31T10:28:48","slug":"dovanu-rinkinys-elegantiska-ir-silta-dovana","status":"publish","type":"product","link":"https:\/\/purewools.com\/en\/product\/dovanu-rinkinys-elegantiska-ir-silta-dovana\/","title":{"rendered":"Gift set \u2013 Elegant and warm gift"},"content":{"rendered":"<p>Discover this beautiful natural wool throw, elegantly packaged in a brown cardboard box with a window.\nThe box is delicately decorated with a white ribbon and two pinecones, giving it a truly festive look. This unique piece is a perfect gift choice \u2013 not only visually elegant but also remarkable for its quality and beauty.<\/p>\n<p>\u2013 Composition: 100% wool<\/p>\n<p>\u2013 Size: 140 \u00d7 200 cm<\/p>\n<p>\u2013 Made in Lithuania<\/p>\n<p>*Please note that the actual color of the product may slightly differ from what you see in the photos due to lighting conditions during photography and variations in computer monitor or mobile screen settings.<\/p>","protected":false},"excerpt":{"rendered":"<p>Atraskite \u0161\u012f nuostab\u0173 nat\u016bralios vilnos pled\u0105, supakuot\u0105 eleganti\u0161koje rudoje kartonin\u0117je d\u0117\u017eut\u0117je su langeliu. D\u0117\u017eut\u0117 yra subtiliai dekoruota balta kaspin\u0117liu ir dviem pu\u0161\u0173 kankor\u0117\u017eiais, suteikdama jai ypating\u0105 \u0161ventin\u0119 i\u0161vaizd\u0105. \u0160is unikalus dirbinys yra puikus pasirinkimas dovanai, kuris ne tik eleganti\u0161kai atrodo, bet ir stebina savo kokybe bei gro\u017eiu. \u2013 Sud\u0117tis: 100% vilna \u2013 Dydis: 140&#215;200 cm [&hellip;]<\/p>","protected":false},"featured_media":6266,"comment_status":"open","ping_status":"closed","template":"","meta":[],"product_brand":[],"product_cat":[198],"product_tag":[],"class_list":{"0":"post-6262","1":"product","2":"type-product","3":"status-publish","4":"has-post-thumbnail","6":"product_cat-dovanu-idejos","8":"first","9":"instock","10":"shipping-taxable","11":"purchasable","12":"product-type-simple"},"aioseo_notices":[],"_links":{"self":[{"href":"https:\/\/purewools.com\/en\/wp-json\/wp\/v2\/product\/6262","targetHints":{"allow":["GET"]}}],"collection":[{"href":"https:\/\/purewools.com\/en\/wp-json\/wp\/v2\/product"}],"about":[{"href":"https:\/\/purewools.com\/en\/wp-json\/wp\/v2\/types\/product"}],"replies":[{"embeddable":true,"href":"https:\/\/purewools.com\/en\/wp-json\/wp\/v2\/comments?post=6262"}],"wp:featuredmedia":[{"embeddable":true,"href":"https:\/\/purewools.com\/en\/wp-json\/wp\/v2\/media\/6266"}],"wp:attachment":[{"href":"https:\/\/purewools.com\/en\/wp-json\/wp\/v2\/media?parent=6262"}],"wp:term":[{"taxonomy":"product_brand","embeddable":true,"href":"https:\/\/purewools.com\/en\/wp-json\/wp\/v2\/product_brand?post=6262"},{"taxonomy":"product_cat","embeddable":true,"href":"https:\/\/purewools.com\/en\/wp-json\/wp\/v2\/product_cat?post=6262"},{"taxonomy":"product_tag","embeddable":true,"href":"https:\/\/purewools.com\/en\/wp-json\/wp\/v2\/product_tag?post=6262"}],"curies":[{"name":"wp","href":"https:\/\/api.w.org\/{rel}","templated":true}]}}