{"id":6251,"date":"2025-08-30T15:04:57","date_gmt":"2025-08-30T15:04:57","guid":{"rendered":"https:\/\/purewools.com\/?post_type=product&#038;p=6251"},"modified":"2025-09-13T11:44:58","modified_gmt":"2025-09-13T11:44:58","slug":"zaisline-supama-kedute-vaikams-sokoladine-avyte","status":"publish","type":"product","link":"https:\/\/purewools.com\/en\/product\/zaisline-supama-kedute-vaikams-sokoladine-avyte\/","title":{"rendered":"Toy rocking chair for kids. CHOCOLATE SHEEP"},"content":{"rendered":"<p>Organic-shaped rocking chair made of natural linden wood \u2013 a timeless addition to any child\u2019s room, evoking the sweetest childhood memories even for adults.<\/p>\n<p>Covered in long brown fur, it will blend beautifully with any interior and quickly become a favorite toy-furniture piece for children of various ages. Wooden handles ensure safe rocking, while the sturdy wooden frame guarantees durability for years to come.<\/p>\n<p>\u2013 Dimensions: height 54 cm, length 80 cm, width 48 cm<\/p>\n<p>\u2013 Recommended age: 1.5 to 5 years<\/p>\n<p>\u2013 Materials: Linden wood, long-hair fur<\/p>\n<p>*Please note that the actual color of the product may slightly differ from what you see in the photos due to lighting conditions during photography and variations in computer monitor or mobile screen settings.<\/p>","protected":false},"excerpt":{"rendered":"<p>Organi\u0161k\u0173 form\u0173 supama k\u0117dut\u0117, pagaminta i\u0161 nat\u016bralios liepos medienos \u2013 laikui nepavaldus vaik\u0173 kambario elementas, kone kiekvien\u0105 suaugus\u012fj\u012f gra\u017einantis \u012f maloniausius vaikyst\u0117s prisiminimus. Apsiausta rudos spalvos ilgaplaukiu kailiu, ji puikiai der\u0117s prie bet kokio interjero ir taps m\u0117gstamu \u017eaislu-baldu \u012fvairaus am\u017eiaus vaikams. Saugum\u0105 supantis u\u017etikrins medin\u0117s rankenos, o stabilus medinis r\u0117mas tarnaus ilgus metus. \u2013 [&hellip;]<\/p>","protected":false},"featured_media":6853,"comment_status":"open","ping_status":"closed","template":"","meta":[],"product_brand":[],"product_cat":[176,154],"product_tag":[],"class_list":{"0":"post-6251","1":"product","2":"type-product","3":"status-publish","4":"has-post-thumbnail","6":"product_cat-supamos-kedutes","7":"product_cat-ranku-darbo-zaislai","9":"first","10":"instock","11":"shipping-taxable","12":"purchasable","13":"product-type-simple"},"aioseo_notices":[],"_links":{"self":[{"href":"https:\/\/purewools.com\/en\/wp-json\/wp\/v2\/product\/6251","targetHints":{"allow":["GET"]}}],"collection":[{"href":"https:\/\/purewools.com\/en\/wp-json\/wp\/v2\/product"}],"about":[{"href":"https:\/\/purewools.com\/en\/wp-json\/wp\/v2\/types\/product"}],"replies":[{"embeddable":true,"href":"https:\/\/purewools.com\/en\/wp-json\/wp\/v2\/comments?post=6251"}],"wp:featuredmedia":[{"embeddable":true,"href":"https:\/\/purewools.com\/en\/wp-json\/wp\/v2\/media\/6853"}],"wp:attachment":[{"href":"https:\/\/purewools.com\/en\/wp-json\/wp\/v2\/media?parent=6251"}],"wp:term":[{"taxonomy":"product_brand","embeddable":true,"href":"https:\/\/purewools.com\/en\/wp-json\/wp\/v2\/product_brand?post=6251"},{"taxonomy":"product_cat","embeddable":true,"href":"https:\/\/purewools.com\/en\/wp-json\/wp\/v2\/product_cat?post=6251"},{"taxonomy":"product_tag","embeddable":true,"href":"https:\/\/purewools.com\/en\/wp-json\/wp\/v2\/product_tag?post=6251"}],"curies":[{"name":"wp","href":"https:\/\/api.w.org\/{rel}","templated":true}]}}