{"id":6241,"date":"2025-08-30T15:02:56","date_gmt":"2025-08-30T15:02:56","guid":{"rendered":"https:\/\/purewools.com\/?post_type=product&#038;p=6241"},"modified":"2025-08-31T10:24:53","modified_gmt":"2025-08-31T10:24:53","slug":"supama-kedute-vaikams-avyte","status":"publish","type":"product","link":"https:\/\/purewools.com\/en\/product\/supama-kedute-vaikams-avyte\/","title":{"rendered":"Children\u2019s rocking chair. LITTLE SHEEP"},"content":{"rendered":"<p>Organic-shaped rocking chair made of natural linden wood \u2013 a timeless addition to any child\u2019s room, evoking the sweetest childhood memories even for adults.<\/p>\n<p>Covered in long white fur, it blends seamlessly with any interior and quickly becomes a favorite toy-furniture piece for children of different ages. Wooden handles ensure safe rocking, while the sturdy wooden frame guarantees durability for years to come.<\/p>\n<p>\u2013 Dimensions: height 54 cm, length 80 cm, width 48 cm<\/p>\n<p>\u2013 Recommended age: 1.5 to 5 years<\/p>\n<p>\u2013 Materials: Linden wood, natural long-hair fur<\/p>\n<p>*Please note that the actual color of the product may slightly differ from what you see in the photos due to lighting conditions during photography and variations in computer monitor or mobile screen settings.<\/p>","protected":false},"excerpt":{"rendered":"<p>Organi\u0161k\u0173 form\u0173 supama k\u0117dut\u0117, pagaminta i\u0161 nat\u016bralios liepos medienos \u2013 laikui nepavaldus vaik\u0173 kambario elementas, kone kiekvien\u0105 suaugus\u012fj\u012f gra\u017einantis \u012f maloniausius vaikyst\u0117s prisiminimus. Apsiausta baltos spalvos ilgaplaukiu kailiu, ji puikiai der\u0117s prie bet kokio interjero ir taps m\u0117gstamu \u017eaislu-baldu \u012fvairaus am\u017eiaus vaikams. Saugum\u0105 supantis u\u017etikrins medin\u0117s rankenos, o stabilus medinis r\u0117mas tarnaus ilgus metus. \u2013 [&hellip;]<\/p>","protected":false},"featured_media":6242,"comment_status":"open","ping_status":"closed","template":"","meta":[],"product_brand":[],"product_cat":[176,154],"product_tag":[],"class_list":{"0":"post-6241","1":"product","2":"type-product","3":"status-publish","4":"has-post-thumbnail","6":"product_cat-supamos-kedutes","7":"product_cat-ranku-darbo-zaislai","9":"first","10":"instock","11":"shipping-taxable","12":"purchasable","13":"product-type-simple"},"aioseo_notices":[],"_links":{"self":[{"href":"https:\/\/purewools.com\/en\/wp-json\/wp\/v2\/product\/6241","targetHints":{"allow":["GET"]}}],"collection":[{"href":"https:\/\/purewools.com\/en\/wp-json\/wp\/v2\/product"}],"about":[{"href":"https:\/\/purewools.com\/en\/wp-json\/wp\/v2\/types\/product"}],"replies":[{"embeddable":true,"href":"https:\/\/purewools.com\/en\/wp-json\/wp\/v2\/comments?post=6241"}],"wp:featuredmedia":[{"embeddable":true,"href":"https:\/\/purewools.com\/en\/wp-json\/wp\/v2\/media\/6242"}],"wp:attachment":[{"href":"https:\/\/purewools.com\/en\/wp-json\/wp\/v2\/media?parent=6241"}],"wp:term":[{"taxonomy":"product_brand","embeddable":true,"href":"https:\/\/purewools.com\/en\/wp-json\/wp\/v2\/product_brand?post=6241"},{"taxonomy":"product_cat","embeddable":true,"href":"https:\/\/purewools.com\/en\/wp-json\/wp\/v2\/product_cat?post=6241"},{"taxonomy":"product_tag","embeddable":true,"href":"https:\/\/purewools.com\/en\/wp-json\/wp\/v2\/product_tag?post=6241"}],"curies":[{"name":"wp","href":"https:\/\/api.w.org\/{rel}","templated":true}]}}