{"id":6237,"date":"2025-08-30T14:57:05","date_gmt":"2025-08-30T14:57:05","guid":{"rendered":"https:\/\/purewools.com\/?post_type=product&#038;p=6237"},"modified":"2025-08-30T14:59:47","modified_gmt":"2025-08-30T14:59:47","slug":"zaisline-kedute-vaikams-aviukas","status":"publish","type":"product","link":"https:\/\/purewools.com\/en\/product\/zaisline-kedute-vaikams-aviukas\/","title":{"rendered":"Toy chair for kids. LITTLE LAMB"},"content":{"rendered":"<p>Adorable, sturdy, and high-quality children\u2019s chair made of natural wood and fur.\nShaped like a little lamb, this chair will bring lots of joy to children, serving as both a comfortable seat and a charming decorative element in any kids\u2019 room.<\/p>\n<p>\u2013 Dimensions: height 45 cm, length 45 cm, width 24 cm<\/p>\n<p>\u2013 Recommended age: 1.5 to 5 years<\/p>\n<p>\u2013 Materials: Linden wood, natural fur.<\/p>\n<p>*Please note that the actual color of the product may slightly differ from what you see in the photos due to lighting conditions during photography and variations in computer monitor or mobile screen settings.<\/p>","protected":false},"excerpt":{"rendered":"<p>Miela, \u0161ilta, lietuvi\u0161ka &#8211; Tavo nam\u0173 jaukumui<\/p>","protected":false},"featured_media":6239,"comment_status":"open","ping_status":"closed","template":"","meta":[],"product_brand":[],"product_cat":[175,154],"product_tag":[],"class_list":{"0":"post-6237","1":"product","2":"type-product","3":"status-publish","4":"has-post-thumbnail","6":"product_cat-kedutes","7":"product_cat-ranku-darbo-zaislai","9":"first","10":"instock","11":"shipping-taxable","12":"purchasable","13":"product-type-simple"},"aioseo_notices":[],"_links":{"self":[{"href":"https:\/\/purewools.com\/en\/wp-json\/wp\/v2\/product\/6237","targetHints":{"allow":["GET"]}}],"collection":[{"href":"https:\/\/purewools.com\/en\/wp-json\/wp\/v2\/product"}],"about":[{"href":"https:\/\/purewools.com\/en\/wp-json\/wp\/v2\/types\/product"}],"replies":[{"embeddable":true,"href":"https:\/\/purewools.com\/en\/wp-json\/wp\/v2\/comments?post=6237"}],"wp:featuredmedia":[{"embeddable":true,"href":"https:\/\/purewools.com\/en\/wp-json\/wp\/v2\/media\/6239"}],"wp:attachment":[{"href":"https:\/\/purewools.com\/en\/wp-json\/wp\/v2\/media?parent=6237"}],"wp:term":[{"taxonomy":"product_brand","embeddable":true,"href":"https:\/\/purewools.com\/en\/wp-json\/wp\/v2\/product_brand?post=6237"},{"taxonomy":"product_cat","embeddable":true,"href":"https:\/\/purewools.com\/en\/wp-json\/wp\/v2\/product_cat?post=6237"},{"taxonomy":"product_tag","embeddable":true,"href":"https:\/\/purewools.com\/en\/wp-json\/wp\/v2\/product_tag?post=6237"}],"curies":[{"name":"wp","href":"https:\/\/api.w.org\/{rel}","templated":true}]}}