{"id":6230,"date":"2025-08-30T14:54:47","date_gmt":"2025-08-30T14:54:47","guid":{"rendered":"https:\/\/purewools.com\/?post_type=product&#038;p=6230"},"modified":"2025-09-13T19:43:42","modified_gmt":"2025-09-13T19:43:42","slug":"ranku-darbo-zaislas-margavyte-kopija","status":"publish","type":"product","link":"https:\/\/purewools.com\/en\/product\/ranku-darbo-zaislas-margavyte-kopija\/","title":{"rendered":"Handmade toy. LITTLE SHEEP"},"content":{"rendered":"<p>Handmade LITTLE SHEEP \u2013 a unique and cozy toy crafted from 100% natural wool.\nIts soft, gentle texture and carefully sewn details make it truly special. The Little Sheep wears a warm orange dress, a neatly tied scarf, and carries a charming handbag sewn in the colors of the Lithuanian flag \u2013 yellow, green, and red. More than just a sweet toy, it is also a symbolic gift, perfect as a souvenir to bring abroad.\nThe filling is also natural \u2013 stuffed with wool, making this toy exceptionally warm and cuddly.<\/p>\n<p>\u2013 Composition: 100% wool<\/p>\n<p>\u2013 Size: 37 \u00d7 23 cm<\/p>\n<p>\u2013 Made in Lithuania<\/p>\n<p>*Please note that the actual color of the product may slightly differ from what you see in the photos due to lighting conditions during photography and variations in computer monitor or mobile screen settings.<\/p>","protected":false},"excerpt":{"rendered":"<p>Miela, \u0161ilta, lietuvi\u0161ka &#8211; Tavo nam\u0173 jaukumui<\/p>","protected":false},"featured_media":6880,"comment_status":"open","ping_status":"closed","template":"","meta":[],"product_brand":[],"product_cat":[174,154],"product_tag":[],"class_list":{"0":"post-6230","1":"product","2":"type-product","3":"status-publish","4":"has-post-thumbnail","6":"product_cat-minksti-zaislai","7":"product_cat-ranku-darbo-zaislai","9":"first","10":"instock","11":"shipping-taxable","12":"purchasable","13":"product-type-simple"},"aioseo_notices":[],"_links":{"self":[{"href":"https:\/\/purewools.com\/en\/wp-json\/wp\/v2\/product\/6230","targetHints":{"allow":["GET"]}}],"collection":[{"href":"https:\/\/purewools.com\/en\/wp-json\/wp\/v2\/product"}],"about":[{"href":"https:\/\/purewools.com\/en\/wp-json\/wp\/v2\/types\/product"}],"replies":[{"embeddable":true,"href":"https:\/\/purewools.com\/en\/wp-json\/wp\/v2\/comments?post=6230"}],"wp:featuredmedia":[{"embeddable":true,"href":"https:\/\/purewools.com\/en\/wp-json\/wp\/v2\/media\/6880"}],"wp:attachment":[{"href":"https:\/\/purewools.com\/en\/wp-json\/wp\/v2\/media?parent=6230"}],"wp:term":[{"taxonomy":"product_brand","embeddable":true,"href":"https:\/\/purewools.com\/en\/wp-json\/wp\/v2\/product_brand?post=6230"},{"taxonomy":"product_cat","embeddable":true,"href":"https:\/\/purewools.com\/en\/wp-json\/wp\/v2\/product_cat?post=6230"},{"taxonomy":"product_tag","embeddable":true,"href":"https:\/\/purewools.com\/en\/wp-json\/wp\/v2\/product_tag?post=6230"}],"curies":[{"name":"wp","href":"https:\/\/api.w.org\/{rel}","templated":true}]}}