{"id":6210,"date":"2025-08-30T14:46:29","date_gmt":"2025-08-30T14:46:29","guid":{"rendered":"https:\/\/purewools.com\/?post_type=product&#038;p=6210"},"modified":"2025-09-14T20:11:09","modified_gmt":"2025-09-14T20:11:09","slug":"ranku-darbo-zaislas-margavyte","status":"publish","type":"product","link":"https:\/\/purewools.com\/en\/product\/ranku-darbo-zaislas-margavyte\/","title":{"rendered":"Handmade Toy. MARGAVYT\u0116"},"content":{"rendered":"<p>Handmade Wool Sheep \u2013 a high-quality, carefully crafted toy with Lithuanian details.\nThe sheep is dressed in an elegant striped suit, decorated with yellow wool accents \u2013 a scarf, little shoes, and a folk-style handbag with a button. Its expressive eyes and playful woolen hairstyle with a yellow ribbon add a special charm<\/p>\n<p>A perfect gift for both children and adults \u2013 cozy, sweet, and unique. This sheep can also serve as an original interior detail, bringing warmth and character to your home.<\/p>\n<p><em>\u2013 Composition: 100% wool<\/em><\/p>\n<p><em>\u2013 Size: 37 \u00d7 23 cm<\/em><\/p>\n<p><em>\u2013 Made in Lithuania<\/em><\/p>\n<p><em>*Please note that the actual color of the product may slightly differ from what you see in the photos due to lighting conditions during photography and variations in computer monitor or mobile screen settings.<\/em><\/p>","protected":false},"excerpt":{"rendered":"<p>Miela, \u0161ilta, lietuvi\u0161ka &#8211; Tavo nam\u0173 jaukumui<\/p>","protected":false},"featured_media":6923,"comment_status":"open","ping_status":"closed","template":"","meta":[],"product_brand":[],"product_cat":[174,154],"product_tag":[],"class_list":{"0":"post-6210","1":"product","2":"type-product","3":"status-publish","4":"has-post-thumbnail","6":"product_cat-minksti-zaislai","7":"product_cat-ranku-darbo-zaislai","9":"first","10":"instock","11":"shipping-taxable","12":"purchasable","13":"product-type-simple"},"aioseo_notices":[],"_links":{"self":[{"href":"https:\/\/purewools.com\/en\/wp-json\/wp\/v2\/product\/6210","targetHints":{"allow":["GET"]}}],"collection":[{"href":"https:\/\/purewools.com\/en\/wp-json\/wp\/v2\/product"}],"about":[{"href":"https:\/\/purewools.com\/en\/wp-json\/wp\/v2\/types\/product"}],"replies":[{"embeddable":true,"href":"https:\/\/purewools.com\/en\/wp-json\/wp\/v2\/comments?post=6210"}],"wp:featuredmedia":[{"embeddable":true,"href":"https:\/\/purewools.com\/en\/wp-json\/wp\/v2\/media\/6923"}],"wp:attachment":[{"href":"https:\/\/purewools.com\/en\/wp-json\/wp\/v2\/media?parent=6210"}],"wp:term":[{"taxonomy":"product_brand","embeddable":true,"href":"https:\/\/purewools.com\/en\/wp-json\/wp\/v2\/product_brand?post=6210"},{"taxonomy":"product_cat","embeddable":true,"href":"https:\/\/purewools.com\/en\/wp-json\/wp\/v2\/product_cat?post=6210"},{"taxonomy":"product_tag","embeddable":true,"href":"https:\/\/purewools.com\/en\/wp-json\/wp\/v2\/product_tag?post=6210"}],"curies":[{"name":"wp","href":"https:\/\/api.w.org\/{rel}","templated":true}]}}