{"id":5881,"date":"2025-08-21T12:21:49","date_gmt":"2025-08-21T12:21:49","guid":{"rendered":"https:\/\/purewools.com\/?page_id=5881"},"modified":"2025-08-27T07:16:09","modified_gmt":"2025-08-27T07:16:09","slug":"pristatymas","status":"publish","type":"page","link":"https:\/\/purewools.com\/en\/pristatymas\/","title":{"rendered":"PRISTATYMAS"},"content":{"rendered":"<div data-elementor-type=\"wp-page\" data-elementor-id=\"5881\" class=\"elementor elementor-5881\" data-elementor-post-type=\"page\">\n\t\t\t\t\t\t<section class=\"elementor-section elementor-top-section elementor-element elementor-element-d78f034 elementor-section-stretched elementor-section-boxed elementor-section-height-default elementor-section-height-default\" data-id=\"d78f034\" data-element_type=\"section\" data-settings=\"{&quot;stretch_section&quot;:&quot;section-stretched&quot;}\">\n\t\t\t\t\t\t<div class=\"elementor-container elementor-column-gap-default\">\n\t\t\t\t\t<div class=\"elementor-column elementor-col-100 elementor-top-column elementor-element elementor-element-ee665d7\" data-id=\"ee665d7\" data-element_type=\"column\">\n\t\t\t<div class=\"elementor-widget-wrap elementor-element-populated\">\n\t\t\t\t\t\t<div class=\"elementor-element elementor-element-7f38b47 elementor-widget__width-initial elementor-widget elementor-widget-text-editor\" data-id=\"7f38b47\" data-element_type=\"widget\" data-widget_type=\"text-editor.default\">\n\t\t\t\t\t\t\t\t\t<h1 dir=\"auto\">Shipping &amp; Delivery<\/h1>\t\t\t\t\t\t\t\t<\/div>\n\t\t\t\t\t<\/div>\n\t\t<\/div>\n\t\t\t\t\t<\/div>\n\t\t<\/section>\n\t\t<div class=\"elementor-element elementor-element-25d0354 e-flex e-con-boxed e-con e-parent\" data-id=\"25d0354\" data-element_type=\"container\">\n\t\t\t\t\t<div class=\"e-con-inner\">\n\t\t\t\t<div class=\"elementor-element elementor-element-71f0056 elementor-widget elementor-widget-text-editor\" data-id=\"71f0056\" data-element_type=\"widget\" data-widget_type=\"text-editor.default\">\n\t\t\t\t\t\t\t\t\t<p class=\"gmail-prastasis\"><b>Product Delivery<\/b><\/p><p class=\"gmail-prastasis translation-block\">All orders within Lithuania are delivered within 2\u20133 business days after payment is received.\nIf the item is not in stock at the moment, delivery may take up to 5 business days \u2013 in such cases, we will inform you in advance.<\/p><p class=\"gmail-prastasis\"><b>Delivery Methods in Lithuania<\/b><\/p><p class=\"gmail-prastasis translation-block\" style=\"margin-left: 36.0pt;\">\u2022\tLP EXPRESS parcel terminal \u2013 \u20ac3.00<\/p><p class=\"gmail-prastasis\" style=\"margin-left: 36.0pt;\"><span style=\"font-size: 10.0pt; font-family: Symbol;\">\u00b7<\/span><span style=\"font-size: 7.0pt; font-family: 'Times New Roman',serif;\">\u00a0\u00a0\u00a0\u00a0\u00a0\u00a0 <\/span>\u2022\tOmniva parcel terminal \u2013 \u20ac3.50<\/p><p class=\"gmail-prastasis\" style=\"margin-left: 36.0pt;\"><span style=\"font-size: 10.0pt; font-family: Symbol;\">\u00b7<\/span><span style=\"font-size: 7.0pt; font-family: 'Times New Roman',serif;\">\u00a0\u00a0\u00a0\u00a0\u00a0\u00a0 <\/span>\u2022\tDPD parcel terminal \u2013 \u20ac3.50<\/p><p class=\"gmail-prastasis\" style=\"margin-left: 36.0pt;\"><span style=\"font-size: 10.0pt; font-family: Symbol;\">\u00b7<\/span><span style=\"font-size: 7.0pt; font-family: 'Times New Roman',serif;\">\u00a0\u00a0\u00a0\u00a0\u00a0\u00a0 <\/span>\u2022\tDPD courier to your home \u2013 \u20ac5.00<\/p><p class=\"gmail-prastasis\"><b>Delivery Process<\/b><\/p><p class=\"gmail-prastasis\" style=\"margin-left: 36.0pt;\"><span style=\"font-size: 10.0pt; font-family: Symbol;\">\u00b7<\/span><span style=\"font-size: 7.0pt; font-family: 'Times New Roman',serif;\">\u00a0\u00a0\u00a0\u00a0\u00a0\u00a0 <\/span>\u2022\tAfter completing payment, you will receive an email confirming your order.<\/p><p class=\"gmail-prastasis\" style=\"margin-left: 36.0pt;\"><span style=\"font-size: 10.0pt; font-family: Symbol;\">\u00b7<\/span><span style=\"font-size: 7.0pt; font-family: 'Times New Roman',serif;\">\u00a0\u00a0\u00a0\u00a0\u00a0\u00a0 <\/span>\u2022\tWithin 1\u20133 business days, you will receive a message with the parcel code (LP EXPRESS, Omniva, or DPD).<\/p><p class=\"gmail-prastasis\" style=\"margin-left: 36.0pt;\"><span style=\"font-size: 10.0pt; font-family: Symbol;\">\u00b7<\/span><span style=\"font-size: 7.0pt; font-family: 'Times New Roman',serif;\">\u00a0\u00a0\u00a0\u00a0\u00a0\u00a0 <\/span>\u2022\tWithin 1\u20132 business days, the order will arrive at the chosen parcel terminal or will be delivered by courier to your home.<\/p><p class=\"gmail-prastasis\"><b>International Shipping<\/b><\/p><p class=\"gmail-prastasis\">We ship to all countries worldwide, except Russia.<\/p><p class=\"gmail-prastasis\" style=\"margin-left: 36.0pt;\"><span style=\"font-size: 10.0pt; font-family: Symbol;\">\u00b7<\/span><span style=\"font-size: 7.0pt; font-family: 'Times New Roman',serif;\">\u00a0\u00a0\u00a0\u00a0\u00a0\u00a0 <\/span>\u2022\tShipping rates and delivery times depend on the destination country and parcel weight.<\/p><p class=\"gmail-prastasis\" style=\"margin-left: 36.0pt;\"><span style=\"font-size: 10.0pt; font-family: Symbol;\">\u00b7<\/span><span style=\"font-size: 7.0pt; font-family: 'Times New Roman',serif;\">\u00a0\u00a0\u00a0\u00a0\u00a0\u00a0 <\/span>\u2022\tFor larger orders or a precise delivery quote, please contact us at:<\/p><p class=\"gmail-prastasis\" style=\"margin-left: 72.0pt;\"><span style=\"font-size: 10.0pt; font-family: 'Courier New';\">o<\/span><span style=\"font-size: 7.0pt; font-family: 'Times New Roman',serif;\">\u00a0\u00a0 <\/span><a href=\"mailto:info@purewools.com\">info@purewools.com<\/a><\/p><p class=\"gmail-prastasis\" style=\"margin-left: 72.0pt;\"><span style=\"font-size: 10.0pt; font-family: 'Courier New';\">o<\/span><span style=\"font-size: 7.0pt; font-family: 'Times New Roman',serif;\">\u00a0\u00a0 <\/span>+370 651 19 626<\/p><p class=\"gmail-prastasis\"><b>Additional Information<\/b><\/p><p class=\"gmail-prastasis\" style=\"margin-left: 36.0pt;\"><span style=\"font-size: 10.0pt; font-family: Symbol;\">\u00b7<\/span><span style=\"font-size: 7.0pt; font-family: 'Times New Roman',serif;\">\u00a0\u00a0\u00a0\u00a0\u00a0\u00a0 <\/span>\u2022\tIf delivery times change, we will notify you via email.<\/p><p class=\"gmail-prastasis\" style=\"margin-left: 36.0pt;\"><span style=\"font-size: 10.0pt; font-family: Symbol;\">\u00b7<\/span><span style=\"font-size: 7.0pt; font-family: 'Times New Roman',serif;\">\u00a0\u00a0\u00a0\u00a0\u00a0\u00a0 <\/span>\u2022\tEvery order is carefully packaged to ensure it reaches you safely and cozily.<\/p><p class=\"body-large\" dir=\"auto\">\u00a0<\/p>\t\t\t\t\t\t\t\t<\/div>\n\t\t\t\t\t<\/div>\n\t\t\t\t<\/div>\n\t\t\t\t<\/div>","protected":false},"excerpt":{"rendered":"<p>Pristatymas Preki\u0173 pristatymas Visas prekes Lietuvoje pristatome per 2\u20133 darbo dienas nuo apmok\u0117jimo gavimo.Jei tuo metu prek\u0117s neturime sand\u0117lyje, pristatymas gali u\u017etrukti iki 5 darbo dien\u0173 \u2013 apie tai informuosime i\u0161 anksto. Pristatymo b\u016bdai Lietuvoje \u00b7\u00a0\u00a0\u00a0\u00a0\u00a0\u00a0 LP EXPRESS pa\u0161tomatas \u2013 3,00 \u20ac \u00b7\u00a0\u00a0\u00a0\u00a0\u00a0\u00a0 Omniva pa\u0161tomatas \u2013 3,50 \u20ac \u00b7\u00a0\u00a0\u00a0\u00a0\u00a0\u00a0 DPD pa\u0161tomatas \u2013 3,50 \u20ac \u00b7\u00a0\u00a0\u00a0\u00a0\u00a0\u00a0 [&hellip;]<\/p>","protected":false},"author":1,"featured_media":0,"parent":0,"menu_order":0,"comment_status":"closed","ping_status":"closed","template":"","meta":{"footnotes":""},"class_list":["post-5881","page","type-page","status-publish","hentry"],"aioseo_notices":[],"_links":{"self":[{"href":"https:\/\/purewools.com\/en\/wp-json\/wp\/v2\/pages\/5881","targetHints":{"allow":["GET"]}}],"collection":[{"href":"https:\/\/purewools.com\/en\/wp-json\/wp\/v2\/pages"}],"about":[{"href":"https:\/\/purewools.com\/en\/wp-json\/wp\/v2\/types\/page"}],"author":[{"embeddable":true,"href":"https:\/\/purewools.com\/en\/wp-json\/wp\/v2\/users\/1"}],"replies":[{"embeddable":true,"href":"https:\/\/purewools.com\/en\/wp-json\/wp\/v2\/comments?post=5881"}],"version-history":[{"count":11,"href":"https:\/\/purewools.com\/en\/wp-json\/wp\/v2\/pages\/5881\/revisions"}],"predecessor-version":[{"id":6196,"href":"https:\/\/purewools.com\/en\/wp-json\/wp\/v2\/pages\/5881\/revisions\/6196"}],"wp:attachment":[{"href":"https:\/\/purewools.com\/en\/wp-json\/wp\/v2\/media?parent=5881"}],"curies":[{"name":"wp","href":"https:\/\/api.w.org\/{rel}","templated":true}]}}