{"id":5880,"date":"2025-08-21T12:22:54","date_gmt":"2025-08-21T12:22:54","guid":{"rendered":"https:\/\/purewools.com\/?page_id=5880"},"modified":"2025-08-26T17:49:27","modified_gmt":"2025-08-26T17:49:27","slug":"privatumo-politika","status":"publish","type":"page","link":"https:\/\/purewools.com\/en\/privatumo-politika\/","title":{"rendered":"PRIVATUMO POLITIKA"},"content":{"rendered":"<div data-elementor-type=\"wp-page\" data-elementor-id=\"5880\" class=\"elementor elementor-5880\" data-elementor-post-type=\"page\">\n\t\t\t\t\t\t<section class=\"elementor-section elementor-top-section elementor-element elementor-element-d78f034 elementor-section-stretched elementor-section-boxed elementor-section-height-default elementor-section-height-default\" data-id=\"d78f034\" data-element_type=\"section\" data-settings=\"{&quot;stretch_section&quot;:&quot;section-stretched&quot;}\">\n\t\t\t\t\t\t<div class=\"elementor-container elementor-column-gap-default\">\n\t\t\t\t\t<div class=\"elementor-column elementor-col-100 elementor-top-column elementor-element elementor-element-ee665d7\" data-id=\"ee665d7\" data-element_type=\"column\">\n\t\t\t<div class=\"elementor-widget-wrap elementor-element-populated\">\n\t\t\t\t\t\t<div class=\"elementor-element elementor-element-7f38b47 elementor-widget__width-initial elementor-widget elementor-widget-text-editor\" data-id=\"7f38b47\" data-element_type=\"widget\" data-widget_type=\"text-editor.default\">\n\t\t\t\t\t\t\t\t\t<p>Privacy Policy<\/p>\t\t\t\t\t\t\t\t<\/div>\n\t\t\t\t\t<\/div>\n\t\t<\/div>\n\t\t\t\t\t<\/div>\n\t\t<\/section>\n\t\t<div class=\"elementor-element elementor-element-25d0354 e-flex e-con-boxed e-con e-parent\" data-id=\"25d0354\" data-element_type=\"container\">\n\t\t\t\t\t<div class=\"e-con-inner\">\n\t\t\t\t<div class=\"elementor-element elementor-element-71f0056 elementor-widget elementor-widget-text-editor\" data-id=\"71f0056\" data-element_type=\"widget\" data-widget_type=\"text-editor.default\">\n\t\t\t\t\t\t\t\t\t<p class=\"translation-block\">On the purewools.com website, owned by Pure Wools, your personal data is collected and managed. This Privacy Policy explains how purewools.com uses your personal data and provides the reasons for collecting it. Therefore, before browsing the website, please read this document carefully. We guarantee the security and confidentiality of your personal information.<\/p><p><strong>Personal data we collect:<\/strong><\/p><p>When you browse purewools.com, we automatically collect certain information about your device \u2013 browser type, IP address, time zone, and cookies installed on your device. We also collect statistical data about your browsing activity: the pages you visit, the products you view, and other related information. This automatically collected information is referred to as \u201cDevice Information.\u201d Additionally, we may collect personal data you voluntarily provide (such as name, surname, address, payment information, etc.) when creating an account on our website.<\/p><p><strong>Why do we collect your data?<\/strong><\/p><p>Your data security is extremely important to us; therefore, we only collect and manage the minimum necessary personal information required for the smooth operation of the website. Automatically collected data is used for website analytics. We assure you that statistical information cannot be used to identify specific users. You may visit our website without providing any identifiable information. However, if you wish to use certain website features, subscribe to our newsletter, or fill in our contact form, you may need to provide personal data such as email address, name, surname, address, or phone number. You may choose not to provide this data, but in that case, you will not be able to access many of the site\u2019s functions. Visitors who are unsure about what information is necessary may contact us at info@purewools.com. <a href=\"mailto:info@purewools.com\">info@purewools.com<\/a>.<\/p><p><strong>Your rights:<\/strong><\/p><p>If you are a European resident, you have various rights regarding the protection of your personal data:\n\u2022\tThe right to be informed.\n\u2022\tThe right to access the information we process about you.\n\u2022\tThe right to correct inaccurate or incomplete data.\n\u2022\tThe right to have your data erased.\n\u2022\tThe right to restrict data processing.\n\u2022\tThe right to transfer your data to another controller.\n\u2022\tThe right to object to data processing.\n\u2022\tRights related to automated decision-making.\nIf you would like more information, please contact us using the details below. Please note that we process European residents\u2019 personal data in order to fulfill your orders or otherwise achieve the purposes outlined in this policy. Be aware that your data may be transferred outside Europe (for example, to Canada or the United States).<\/p><p><strong>Links to other websites:<\/strong><\/p><p>Our website may contain links to other websites not operated by us. Please note that we are not responsible for the personal data collection practices of other websites or third parties. Once you leave our site, we encourage you to read the privacy policies of any third-party websites you visit.<\/p><p><strong>Data protection:<\/strong><\/p><p>We use high-quality servers that can only be accessed by authorized personnel to protect your personal data. We regularly monitor our systems to identify potential vulnerabilities or cyberattacks that could compromise your data. However, we cannot guarantee absolute security of your personal information.<\/p><p><strong>Data disclosure:<\/strong><\/p><p>As required by law, we reserve the right to disclose your personal data if necessary to protect our rights, ensure the safety of ourselves or others, investigate a crime, or respond to a government request.<\/p><p><strong>Contact information:<\/strong><\/p><p>If you would like more information about this Privacy Policy or how your personal data is handled, please contact us at info@purewools.com. <a href=\"mailto:info@purewools.com\">info@purewools.com<\/a>.<\/p>\t\t\t\t\t\t\t\t<\/div>\n\t\t\t\t\t<\/div>\n\t\t\t\t<\/div>\n\t\t\t\t<\/div>","protected":false},"excerpt":{"rendered":"<p>Privatumo politika Pure wools \u012fmonei priklausan\u010dioje\u00a0purewools.com\u00a0svetain\u0117je yra renkami ir valdomi j\u016bs\u0173 asmeniniai duomenys. \u0160i Privatumo politika i\u0161ai\u0161kina, kaip purewools.com naudoja j\u016bs\u0173 asmeninius duomenis bei pateikia prie\u017eastis j\u016bs\u0173 asmenini\u0173 duomen\u0173 rinkimui. D\u0117l to, prie\u0161 nar\u0161ant svetain\u0117je, perskaitykite \u0161\u012f dokument\u0105. Mes u\u017etikriname j\u016bs\u0173 asmenini\u0173 duomen\u0173 saugum\u0105 ir konfidencialum\u0105. Asmeniniai duomenys, kuriuos renkame: Kuomet nar\u0161ote purewools.com, automati\u0161kai renkame [&hellip;]<\/p>","protected":false},"author":1,"featured_media":0,"parent":0,"menu_order":0,"comment_status":"closed","ping_status":"closed","template":"","meta":{"footnotes":""},"class_list":["post-5880","page","type-page","status-publish","hentry"],"aioseo_notices":[],"_links":{"self":[{"href":"https:\/\/purewools.com\/en\/wp-json\/wp\/v2\/pages\/5880","targetHints":{"allow":["GET"]}}],"collection":[{"href":"https:\/\/purewools.com\/en\/wp-json\/wp\/v2\/pages"}],"about":[{"href":"https:\/\/purewools.com\/en\/wp-json\/wp\/v2\/types\/page"}],"author":[{"embeddable":true,"href":"https:\/\/purewools.com\/en\/wp-json\/wp\/v2\/users\/1"}],"replies":[{"embeddable":true,"href":"https:\/\/purewools.com\/en\/wp-json\/wp\/v2\/comments?post=5880"}],"version-history":[{"count":7,"href":"https:\/\/purewools.com\/en\/wp-json\/wp\/v2\/pages\/5880\/revisions"}],"predecessor-version":[{"id":6181,"href":"https:\/\/purewools.com\/en\/wp-json\/wp\/v2\/pages\/5880\/revisions\/6181"}],"wp:attachment":[{"href":"https:\/\/purewools.com\/en\/wp-json\/wp\/v2\/media?parent=5880"}],"curies":[{"name":"wp","href":"https:\/\/api.w.org\/{rel}","templated":true}]}}