{"id":5863,"date":"2025-08-21T12:12:09","date_gmt":"2025-08-21T12:12:09","guid":{"rendered":"https:\/\/purewools.com\/?page_id=5863"},"modified":"2025-08-21T12:19:39","modified_gmt":"2025-08-21T12:19:39","slug":"vilnos-prieziura","status":"publish","type":"page","link":"https:\/\/purewools.com\/en\/vilnos-prieziura\/","title":{"rendered":"WOOL CARE"},"content":{"rendered":"<div data-elementor-type=\"wp-page\" data-elementor-id=\"5863\" class=\"elementor elementor-5863\" data-elementor-post-type=\"page\">\n\t\t\t\t\t\t<section class=\"elementor-section elementor-top-section elementor-element elementor-element-d78f034 elementor-section-stretched elementor-section-boxed elementor-section-height-default elementor-section-height-default\" data-id=\"d78f034\" data-element_type=\"section\" data-settings=\"{&quot;stretch_section&quot;:&quot;section-stretched&quot;}\">\n\t\t\t\t\t\t<div class=\"elementor-container elementor-column-gap-default\">\n\t\t\t\t\t<div class=\"elementor-column elementor-col-100 elementor-top-column elementor-element elementor-element-ee665d7\" data-id=\"ee665d7\" data-element_type=\"column\">\n\t\t\t<div class=\"elementor-widget-wrap elementor-element-populated\">\n\t\t\t\t\t\t<div class=\"elementor-element elementor-element-7f38b47 elementor-widget__width-initial elementor-widget elementor-widget-text-editor\" data-id=\"7f38b47\" data-element_type=\"widget\" data-widget_type=\"text-editor.default\">\n\t\t\t\t\t\t\t\t\t<p>Caring for wool<\/p>\t\t\t\t\t\t\t\t<\/div>\n\t\t\t\t\t<\/div>\n\t\t<\/div>\n\t\t\t\t\t<\/div>\n\t\t<\/section>\n\t\t<div class=\"elementor-element elementor-element-2519022 e-flex e-con-boxed e-con e-parent\" data-id=\"2519022\" data-element_type=\"container\">\n\t\t\t\t\t<div class=\"e-con-inner\">\n\t\t<div class=\"elementor-element elementor-element-6b1f181 e-con-full e-flex e-con e-child\" data-id=\"6b1f181\" data-element_type=\"container\">\n\t\t\t\t<div class=\"elementor-element elementor-element-afaa2a6 elementor-widget-mobile__width-initial elementor-widget elementor-widget-image\" data-id=\"afaa2a6\" data-element_type=\"widget\" data-widget_type=\"image.default\">\n\t\t\t\t\t\t\t\t\t\t\t\t\t\t\t<img fetchpriority=\"high\" decoding=\"async\" width=\"861\" height=\"574\" src=\"https:\/\/purewools.com\/wp-content\/uploads\/2025\/08\/photo-1634120455427-d4db69777fdc.avif\" class=\"attachment-large size-large wp-image-5866\" alt=\"Pure Wools \u2013 100% vilnos gaminiai\" srcset=\"https:\/\/purewools.com\/wp-content\/uploads\/2025\/08\/photo-1634120455427-d4db69777fdc.avif 861w, https:\/\/purewools.com\/wp-content\/uploads\/2025\/08\/photo-1634120455427-d4db69777fdc-300x200.avif 300w, https:\/\/purewools.com\/wp-content\/uploads\/2025\/08\/photo-1634120455427-d4db69777fdc-768x512.avif 768w, https:\/\/purewools.com\/wp-content\/uploads\/2025\/08\/photo-1634120455427-d4db69777fdc-840x560.avif 840w\" sizes=\"(max-width: 861px) 100vw, 861px\" \/>\t\t\t\t\t\t\t\t\t\t\t\t\t\t\t<\/div>\n\t\t\t\t<\/div>\n\t\t<div class=\"elementor-element elementor-element-5016e23 e-con-full e-flex e-con e-child\" data-id=\"5016e23\" data-element_type=\"container\">\n\t\t\t\t<div class=\"elementor-element elementor-element-33d3194 elementor-widget elementor-widget-image\" data-id=\"33d3194\" data-element_type=\"widget\" data-widget_type=\"image.default\">\n\t\t\t\t\t\t\t\t\t\t\t\t\t\t\t<img decoding=\"async\" width=\"861\" height=\"574\" src=\"https:\/\/purewools.com\/wp-content\/uploads\/2025\/08\/photo-1634120455427-d4db69777fdc.jpg\" class=\"attachment-large size-large wp-image-5867\" alt=\"Pure Wools \u2013 100% vilnos gaminiai\" srcset=\"https:\/\/purewools.com\/wp-content\/uploads\/2025\/08\/photo-1634120455427-d4db69777fdc.jpg 861w, https:\/\/purewools.com\/wp-content\/uploads\/2025\/08\/photo-1634120455427-d4db69777fdc-300x200.jpg 300w, https:\/\/purewools.com\/wp-content\/uploads\/2025\/08\/photo-1634120455427-d4db69777fdc-768x512.jpg 768w, https:\/\/purewools.com\/wp-content\/uploads\/2025\/08\/photo-1634120455427-d4db69777fdc-840x560.jpg 840w\" sizes=\"(max-width: 861px) 100vw, 861px\" \/>\t\t\t\t\t\t\t\t\t\t\t\t\t\t\t<\/div>\n\t\t\t\t<\/div>\n\t\t\t\t\t<\/div>\n\t\t\t\t<\/div>\n\t\t<div class=\"elementor-element elementor-element-25d0354 e-flex e-con-boxed e-con e-parent\" data-id=\"25d0354\" data-element_type=\"container\">\n\t\t\t\t\t<div class=\"e-con-inner\">\n\t\t\t\t<div class=\"elementor-element elementor-element-71f0056 elementor-widget elementor-widget-text-editor\" data-id=\"71f0056\" data-element_type=\"widget\" data-widget_type=\"text-editor.default\">\n\t\t\t\t\t\t\t\t\t<p class=\"body\" dir=\"auto\"><strong>Special characteristics of wool<\/strong><\/p><p class=\"body\" dir=\"auto\">The air permeability of wool products is as much as 86 percent. It allows to maintain a comfortable temperature while sleeping. Wool reacts to changes in human body temperature and retains heat as much as needed. Therefore, it helps to preserve comfort in both warm and cold weather.<\/p><p class=\"body\" dir=\"auto\">Woolen products are hygienic because of the antibacterial properties provided by lanolin. Which is a natural fatty substance secreted by sheep skin that helps protect from infection. Therefore, wool is perfect for people who have a tendency to allergic skin or respiratory diseases.<\/p><p class=\"body\" dir=\"auto\">Wool is sustainable, environmentally friendly. After serving, it can be returned to the soil, where it decomposes quickly and 100% naturally. It gives its useful substances to the earth.<\/p><p class=\"body\" dir=\"auto\"><strong>Care of Wool Products<\/strong><\/p><p class=\"body\" dir=\"auto\">Wool is distinguished by the fact that it naturally preserves cleanliness, does not absorb extraneous odors, controls moisture and is resistant to stains. These properties mean that the wool is easy to care for and does not require frequent washing.<\/p><p class=\"body\" dir=\"auto\">The wool product is usually enough to ventilate in the fresh air, protecting it from direct sunlight. When washing or cleaning wool products, it is important to use the most natural detergents for wool.<\/p><p class=\"body\" dir=\"auto\"><strong>Washing<\/strong><\/p><p class=\"body\" dir=\"auto\">Hand wash: Do this in water (up to 30C) and use only mild detergents for wool products (these are marked with the Woolmark mark). Rinse well and do not wring hard.<\/p><p class=\"body\" dir=\"auto\">Washing in the washing machine: if you choose this method, set the washing machine program with the wool label. If this is not indicated, then choose a gentle washing mode and a temperature no higher than 40 C. Woolen products can only be drilled in slow motion or with a specially designed program.<\/p><p class=\"body\" dir=\"auto\"><strong>Drying and Ironing<\/strong><\/p><p class=\"body\" dir=\"auto\">A natural drying method is the most suitable for wool. Direct sunlight should be avoided, as it negetevly affects the wool fiber. Woolen products can not be ironed.<\/p><p class=\"body\" dir=\"auto\"><strong>Holding<\/strong><\/p><p class=\"body\" dir=\"auto\">As the weather warms, woolen products become less useful, so it is important to protect them from moths at that time. To provide protection against pests, wool blankets or clothes should be washed and cleanly packed in airtight containers, boxes or bags. And add dried lavender flowers to the wool fabric. Lavender emits a pleasant smell and effectively repels moths. When properly cared for, wool products can last for decades.<\/p>\t\t\t\t\t\t\t\t<\/div>\n\t\t\t\t\t<\/div>\n\t\t\t\t<\/div>\n\t\t\t\t<\/div>","protected":false},"excerpt":{"rendered":"<p>Kaip pri\u017ei\u016br\u0117ti viln\u0105 Ypatingos vilnos savyb\u0117s Vilnos gamini\u0173 oro pralaidumas yra net 86 proc. \u2013 tai leid\u017eia palaikyti komforti\u0161k\u0105 temperat\u016br\u0105 miegant. Vilna reaguoja \u012f \u017emogaus k\u016bno temperat\u016bros pasikeitimus ir sulaiko \u0161ilumos tiek, kiek reikia, tod\u0117l padeda i\u0161saugoti komfort\u0105 esant tiek \u0161iltam, tiek \u0161altam orui. Vilnoniai gaminiai yra higieni\u0161ki, nes turi antibakterines savybes kurias suteikia lanolinas [&hellip;]<\/p>","protected":false},"author":1,"featured_media":0,"parent":0,"menu_order":0,"comment_status":"closed","ping_status":"closed","template":"","meta":{"footnotes":""},"class_list":["post-5863","page","type-page","status-publish","hentry"],"aioseo_notices":[],"_links":{"self":[{"href":"https:\/\/purewools.com\/en\/wp-json\/wp\/v2\/pages\/5863","targetHints":{"allow":["GET"]}}],"collection":[{"href":"https:\/\/purewools.com\/en\/wp-json\/wp\/v2\/pages"}],"about":[{"href":"https:\/\/purewools.com\/en\/wp-json\/wp\/v2\/types\/page"}],"author":[{"embeddable":true,"href":"https:\/\/purewools.com\/en\/wp-json\/wp\/v2\/users\/1"}],"replies":[{"embeddable":true,"href":"https:\/\/purewools.com\/en\/wp-json\/wp\/v2\/comments?post=5863"}],"version-history":[{"count":4,"href":"https:\/\/purewools.com\/en\/wp-json\/wp\/v2\/pages\/5863\/revisions"}],"predecessor-version":[{"id":5870,"href":"https:\/\/purewools.com\/en\/wp-json\/wp\/v2\/pages\/5863\/revisions\/5870"}],"wp:attachment":[{"href":"https:\/\/purewools.com\/en\/wp-json\/wp\/v2\/media?parent=5863"}],"curies":[{"name":"wp","href":"https:\/\/api.w.org\/{rel}","templated":true}]}}