{"id":5811,"date":"2021-01-17T05:07:26","date_gmt":"2021-01-17T05:07:26","guid":{"rendered":"https:\/\/purewools.com\/?page_id=11"},"modified":"2025-09-15T06:17:22","modified_gmt":"2025-09-15T06:17:22","slug":"wishlist","status":"publish","type":"page","link":"https:\/\/purewools.com\/en\/wishlist\/","title":{"rendered":"Nor\u0173 s\u0105ra\u0161as"},"content":{"rendered":"<div class=\"ts-wishlist-table-wrapper woocommerce empty-wishlist\">\n\t\t\t<div class=\"heading-row\">\n\t\t\t\t<span class=\"product-remove\"><\/span>\n\t\t\t\t<span class=\"product-thumbnail\"><\/span>\n\t\t\t\t<span class=\"product-name\">Product name<\/span>\n\t\t\t\t<span class=\"product-price\">Price<\/span>\n\t\t\t\t<span class=\"product-stock-status\">Stock status<\/span>\n\t\t\t\t\t\t\t\t<span class=\"product-add-to-cart\"><\/span>\n\t\t\t\t\t\t\t<\/div>\n\t\t\t<div class=\"items\">\n\t\t\t\t\t\t\t\t<div class=\"item\"><span>No products added to the wishlist<\/span><\/div>\n\t\t\t\t\t\t\t<\/div>\n\t\t<\/div>","protected":false},"excerpt":{"rendered":"","protected":false},"author":1,"featured_media":0,"parent":0,"menu_order":0,"comment_status":"closed","ping_status":"closed","template":"","meta":{"footnotes":""},"class_list":["post-5811","page","type-page","status-publish","hentry"],"aioseo_notices":[],"_links":{"self":[{"href":"https:\/\/purewools.com\/en\/wp-json\/wp\/v2\/pages\/5811","targetHints":{"allow":["GET"]}}],"collection":[{"href":"https:\/\/purewools.com\/en\/wp-json\/wp\/v2\/pages"}],"about":[{"href":"https:\/\/purewools.com\/en\/wp-json\/wp\/v2\/types\/page"}],"author":[{"embeddable":true,"href":"https:\/\/purewools.com\/en\/wp-json\/wp\/v2\/users\/1"}],"replies":[{"embeddable":true,"href":"https:\/\/purewools.com\/en\/wp-json\/wp\/v2\/comments?post=5811"}],"version-history":[{"count":1,"href":"https:\/\/purewools.com\/en\/wp-json\/wp\/v2\/pages\/5811\/revisions"}],"predecessor-version":[{"id":6929,"href":"https:\/\/purewools.com\/en\/wp-json\/wp\/v2\/pages\/5811\/revisions\/6929"}],"wp:attachment":[{"href":"https:\/\/purewools.com\/en\/wp-json\/wp\/v2\/media?parent=5811"}],"curies":[{"name":"wp","href":"https:\/\/api.w.org\/{rel}","templated":true}]}}