{"id":5093,"date":"2022-11-04T15:36:36","date_gmt":"2022-11-04T08:36:36","guid":{"rendered":"https:\/\/purewools.com\/?page_id=5093"},"modified":"2025-08-21T12:11:18","modified_gmt":"2025-08-21T12:11:18","slug":"apie-mus","status":"publish","type":"page","link":"https:\/\/purewools.com\/en\/apie-mus\/","title":{"rendered":"ABOUT US"},"content":{"rendered":"<div data-elementor-type=\"wp-page\" data-elementor-id=\"5093\" class=\"elementor elementor-5093\" data-elementor-post-type=\"page\">\n\t\t\t\t\t\t<section class=\"elementor-section elementor-top-section elementor-element elementor-element-d78f034 elementor-section-stretched elementor-section-boxed elementor-section-height-default elementor-section-height-default\" data-id=\"d78f034\" data-element_type=\"section\" data-settings=\"{&quot;stretch_section&quot;:&quot;section-stretched&quot;}\">\n\t\t\t\t\t\t<div class=\"elementor-container elementor-column-gap-default\">\n\t\t\t\t\t<div class=\"elementor-column elementor-col-100 elementor-top-column elementor-element elementor-element-ee665d7\" data-id=\"ee665d7\" data-element_type=\"column\">\n\t\t\t<div class=\"elementor-widget-wrap elementor-element-populated\">\n\t\t\t\t\t\t<div class=\"elementor-element elementor-element-7f38b47 elementor-widget__width-initial elementor-widget elementor-widget-text-editor\" data-id=\"7f38b47\" data-element_type=\"widget\" data-widget_type=\"text-editor.default\">\n\t\t\t\t\t\t\t\t\t<p>About Pure Wools<\/p>\t\t\t\t\t\t\t\t<\/div>\n\t\t\t\t\t<\/div>\n\t\t<\/div>\n\t\t\t\t\t<\/div>\n\t\t<\/section>\n\t\t\t\t<section class=\"elementor-section elementor-top-section elementor-element elementor-element-3759d1f elementor-section-content-middle elementor-section-boxed elementor-section-height-default elementor-section-height-default\" data-id=\"3759d1f\" data-element_type=\"section\">\n\t\t\t\t\t\t<div class=\"elementor-container elementor-column-gap-no\">\n\t\t\t\t\t<div class=\"elementor-column elementor-col-50 elementor-top-column elementor-element elementor-element-2e0f34c\" data-id=\"2e0f34c\" data-element_type=\"column\">\n\t\t\t<div class=\"elementor-widget-wrap elementor-element-populated\">\n\t\t\t\t\t\t<div class=\"elementor-element elementor-element-b3d4c0e elementor-widget elementor-widget-image\" data-id=\"b3d4c0e\" data-element_type=\"widget\" data-widget_type=\"image.default\">\n\t\t\t\t\t\t\t\t\t\t\t\t\t\t\t<img decoding=\"async\" src=\"https:\/\/purewools.com\/wp-content\/uploads\/2025\/08\/dscf2008-YbNDnVLG93TPVZyW.avif\" class=\"attachment-full size-full wp-image-5844\" alt=\"Pure Wools \u2013 100% vilnos gaminiai\" \/>\t\t\t\t\t\t\t\t\t\t\t\t\t\t\t<\/div>\n\t\t\t\t\t<\/div>\n\t\t<\/div>\n\t\t\t\t<div class=\"elementor-column elementor-col-50 elementor-top-column elementor-element elementor-element-773808e\" data-id=\"773808e\" data-element_type=\"column\">\n\t\t\t<div class=\"elementor-widget-wrap elementor-element-populated\">\n\t\t\t\t\t\t<div class=\"elementor-element elementor-element-9e17996 elementor-widget__width-initial elementor-widget elementor-widget-text-editor\" data-id=\"9e17996\" data-element_type=\"widget\" data-widget_type=\"text-editor.default\">\n\t\t\t\t\t\t\t\t\t<p class=\"body-large\" dir=\"auto\">Wool is one of the oldest gifts of nature to humankind. It warms, breathes, and adapts to the body \u2013 as if created for a calm everyday life. Our products reflect the same qualities \u2013 genuine, cozy, and natural.<\/p><p class=\"body-large\" dir=\"auto\">Pure Wools brings together carefully selected wool, linen, and wood creations, designed for those who value natural materials, craftsmanship, and quality. In our collection you will find blankets, scarves, sweaters, slippers, linen clothing, handmade toys, and accessories.<\/p><p class=\"body-large\" dir=\"auto\">Every piece is born from attentive work, experience, and a sincere respect for materials. For us, it is important that each item is something you want to cherish and use for years \u2013 valuable, reliable, and thoughtfully made.<\/p><p class=\"body-large\" dir=\"auto\">All of our products are unique in their authenticity and quality, appreciated by those who choose naturalness, durability, and genuine design solutions. Each carries the character of the material and a refined form.<\/p><p class=\"body-large\" dir=\"auto\">Our creations reflect the quiet beauty of the Baltic region \u2013 earth tones, clean lines, and natural textures. A style that blends peacefully into homes and everyday life.<\/p><p class=\"body-large\" dir=\"auto\">And our handmade toys bring even more joy, softness, and children\u2019s laughter into homes \u2013 true things create true memories.<\/p><p class=\"body-large\" dir=\"auto\">We ship orders across Lithuania and worldwide \u2013 to those who value items not only for their use, but for their presence.<\/p>\t\t\t\t\t\t\t\t<\/div>\n\t\t\t\t\t<\/div>\n\t\t<\/div>\n\t\t\t\t\t<\/div>\n\t\t<\/section>\n\t\t\t\t<section class=\"elementor-section elementor-top-section elementor-element elementor-element-499fd7f elementor-section-content-middle elementor-reverse-mobile elementor-section-boxed elementor-section-height-default elementor-section-height-default\" data-id=\"499fd7f\" data-element_type=\"section\">\n\t\t\t\t\t\t<div class=\"elementor-container elementor-column-gap-no\">\n\t\t\t\t\t<div class=\"elementor-column elementor-col-50 elementor-top-column elementor-element elementor-element-22d5047\" data-id=\"22d5047\" data-element_type=\"column\">\n\t\t\t<div class=\"elementor-widget-wrap elementor-element-populated\">\n\t\t\t\t\t\t<div class=\"elementor-element elementor-element-e835cd0 elementor-widget elementor-widget-heading\" data-id=\"e835cd0\" data-element_type=\"widget\" data-widget_type=\"heading.default\">\n\t\t\t\t\t<h4 class=\"elementor-heading-title elementor-size-default\">OUR VALUES<\/h4>\t\t\t\t<\/div>\n\t\t\t\t<div class=\"elementor-element elementor-element-f2ce7e3 elementor-position-left elementor-widget-mobile__width-initial elementor-view-default elementor-mobile-position-top elementor-widget elementor-widget-icon-box\" data-id=\"f2ce7e3\" data-element_type=\"widget\" data-widget_type=\"icon-box.default\">\n\t\t\t\t\t\t\t<div class=\"elementor-icon-box-wrapper\">\n\n\t\t\t\t\t\t<div class=\"elementor-icon-box-icon\">\n\t\t\t\t<span  class=\"elementor-icon\">\n\t\t\t\t<svg aria-hidden=\"true\" class=\"e-font-icon-svg e-fab-cotton-bureau\" viewbox=\"0 0 512 512\" xmlns=\"http:\/\/www.w3.org\/2000\/svg\"><path d=\"M474.31 330.41c-23.66 91.85-94.23 144.59-201.9 148.35V429.6c0-48 26.41-74.39 74.39-74.39 62 0 99.2-37.2 99.2-99.21 0-61.37-36.53-98.28-97.38-99.06-33-69.32-146.5-64.65-177.24 0C110.52 157.72 74 194.63 74 256c0 62.13 37.27 99.41 99.4 99.41 48 0 74.55 26.23 74.55 74.39V479c-134.43-5-211.1-85.07-211.1-223 0-141.82 81.35-223.2 223.2-223.2 114.77 0 189.84 53.2 214.69 148.81H500C473.88 71.51 388.22 8 259.82 8 105 8 12 101.19 12 255.82 12 411.14 105.19 504.34 259.82 504c128.27 0 213.87-63.81 239.67-173.59zM357 182.33c41.37 3.45 64.2 29 64.2 73.67 0 48-26.43 74.41-74.4 74.41-28.61 0-49.33-9.59-61.59-27.33 83.06-16.55 75.59-99.67 71.79-120.75zm-81.68 97.36c-2.46-10.34-16.33-87 56.23-97 2.27 10.09 16.52 87.11-56.26 97zM260 132c28.61 0 49 9.67 61.44 27.61-28.36 5.48-49.36 20.59-61.59 43.45-12.23-22.86-33.23-38-61.6-43.45 12.41-17.69 33.27-27.35 61.57-27.35zm-71.52 50.72c73.17 10.57 58.91 86.81 56.49 97-72.41-9.84-59-86.95-56.25-97zM173.2 330.41c-48 0-74.4-26.4-74.4-74.41 0-44.36 22.86-70 64.22-73.67-6.75 37.2-1.38 106.53 71.65 120.75-12.14 17.63-32.84 27.3-61.14 27.3zm53.21 12.39A80.8 80.8 0 0 0 260 309.25c7.77 14.49 19.33 25.54 33.82 33.55a80.28 80.28 0 0 0-33.58 33.83c-8-14.5-19.07-26.23-33.56-33.83z\"><\/path><\/svg>\t\t\t\t<\/span>\n\t\t\t<\/div>\n\t\t\t\n\t\t\t\t\t\t<div class=\"elementor-icon-box-content\">\n\n\t\t\t\t\t\t\t\t\t<h6 class=\"elementor-icon-box-title\">\n\t\t\t\t\t\t<span  >\n\t\t\t\t\t\t\tNatural materials\t\t\t\t\t\t<\/span>\n\t\t\t\t\t<\/h6>\n\t\t\t\t\n\t\t\t\t\t\t\t\t\t<p class=\"elementor-icon-box-description\">\n\t\t\t\t\t\tWool, linen, wood\t\t\t\t\t<\/p>\n\t\t\t\t\n\t\t\t<\/div>\n\t\t\t\n\t\t<\/div>\n\t\t\t\t\t\t<\/div>\n\t\t\t\t<div class=\"elementor-element elementor-element-85cbd78 elementor-position-left elementor-widget-mobile__width-initial elementor-view-default elementor-mobile-position-top elementor-widget elementor-widget-icon-box\" data-id=\"85cbd78\" data-element_type=\"widget\" data-widget_type=\"icon-box.default\">\n\t\t\t\t\t\t\t<div class=\"elementor-icon-box-wrapper\">\n\n\t\t\t\t\t\t<div class=\"elementor-icon-box-icon\">\n\t\t\t\t<span  class=\"elementor-icon\">\n\t\t\t\t<svg aria-hidden=\"true\" class=\"e-font-icon-svg e-fas-hand-holding-heart\" viewbox=\"0 0 576 512\" xmlns=\"http:\/\/www.w3.org\/2000\/svg\"><path d=\"M275.3 250.5c7 7.4 18.4 7.4 25.5 0l108.9-114.2c31.6-33.2 29.8-88.2-5.6-118.8-30.8-26.7-76.7-21.9-104.9 7.7L288 36.9l-11.1-11.6C248.7-4.4 202.8-9.2 172 17.5c-35.3 30.6-37.2 85.6-5.6 118.8l108.9 114.2zm290 77.6c-11.8-10.7-30.2-10-42.6 0L430.3 402c-11.3 9.1-25.4 14-40 14H272c-8.8 0-16-7.2-16-16s7.2-16 16-16h78.3c15.9 0 30.7-10.9 33.3-26.6 3.3-20-12.1-37.4-31.6-37.4H192c-27 0-53.1 9.3-74.1 26.3L71.4 384H16c-8.8 0-16 7.2-16 16v96c0 8.8 7.2 16 16 16h356.8c14.5 0 28.6-4.9 40-14L564 377c15.2-12.1 16.4-35.3 1.3-48.9z\"><\/path><\/svg>\t\t\t\t<\/span>\n\t\t\t<\/div>\n\t\t\t\n\t\t\t\t\t\t<div class=\"elementor-icon-box-content\">\n\n\t\t\t\t\t\t\t\t\t<h6 class=\"elementor-icon-box-title\">\n\t\t\t\t\t\t<span  >\n\t\t\t\t\t\t\tHandmade craftsmanship\t\t\t\t\t\t<\/span>\n\t\t\t\t\t<\/h6>\n\t\t\t\t\n\t\t\t\t\t\t\t\t\t<p class=\"elementor-icon-box-description\">\n\t\t\t\t\t\tEvery product carefully and thoughtfully created\t\t\t\t\t<\/p>\n\t\t\t\t\n\t\t\t<\/div>\n\t\t\t\n\t\t<\/div>\n\t\t\t\t\t\t<\/div>\n\t\t\t\t<div class=\"elementor-element elementor-element-ba8d123 elementor-position-left elementor-widget-mobile__width-initial elementor-view-default elementor-mobile-position-top elementor-widget elementor-widget-icon-box\" data-id=\"ba8d123\" data-element_type=\"widget\" data-widget_type=\"icon-box.default\">\n\t\t\t\t\t\t\t<div class=\"elementor-icon-box-wrapper\">\n\n\t\t\t\t\t\t<div class=\"elementor-icon-box-icon\">\n\t\t\t\t<span  class=\"elementor-icon\">\n\t\t\t\t<svg aria-hidden=\"true\" class=\"e-font-icon-svg e-fas-globe\" viewbox=\"0 0 496 512\" xmlns=\"http:\/\/www.w3.org\/2000\/svg\"><path d=\"M336.5 160C322 70.7 287.8 8 248 8s-74 62.7-88.5 152h177zM152 256c0 22.2 1.2 43.5 3.3 64h185.3c2.1-20.5 3.3-41.8 3.3-64s-1.2-43.5-3.3-64H155.3c-2.1 20.5-3.3 41.8-3.3 64zm324.7-96c-28.6-67.9-86.5-120.4-158-141.6 24.4 33.8 41.2 84.7 50 141.6h108zM177.2 18.4C105.8 39.6 47.8 92.1 19.3 160h108c8.7-56.9 25.5-107.8 49.9-141.6zM487.4 192H372.7c2.1 21 3.3 42.5 3.3 64s-1.2 43-3.3 64h114.6c5.5-20.5 8.6-41.8 8.6-64s-3.1-43.5-8.5-64zM120 256c0-21.5 1.2-43 3.3-64H8.6C3.2 212.5 0 233.8 0 256s3.2 43.5 8.6 64h114.6c-2-21-3.2-42.5-3.2-64zm39.5 96c14.5 89.3 48.7 152 88.5 152s74-62.7 88.5-152h-177zm159.3 141.6c71.4-21.2 129.4-73.7 158-141.6h-108c-8.8 56.9-25.6 107.8-50 141.6zM19.3 352c28.6 67.9 86.5 120.4 158 141.6-24.4-33.8-41.2-84.7-50-141.6h-108z\"><\/path><\/svg>\t\t\t\t<\/span>\n\t\t\t<\/div>\n\t\t\t\n\t\t\t\t\t\t<div class=\"elementor-icon-box-content\">\n\n\t\t\t\t\t\t\t\t\t<h6 class=\"elementor-icon-box-title\">\n\t\t\t\t\t\t<span  >\n\t\t\t\t\t\t\tBaltic aesthetics\t\t\t\t\t\t<\/span>\n\t\t\t\t\t<\/h6>\n\t\t\t\t\n\t\t\t\t\t\t\t\t\t<p class=\"elementor-icon-box-description\">\n\t\t\t\t\t\tNatural colors, clean lines, authentic textures\t\t\t\t\t<\/p>\n\t\t\t\t\n\t\t\t<\/div>\n\t\t\t\n\t\t<\/div>\n\t\t\t\t\t\t<\/div>\n\t\t\t\t<div class=\"elementor-element elementor-element-be3c25b elementor-position-left elementor-widget-mobile__width-initial elementor-view-default elementor-mobile-position-top elementor-widget elementor-widget-icon-box\" data-id=\"be3c25b\" data-element_type=\"widget\" data-widget_type=\"icon-box.default\">\n\t\t\t\t\t\t\t<div class=\"elementor-icon-box-wrapper\">\n\n\t\t\t\t\t\t<div class=\"elementor-icon-box-icon\">\n\t\t\t\t<span  class=\"elementor-icon\">\n\t\t\t\t<svg aria-hidden=\"true\" class=\"e-font-icon-svg e-fas-hourglass-start\" viewbox=\"0 0 384 512\" xmlns=\"http:\/\/www.w3.org\/2000\/svg\"><path d=\"M360 0H24C10.745 0 0 10.745 0 24v16c0 13.255 10.745 24 24 24 0 90.965 51.016 167.734 120.842 192C75.016 280.266 24 357.035 24 448c-13.255 0-24 10.745-24 24v16c0 13.255 10.745 24 24 24h336c13.255 0 24-10.745 24-24v-16c0-13.255-10.745-24-24-24 0-90.965-51.016-167.734-120.842-192C308.984 231.734 360 154.965 360 64c13.255 0 24-10.745 24-24V24c0-13.255-10.745-24-24-24zm-64 448H88c0-77.458 46.204-144 104-144 57.786 0 104 66.517 104 144z\"><\/path><\/svg>\t\t\t\t<\/span>\n\t\t\t<\/div>\n\t\t\t\n\t\t\t\t\t\t<div class=\"elementor-icon-box-content\">\n\n\t\t\t\t\t\t\t\t\t<h6 class=\"elementor-icon-box-title\">\n\t\t\t\t\t\t<span  >\n\t\t\t\t\t\t\tDurability and reliability\t\t\t\t\t\t<\/span>\n\t\t\t\t\t<\/h6>\n\t\t\t\t\n\t\t\t\t\t\t\t\t\t<p class=\"elementor-icon-box-description\">\n\t\t\t\t\t\tMade to last\t\t\t\t\t<\/p>\n\t\t\t\t\n\t\t\t<\/div>\n\t\t\t\n\t\t<\/div>\n\t\t\t\t\t\t<\/div>\n\t\t\t\t<div class=\"elementor-element elementor-element-d4cf1b5 elementor-position-left elementor-widget-mobile__width-initial elementor-view-default elementor-mobile-position-top elementor-widget elementor-widget-icon-box\" data-id=\"d4cf1b5\" data-element_type=\"widget\" data-widget_type=\"icon-box.default\">\n\t\t\t\t\t\t\t<div class=\"elementor-icon-box-wrapper\">\n\n\t\t\t\t\t\t<div class=\"elementor-icon-box-icon\">\n\t\t\t\t<span  class=\"elementor-icon\">\n\t\t\t\t<svg aria-hidden=\"true\" class=\"e-font-icon-svg e-fas-house-user\" viewbox=\"0 0 576 512\" xmlns=\"http:\/\/www.w3.org\/2000\/svg\"><path d=\"M570.69,236.27,512,184.44V48a16,16,0,0,0-16-16H432a16,16,0,0,0-16,16V99.67L314.78,10.3C308.5,4.61,296.53,0,288,0s-20.46,4.61-26.74,10.3l-256,226A18.27,18.27,0,0,0,0,248.2a18.64,18.64,0,0,0,4.09,10.71L25.5,282.7a21.14,21.14,0,0,0,12,5.3,21.67,21.67,0,0,0,10.69-4.11l15.9-14V480a32,32,0,0,0,32,32H480a32,32,0,0,0,32-32V269.88l15.91,14A21.94,21.94,0,0,0,538.63,288a20.89,20.89,0,0,0,11.87-5.31l21.41-23.81A21.64,21.64,0,0,0,576,248.19,21,21,0,0,0,570.69,236.27ZM288,176a64,64,0,1,1-64,64A64,64,0,0,1,288,176ZM400,448H176a16,16,0,0,1-16-16,96,96,0,0,1,96-96h64a96,96,0,0,1,96,96A16,16,0,0,1,400,448Z\"><\/path><\/svg>\t\t\t\t<\/span>\n\t\t\t<\/div>\n\t\t\t\n\t\t\t\t\t\t<div class=\"elementor-icon-box-content\">\n\n\t\t\t\t\t\t\t\t\t<h6 class=\"elementor-icon-box-title\">\n\t\t\t\t\t\t<span  >\n\t\t\t\t\t\t\tEveryday coziness\t\t\t\t\t\t<\/span>\n\t\t\t\t\t<\/h6>\n\t\t\t\t\n\t\t\t\t\t\t\t\t\t<p class=\"elementor-icon-box-description\">\n\t\t\t\t\t\tPieces that harmoniously blend into daily life\t\t\t\t\t<\/p>\n\t\t\t\t\n\t\t\t<\/div>\n\t\t\t\n\t\t<\/div>\n\t\t\t\t\t\t<\/div>\n\t\t\t\t<div class=\"elementor-element elementor-element-ea84710 elementor-position-left elementor-widget-mobile__width-initial elementor-view-default elementor-mobile-position-top elementor-widget elementor-widget-icon-box\" data-id=\"ea84710\" data-element_type=\"widget\" data-widget_type=\"icon-box.default\">\n\t\t\t\t\t\t\t<div class=\"elementor-icon-box-wrapper\">\n\n\t\t\t\t\t\t<div class=\"elementor-icon-box-icon\">\n\t\t\t\t<span  class=\"elementor-icon\">\n\t\t\t\t<svg aria-hidden=\"true\" class=\"e-font-icon-svg e-fas-baseball-ball\" viewbox=\"0 0 496 512\" xmlns=\"http:\/\/www.w3.org\/2000\/svg\"><path d=\"M368.5 363.9l28.8-13.9c11.1 22.9 26 43.2 44.1 60.9 34-42.5 54.5-96.3 54.5-154.9 0-58.5-20.4-112.2-54.2-154.6-17.8 17.3-32.6 37.1-43.6 59.5l-28.7-14.1c12.8-26 30-49 50.8-69C375.6 34.7 315 8 248 8 181.1 8 120.5 34.6 75.9 77.7c20.7 19.9 37.9 42.9 50.7 68.8l-28.7 14.1c-11-22.3-25.7-42.1-43.5-59.4C20.4 143.7 0 197.4 0 256c0 58.6 20.4 112.3 54.4 154.7 18.2-17.7 33.2-38 44.3-61l28.8 13.9c-12.9 26.7-30.3 50.3-51.5 70.7 44.5 43.1 105.1 69.7 172 69.7 66.8 0 127.3-26.5 171.9-69.5-21.1-20.4-38.5-43.9-51.4-70.6zm-228.3-32l-30.5-9.8c14.9-46.4 12.7-93.8-.6-134l30.4-10c15 45.6 18 99.9.7 153.8zm216.3-153.4l30.4 10c-13.2 40.1-15.5 87.5-.6 134l-30.5 9.8c-17.3-54-14.3-108.3.7-153.8z\"><\/path><\/svg>\t\t\t\t<\/span>\n\t\t\t<\/div>\n\t\t\t\n\t\t\t\t\t\t<div class=\"elementor-icon-box-content\">\n\n\t\t\t\t\t\t\t\t\t<h6 class=\"elementor-icon-box-title\">\n\t\t\t\t\t\t<span  >\n\t\t\t\t\t\t\tJoy for children\t\t\t\t\t\t<\/span>\n\t\t\t\t\t<\/h6>\n\t\t\t\t\n\t\t\t\t\t\t\t\t\t<p class=\"elementor-icon-box-description\">\n\t\t\t\t\t\tHandmade toys that create lasting memories\t\t\t\t\t<\/p>\n\t\t\t\t\n\t\t\t<\/div>\n\t\t\t\n\t\t<\/div>\n\t\t\t\t\t\t<\/div>\n\t\t\t\t\t<\/div>\n\t\t<\/div>\n\t\t\t\t<div class=\"elementor-column elementor-col-50 elementor-top-column elementor-element elementor-element-fa6d967\" data-id=\"fa6d967\" data-element_type=\"column\">\n\t\t\t<div class=\"elementor-widget-wrap elementor-element-populated\">\n\t\t\t\t\t\t<div class=\"elementor-element elementor-element-867b7ba elementor-widget elementor-widget-image\" data-id=\"867b7ba\" data-element_type=\"widget\" data-widget_type=\"image.default\">\n\t\t\t\t\t\t\t\t\t\t\t\t\t\t\t<img decoding=\"async\" src=\"https:\/\/purewools.com\/wp-content\/uploads\/2025\/08\/dscf2291-A0x4epZNp4H1DPP1.avif\" class=\"attachment-full size-full wp-image-5846\" alt=\"Pure Wools \u2013 100% vilnos gaminiai\" \/>\t\t\t\t\t\t\t\t\t\t\t\t\t\t\t<\/div>\n\t\t\t\t\t<\/div>\n\t\t<\/div>\n\t\t\t\t\t<\/div>\n\t\t<\/section>\n\t\t\t\t<\/div>","protected":false},"excerpt":{"rendered":"<p>Apie Pure wools Vilna \u2013 viena seniausi\u0173 gamtos dovan\u0173 \u017emogui. Ji \u0161ildo, kv\u0117puoja, prisitaiko prie k\u016bno, tarsi b\u016bt\u0173 sukurta ramiai kasdienybei. Tokie ir m\u016bs\u0173 gaminiai \u2013 tikri, jauk\u016bs, nat\u016bral\u016bs. \u201ePure Wools\u201c \u2013 tai atrinkti vilnos, lino ir med\u017eio gaminiai, skirti tiems, kurie vertina nat\u016bralias med\u017eiagas, meistryst\u0119 ir kokyb\u0119. M\u016bs\u0173 kolekcijoje \u2013 pledai, \u0161alikai, megztiniai, \u0161lepet\u0117s, [&hellip;]<\/p>","protected":false},"author":1,"featured_media":0,"parent":0,"menu_order":0,"comment_status":"closed","ping_status":"closed","template":"","meta":{"footnotes":""},"class_list":["post-5093","page","type-page","status-publish","hentry"],"aioseo_notices":[],"_links":{"self":[{"href":"https:\/\/purewools.com\/en\/wp-json\/wp\/v2\/pages\/5093","targetHints":{"allow":["GET"]}}],"collection":[{"href":"https:\/\/purewools.com\/en\/wp-json\/wp\/v2\/pages"}],"about":[{"href":"https:\/\/purewools.com\/en\/wp-json\/wp\/v2\/types\/page"}],"author":[{"embeddable":true,"href":"https:\/\/purewools.com\/en\/wp-json\/wp\/v2\/users\/1"}],"replies":[{"embeddable":true,"href":"https:\/\/purewools.com\/en\/wp-json\/wp\/v2\/comments?post=5093"}],"version-history":[{"count":17,"href":"https:\/\/purewools.com\/en\/wp-json\/wp\/v2\/pages\/5093\/revisions"}],"predecessor-version":[{"id":5862,"href":"https:\/\/purewools.com\/en\/wp-json\/wp\/v2\/pages\/5093\/revisions\/5862"}],"wp:attachment":[{"href":"https:\/\/purewools.com\/en\/wp-json\/wp\/v2\/media?parent=5093"}],"curies":[{"name":"wp","href":"https:\/\/api.w.org\/{rel}","templated":true}]}}